{"id":10373,"date":"2023-04-26T15:07:51","date_gmt":"2023-04-26T15:07:51","guid":{"rendered":"https:\/\/www.saiebari.it\/?page_id=10373"},"modified":"2023-06-15T14:23:40","modified_gmt":"2023-06-15T14:23:40","slug":"rigenerazione-urbana-napoli","status":"publish","type":"page","link":"https:\/\/www.saiebari.it\/it\/lab\/rigenerazione-urbana-napoli\/","title":{"rendered":"Rigenerazione urbana e comfort abitativo &#8211; Napoli"},"content":{"rendered":"[vc_row equal_height=&#8221;yes&#8221;][vc_column css=&#8221;.vc_custom_1682608093978{background-image: url(\/public\/uploads\/sites\/13\/Header_RU_Napoli.png?id=10413) !important;background-position: center !important;background-repeat: no-repeat !important;background-size: cover !important;}&#8221;][vc_empty_space height=&#8221;64px&#8221;][vc_column_text]\n<h1 style=\"text-align: center\"><span style=\"color: #ffffff\">SAIE LAB &#8211; Rigenerazione urbana e comfort abitativo<\/span><\/h1>\n<p class=\"subtitle text-black\" style=\"text-align: center;color: #000\"><span style=\"color: #ffffff\"><img decoding=\"async\" loading=\"lazy\" class=\"alignnone wp-image-9203\" src=\"\/public\/uploads\/sites\/13\/Location_black-1.png\" alt=\"\" width=\"40\" height=\"40\" \/>Napoli \u2013 Complesso Monumentale Donnaregina &#8211; Museo Diocesano<\/span><br \/>\n<span style=\"color: #ffffff\"><img decoding=\"async\" loading=\"lazy\" class=\"alignnone size-full wp-image-9213\" src=\"\/public\/uploads\/sites\/13\/Calendar_1.png\" alt=\"\" width=\"40\" height=\"40\" \/> 8 Giugno 2023 \u2013 ore 10.00<br \/>\n<\/span><\/p>\n[\/vc_column_text][vc_empty_space height=&#8221;64px&#8221;][\/vc_column][\/vc_row][vc_row equal_height=&#8221;yes&#8221;][vc_column][vc_row_inner equal_height=&#8221;yes&#8221; content_placement=&#8221;middle&#8221;][vc_column_inner el_class=&#8221;py-lg-2 px-lg-5 text-left&#8221; width=&#8221;2\/3&#8243;][vc_column_text el_class=&#8221;my-1&#8243;]\n<h4 style=\"text-align: left\">Ad ospitare la quarta tappa dei SAIE LAB \u00e8 stata la citt\u00e0 di Napoli, con un focus dedicato al tema della rigenerazione urbana e del comfort abitativo.<\/h4>\n<p>SAIE LAB Napoli ha offerto numerose testimonianze di <strong>aziende, professionisti e istituzioni<\/strong> che hanno raccontato la propria esperienza e si sono confrontati sull\u2019importanza del \u201csaper fare\u201d attraverso interventi tecnici, sull\u2019esigenza di un nuovo modo di intendere e concepire l\u2019area urbana: la necessit\u00e0 di rendere pi\u00f9 abitabili le citt\u00e0, soprattutto le periferie, ammodernando luoghi aperti pubblici, scuole, edifici collettivi e privati, edifici commerciali e infrastrutture.<\/p>\n<p>Sono stati presentati <strong>progetti di recupero<\/strong> che hanno permesso evidenti miglioramenti nella qualit\u00e0 della vita e nella sfera sociale, economica e ambientale del territorio.<\/p>\n<p>Sono stati inoltre forniti spunti utili a <strong>imprese, progettisti, geometri, ingegneri e architetti<\/strong> per pianificare e realizzare interventi di rigenerazione urbana.<\/p>\n<p>I vantaggi di partecipare a SAIE LAB:<\/p>\n<p>\u2022 conoscere <strong>progetti di recupero utili<\/strong> per pianificare e realizzare interventi di rigenerazione urbana<br \/>\n\u2022 approfondire <strong>strategie, idee e strumenti<\/strong> che contribuiscono all\u2019evoluzione delle citt\u00e0<br \/>\n\u2022 confrontarsi su t<strong>ecnologie, sistemi costruttivi e prodotti<\/strong> che accelerano e semplificano il processo di rigenerazione urbana<br \/>\n\u2022 aggiornarsi su <strong>soluzioni innovative realmente applicabili<\/strong> negli interventi di recupero[\/vc_column_text][vc_column_text]<a class=\"btn btn-lg\" href=\"#programma\">Anteprima Programma<\/a>[\/vc_column_text][vc_separator color=&#8221;orange&#8221;][vc_column_text]<a class=\"btn btn-lg btn-primary\" href=\"https:\/\/www.saiebari.it\/it\/comunicati-stampa\/napoli-saie-lab-rigenerazione-urbana\/\">Leggi il comunicato stampa<\/a>\u00a0 <a class=\"btn btn-lg btn-primary\" href=\"\/public\/uploads\/sites\/13\/SENAF_12040259_.pdf\" target=\"_blank\" rel=\"noopener\">Guarda la rassegna stampa<\/a>[\/vc_column_text][vc_separator color=&#8221;orange&#8221;][vc_message message_box_color=&#8221;warning&#8221;]\n<h6><span style=\"color: #8a6d3b\"><strong>L&#8217;evento si \u00e8 svolto in presenza con ingresso gratuito, previo accredito e fino a riempimento sala.<br \/>\n<\/strong><\/span><span style=\"color: #8a6d3b\"><strong>Sono stati riconosciuti 3 CFP dall\u2019Ordine degli Ingegneri di Napoli e 3 CFP agli\u00a0 Architetti partecipanti<\/strong><\/span><\/h6>\n[\/vc_message][\/vc_column_inner][vc_column_inner el_class=&#8221;py-lg-2 px-lg-5 bg-darker&#8221; width=&#8221;1\/3&#8243;][vc_column_text]\n<h5 style=\"text-align: left\">Al via gli appuntamenti di SAIE LAB \u2013 Laboratori itineranti del saper fare, un ciclo di incontri tecnici che attraverseranno il territorio italiano fino alla prossima edizione di <strong>SAIE Bari \u2013 19\/21 ottobre 2023.<\/strong><\/h5>\n[\/vc_column_text][vc_separator color=&#8221;white&#8221;][vc_wp_custommenu nav_menu=&#8221;173&#8243;][vc_empty_space height=&#8221;60px&#8221;][\/vc_column_inner][\/vc_row_inner][\/vc_column][\/vc_row][vc_row][vc_column][vc_empty_space height=&#8221;60px&#8221;][vc_row_inner][vc_column_inner][vc_text_separator title=&#8221;In collaborazione con&#8221;][\/vc_column_inner][\/vc_row_inner][vc_row_inner][vc_column_inner width=&#8221;1\/5&#8243;][\/vc_column_inner][vc_column_inner width=&#8221;1\/5&#8243;][\/vc_column_inner][vc_column_inner width=&#8221;1\/5&#8243;][vc_single_image image=&#8221;10380&#8243; img_size=&#8221;&#8221; alignment=&#8221;center&#8221;][\/vc_column_inner][vc_column_inner width=&#8221;1\/5&#8243;][\/vc_column_inner][vc_column_inner width=&#8221;1\/5&#8243;][\/vc_column_inner][\/vc_row_inner][vc_empty_space height=&#8221;60px&#8221;][vc_row_inner][vc_column_inner][vc_text_separator title=&#8221;Con il patrocinio di&#8221;][\/vc_column_inner][\/vc_row_inner][vc_row_inner][vc_column_inner width=&#8221;1\/5&#8243;][vc_single_image image=&#8221;10918&#8243; img_size=&#8221;&#8221; alignment=&#8221;center&#8221;][\/vc_column_inner][vc_column_inner width=&#8221;1\/5&#8243;][vc_single_image image=&#8221;11018&#8243; img_size=&#8221;&#8221; alignment=&#8221;center&#8221;][\/vc_column_inner][vc_column_inner width=&#8221;1\/5&#8243;][vc_single_image image=&#8221;10584&#8243; img_size=&#8221;&#8221; alignment=&#8221;center&#8221;][\/vc_column_inner][vc_column_inner width=&#8221;1\/5&#8243;][vc_single_image image=&#8221;10623&#8243; img_size=&#8221;&#8221; alignment=&#8221;center&#8221;][\/vc_column_inner][vc_column_inner width=&#8221;1\/5&#8243;][vc_single_image image=&#8221;10014&#8243; img_size=&#8221;&#8221; alignment=&#8221;center&#8221;][\/vc_column_inner][\/vc_row_inner][vc_row_inner][vc_column_inner width=&#8221;1\/4&#8243;][vc_single_image image=&#8221;10921&#8243; img_size=&#8221;&#8221; alignment=&#8221;center&#8221;][\/vc_column_inner][vc_column_inner width=&#8221;1\/4&#8243;][vc_single_image image=&#8221;10670&#8243; img_size=&#8221;&#8221; alignment=&#8221;center&#8221;][\/vc_column_inner][vc_column_inner width=&#8221;1\/4&#8243;][vc_single_image image=&#8221;10655&#8243; img_size=&#8221;&#8221; alignment=&#8221;center&#8221;][\/vc_column_inner][vc_column_inner width=&#8221;1\/4&#8243;][vc_single_image image=&#8221;11015&#8243; img_size=&#8221;&#8221; alignment=&#8221;center&#8221;][\/vc_column_inner][\/vc_row_inner][vc_row_inner][vc_column_inner][vc_empty_space height=&#8221;60px&#8221;][\/vc_column_inner][\/vc_row_inner][vc_row_inner][vc_column_inner][vc_text_separator title=&#8221;Main Sponsor&#8221;][\/vc_column_inner][\/vc_row_inner][vc_row_inner][vc_column_inner width=&#8221;1\/4&#8243;][\/vc_column_inner][vc_column_inner width=&#8221;1\/4&#8243;][vc_single_image image=&#8221;11045&#8243; img_size=&#8221;&#8221; alignment=&#8221;center&#8221;][\/vc_column_inner][vc_column_inner width=&#8221;1\/4&#8243;][vc_single_image image=&#8221;10382&#8243; img_size=&#8221;&#8221; alignment=&#8221;center&#8221;][\/vc_column_inner][vc_column_inner width=&#8221;1\/4&#8243;][\/vc_column_inner][\/vc_row_inner][vc_row_inner][vc_column_inner][vc_empty_space height=&#8221;60px&#8221;][vc_text_separator title=&#8221;Event Sponsor&#8221;][\/vc_column_inner][\/vc_row_inner][vc_row_inner][vc_column_inner width=&#8221;1\/3&#8243;][\/vc_column_inner][vc_column_inner width=&#8221;1\/3&#8243;][vc_single_image image=&#8221;10620&#8243; img_size=&#8221;&#8221; alignment=&#8221;center&#8221;][\/vc_column_inner][vc_column_inner width=&#8221;1\/3&#8243;][\/vc_column_inner][\/vc_row_inner][\/vc_column][\/vc_row][vc_row][vc_column][vc_masonry_media_grid style=&#8221;lazy&#8221; items_per_page=&#8221;5&#8243; element_width=&#8221;3&#8243; gap=&#8221;3&#8243; item=&#8221;masonryMedia_BorderedScale&#8221; grid_id=&#8221;vc_gid:1686838765430-0ae23ee6-5826-0&#8243; include=&#8221;11123,11274,11276,11278&#8243;][\/vc_column][\/vc_row][vc_row equal_height=&#8221;yes&#8221; el_id=&#8221;programma&#8221;][vc_column][vc_row_inner equal_height=&#8221;yes&#8221; content_placement=&#8221;top&#8221;][vc_column_inner el_class=&#8221;py-lg-2 px-lg-5 bg-gray&#8221; width=&#8221;2\/3&#8243;][vc_column_text]\n<h3 style=\"text-align: left\">Programma SAIE LAB &#8211; Rigenerazione urbana e comfort abitativo<\/h3>\n<p><strong>Napoli, Complesso Monumentale Donnaregina &#8211; Museo Diocesano<\/strong>[\/vc_column_text][vc_column_text]<span style=\"font-size: 14px\">10:00<\/span><\/p>\n<h6><em><strong>Registrazione partecipanti<\/strong><\/em><\/h6>\n[\/vc_column_text][vc_separator color=&#8221;white&#8221;][vc_column_text]<span style=\"font-size: 14px\">10:30<\/span><\/p>\n<h6><em><strong>Saluti istituzionali<\/strong><\/em><\/h6>\n<h6><em>Modera: Paola Cacace, Giornalista<\/em><\/h6>\n<h6><strong>Edoardo Cosenza<\/strong>, Assessore ai Trasporti Comune di Napoli<br \/>\n<strong>Luigi Della Gatta<\/strong>, Presidente ANCE Campania<br \/>\n<strong>Angelo Lancellotti,<\/strong> Presidente ANCE Napoli<br \/>\n<strong>Gennaro Annunziata,<\/strong> Presidente Ordine Ingegneri Napoli<br \/>\n<strong>Lorenzo Capobianco<\/strong>, Presidente Ordine Architetti P.P.C. Napoli e Provincia<br \/>\n<strong>Paolo Genovesi,<\/strong> Amministratore CIFI<br \/>\n<strong>Giovanni Kisslinger, <\/strong>Vice presidente Oice e Presidente della Consulta interregionale OICE<br \/>\n<strong>Tommaso Sironi<\/strong>, Project Manager SAIE<\/h6>\n[\/vc_column_text][vc_separator color=&#8221;white&#8221;][vc_column_text]<span style=\"font-size: 14px\">11:00 &#8211; 11:15<\/span><\/p>\n<h6><em><strong>Presentazione Dati Osservatorio SAIE relativi al territorio<\/strong><\/em><\/h6>\n<h6>A cura di GRS Research &amp; Strategy<\/h6>\n[\/vc_column_text][vc_separator color=&#8221;white&#8221;][vc_column_text]<span style=\"font-size: 14px\">11:15 \u2013 12:45<\/span><\/p>\n<h6><em><strong>Rigenerazione Urbana e comfort abitativo: interventi tecnici e case history<\/strong><\/em><\/h6>\n<h6><em><strong>Tavola Rotonda tecnica\u00a0<\/strong><\/em><\/h6>\n<p>Modera: Ettore Nardi, Consigliere Segretario Fondazione Ordine Ingegneri Napoli<\/p>\n<p><em><strong>Durabilit\u00e0 e manutenzione: paradigmi del futuro o del passato<br \/>\n<\/strong><\/em>Maurizio Nicolella, Universit\u00e0 degli Studi di Napoli Federico II<\/p>\n<p><strong><em>Rigenerazione urbana orientamenti e principi<br \/>\n<\/em><\/strong>Aniello Tirelli, Consigliere Ordine degli Architetti di Napoli<\/p>\n<p><em><strong>Construction Management: i giovani incontrano il futuro<br \/>\n<\/strong><\/em>Gianluca Dell\u2019Acqua, Universit\u00e0 Federico II di Napoli<\/p>\n<p><strong><em>Rigenerazione urbana e edilizia residenziale pubblica: un connubio necessario<\/em><br \/>\n<\/strong>Luca Rollino, CEO C2R Energy Consulting Srl &#8211; Consulente FEDERCASA<\/p>\n<p><strong><em>Il nuovo parcheggio hub multimodale Napoli Centrale Parkin\u2019 Station<\/em><br \/>\n<\/strong>Valter Capone, Grandi Stazioni &#8211; Gruppo Ferrovie dello Stato Italiane<\/p>\n<h6><\/h6>\n[\/vc_column_text][vc_separator color=&#8221;white&#8221;][vc_column_text]<span style=\"font-size: 14px\">12:45 \u2013 13:30<\/span><\/p>\n<h6><em><strong>Tavola rotonda aziende sponsor<\/strong><\/em><\/h6>\n<p><em>Panel Talk con il coinvolgimento delle aziende sponsor<br \/>\n<\/em>Antonio Lombardi, Bono Ingegneria<br \/>\nAntonio Iannuzzi, Analist Group<br \/>\nCristian Cafaro ,Airzone<\/p>\n<p><em>Modera: Paola Cacace, Giornalista<\/em>[\/vc_column_text][vc_separator color=&#8221;white&#8221;][vc_column_text]<span style=\"font-size: 14px\">13:30 &#8211; 13:35<\/span><\/p>\n<h6><em><strong>Conclusioni di Paola Marone, Presidente Federcostruzioni <\/strong><\/em><\/h6>\n[\/vc_column_text][vc_separator color=&#8221;white&#8221;][vc_column_text]<span style=\"font-size: 14px\">13:35<\/span><\/p>\n<h6><em><strong>Aperitivo di networking<\/strong><\/em><\/h6>\n[\/vc_column_text][vc_separator color=&#8221;orange&#8221;][vc_column_text]<a class=\"btn btn-lg btn-primary\" href=\"https:\/\/www.saiebari.it\/it\/comunicati-stampa\/napoli-saie-lab-rigenerazione-urbana\/\">Leggi il comunicato stampa<\/a>\u00a0 <a class=\"btn btn-lg btn-primary\" href=\"\/public\/uploads\/sites\/13\/SENAF_12040259_.pdf\" target=\"_blank\" rel=\"noopener\">Guarda la rassegna stampa<\/a>[\/vc_column_text][vc_separator color=&#8221;orange&#8221;][vc_message message_box_color=&#8221;warning&#8221;]\n<h6><span style=\"color: #8a6d3b\"><strong>L&#8217;evento si \u00e8 svolto in presenza con ingresso gratuito, previo accredito e fino a riempimento sala.<br \/>\n<\/strong><\/span><span style=\"color: #8a6d3b\"><strong>Sono stati riconosciuti 3 CFP dall\u2019Ordine degli Ingegneri di Napoli e 3 CFP agli\u00a0 Architetti partecipanti<\/strong><\/span><\/h6>\n[\/vc_message][\/vc_column_inner][vc_column_inner el_class=&#8221;col-img&#8221; width=&#8221;1\/3&#8243; css=&#8221;.vc_custom_1682607338756{background-image: url(\/public\/uploads\/sites\/13\/MicrosoftTeams-image-9-scaled.jpg?id=10410) !important;background-position: center !important;background-repeat: no-repeat !important;background-size: cover !important;}&#8221;][\/vc_column_inner][\/vc_row_inner][\/vc_column][\/vc_row][vc_row][vc_column][vc_empty_space][\/vc_column][\/vc_row][vc_row el_id=&#8221;raggiungere&#8221;][vc_column][vc_separator color=&#8221;orange&#8221;][vc_column_text]\n<h4 style=\"text-align: center\"><span style=\"color: #ff9900\"><strong>COME RAGGIUNGERE LA LOCATION<\/strong><\/span><\/h4>\n<p style=\"text-align: center\"><strong>Complesso Monumentale Donnaregina &#8211; Museo Diocesano<br \/>\nLargo Donnaregina, 80138 Napoli<br \/>\nIngresso SAIE LAB: Vico Donnaregina<\/strong><\/p>\n[\/vc_column_text][vc_row_inner][vc_column_inner el_class=&#8221;py-lg-2 px-lg-5&#8243; width=&#8221;1\/2&#8243;][vc_single_image image=&#8221;11093&#8243; img_size=&#8221;large&#8221;][\/vc_column_inner][vc_column_inner el_class=&#8221;py-lg-2 px-lg-5&#8243; width=&#8221;1\/2&#8243;][vc_single_image image=&#8221;11067&#8243; img_size=&#8221;large&#8221;][\/vc_column_inner][\/vc_row_inner][vc_row_inner][vc_column_inner el_class=&#8221;py-lg-2 px-lg-5&#8243; width=&#8221;1\/2&#8243;][vc_column_text]<strong><span style=\"font-size: 11.5pt;color: #333333\">METROPOLITANA<\/span><\/strong><\/p>\n<p>Linea 1 e linea 2 a 800 metri di distanza (Piazza Cavour \u2013 Museo Archeologico)<\/p>\n<p>Dalla stazione della metropolitana, per raggiungere il museo, attraversare la piazza e percorrere via Duomo fino al Largo Donnaregina (circa 7 minuti a piedi). Ingresso SAIE LAB: Vico Donnaregina<\/p>\n[\/vc_column_text][\/vc_column_inner][vc_column_inner el_class=&#8221;py-lg-2 px-lg-5&#8243; width=&#8221;1\/2&#8243;][vc_column_text]<strong><span style=\"font-size: 11.5pt;color: #333333\">TAXI<\/span><\/strong><\/p>\n<p>TAXI Napoli 0812222 oppure 0818888<br \/>\nRadio Taxi Partenope 0810101<\/p>\n<p>\u2014<\/p>\n<p><strong><span style=\"font-size: 11.5pt;color: #333333\">PARCHEGGI AUTO<\/span><\/strong><\/p>\n<p>Piazza S. Francesco (porta Capuana), capienza oltre 110 auto con servizio navetta<br \/>\nVia Anticaglia (Chiesa S. Giuseppe dei Ruffi) capienza 40 auto<\/p>\n<p>Varchi ZTL: Varco &#8220;Via Duomo&#8221; e Varco &#8220;Via Santa Sofia&#8221;<\/p>\n<p>Email ZTL: <a href=\"mailto:permessitemporanei.ztl@comune.napoli.it\">permessitemporanei.ztl@comune.napoli.it<\/a>; <a href=\"mailto:ufficioztl@anm.it\">ufficioztl@anm.it<\/a><\/p>\n<p>Tel Sportello ZTL: 0817632192[\/vc_column_text][\/vc_column_inner][\/vc_row_inner][vc_separator color=&#8221;orange&#8221;][\/vc_column][\/vc_row][vc_row][vc_column][vc_row_inner][vc_column_inner][vc_empty_space][\/vc_column_inner][\/vc_row_inner][\/vc_column][\/vc_row][vc_row][vc_column width=&#8221;1\/4&#8243;][vc_single_image image=&#8221;11024&#8243; img_size=&#8221;&#8221; alignment=&#8221;center&#8221; style=&#8221;vc_box_shadow_border_circle_2&#8243;][vc_column_text]\n<p style=\"text-align: center\"><strong>Gianluca Dell\u2019Acqua<br \/>\n<\/strong>Universit\u00e0 degli Studi di Napoli Federico II<\/p>\n[\/vc_column_text][vc_column_text]\n<blockquote><p><em>&#8220;Gli interventi di rigenerazione urbana su larga scala coinvolgono il ruolo dell\u2019ingegnere infrastrutturista, gestionale, ambientale ed edile. La rigenerazione urbana ha assunto un ruolo fondamentale in tutta Italia anche grazie al Decreto sblocca cantieri, ma in molte grandi citt\u00e0 si operava concretamente gi\u00e0 da tanto tempo. Basti guardare Napoli con i progetti dell\u2019Universit\u00e0 Federico II del Polo Est a San Giovanni a Teduccio e della Facolt\u00e0 di Medicina a Scampia, si tratta solo di alcuni esempi lungimiranti di rigenerazione urbana in citt\u00e0. Anche la Regione Campania ha attivato bandi e finanziamenti importanti per incentivare tutti gli operatori ad intraprendere questo percorso per migliorare la qualit\u00e0 della vita nelle nostre citt\u00e0.&#8221;<\/em><\/p><\/blockquote>\n[\/vc_column_text][vc_btn title=&#8221;Leggi l&#8217;intervista completa \u00bb&#8221; color=&#8221;warning&#8221; align=&#8221;center&#8221; link=&#8221;url:https%3A%2F%2Fwww.saiebari.it%2Fit%2Fsaie-lab%2Fintervista-gianluca-dellacqua-delluniversita-studi-napoli-federico-ii%2F|target:_blank&#8221;][\/vc_column][vc_column width=&#8221;1\/4&#8243;][vc_single_image image=&#8221;10616&#8243; img_size=&#8221;&#8221; alignment=&#8221;center&#8221; style=&#8221;vc_box_shadow_border_circle_2&#8243;][vc_column_text]\n<p style=\"text-align: center\"><strong>Antonio Lombardi,<br \/>\n<\/strong>CEO e Fondatore &#8211; Bono Srl<\/p>\n[\/vc_column_text][vc_column_text]\n<blockquote><p><em>&#8220;<\/em><em>Bono Ingegneria crede nell\u2019utilit\u00e0 di un\u2019opera di recupero di luoghi penalizzati dal passare del tempo, e talvolta anche dal contesto sociale, per rispondere al meglio ai bisogni della comunit\u00e0.<br \/>\n<\/em><em>E\u2019 strettamente interconnessa alla morfologia e alla conformazione del territorio, avendo sviluppato nel tempo un metodo basato sull\u2019integrazione di conoscenze e competenze derivanti anche dalle sfide affrontate in Campania. Siamo attivamente coinvolti nelle operazioni di Rigenerazione di alcune aree del Partenopeo, tra queste la rete solidale in espansione nei Quartieri Spagnoli e la rivalutazione del Centro Direzionale di Napoli: una zona in decadimento che attraverso la rinascita dell\u2019ex Torre Enel, ora rinominata BD Tower, ritorner\u00e0 ad essere un motore di crescita e sviluppo per la comunit\u00e0.<\/em><em>&#8220;<\/em><\/p><\/blockquote>\n[\/vc_column_text][vc_btn title=&#8221;Leggi l&#8217;intervista completa \u00bb&#8221; color=&#8221;warning&#8221; align=&#8221;center&#8221; link=&#8221;url:https%3A%2F%2Fwww.saiebari.it%2Fit%2Fsaie-lab%2Fantonio-lombardi-napoli%2F|target:_blank&#8221;][\/vc_column][vc_column width=&#8221;1\/4&#8243;][vc_single_image image=&#8221;11104&#8243; img_size=&#8221;&#8221; alignment=&#8221;center&#8221; style=&#8221;vc_box_shadow_border_circle_2&#8243;][vc_column_text]\n<p style=\"text-align: center\"><strong>Antonio Iannuzzi,<br \/>\n<\/strong>CEO Analist Group<\/p>\n[\/vc_column_text][vc_column_text]\n<blockquote><p><em>&#8220;Essere Digitale significa trovare nuove strade per la cura e la conservazione degli edifici in un\u2019ottica di transizione ecologica, supportare i tecnici nella realizzazione dei propri progetti con software, soluzioni e strumenti all\u2019avanguardia. Prodotti capaci di digitalizzare la realt\u00e0, permettendo al tecnico di avere a disposizione, in realt\u00e0 virtuale, tutti i dati spaziali di cui ha bisogno. Cos\u00ec come di tutti i dataset, automaticamente ed accuratamente restituiti, per i propri progetti di rigenerazione edile ed urbanistica. Una nuova frontiera per chi sviluppa soluzioni per il miglioramento del comfort abitativo, perch\u00e9 permette, direttamente dal proprio ufficio, di lavorare in un ambiente in realt\u00e0 aumentata e di condividere con impresa e committente tutti gli sviluppi del lavoro in tempo reale.&#8221;<\/em><\/p><\/blockquote>\n[\/vc_column_text][vc_btn title=&#8221;Leggi l&#8217;intervista completa \u00bb&#8221; color=&#8221;warning&#8221; align=&#8221;center&#8221; link=&#8221;url:https%3A%2F%2Fwww.saiebari.it%2Fit%2Fsaie-lab%2Fantonio-iannuzzi-napoli%2F|target:_blank&#8221;][\/vc_column][vc_column width=&#8221;1\/4&#8243;][vc_single_image image=&#8221;11220&#8243; img_size=&#8221;&#8221; alignment=&#8221;center&#8221; style=&#8221;vc_box_shadow_border_circle_2&#8243;][vc_column_text]\n<p style=\"text-align: center\"><strong>Cristian Cafaro,<br \/>\n<\/strong>Consulente Tecnico Commerciale della Campania \u00a0&#8211; Airzone Italia Srl<\/p>\n[\/vc_column_text][vc_column_text]\n<blockquote><p><em>\u201cCi dedichiamo a sviluppare soluzioni di controllo HVACR per far s\u00ec che gli edifici siano sempre pi\u00f9 smart e rispettosi dell\u2019ambiente, e per rendere la vita delle persone pi\u00f9 confortevole mentre rispettiamo le risorse. Aiutiamo a dotare di intelligenza le case del futuro&#8230;oggi.<\/em><\/p>\n<p><em>Per Airzone \u00e8 fondamentale la connessione con il territorio in quanto ci permette di poter capire se la nostra proposta \u00e8 valida e si integra alle richieste che progettisti e installatori ricevono dal mercato. In Italia offriamo un servizio di consulting e accompagnamento ai nostri clienti tramite una rete strutturata di professionisti e tecnici che dal nord al sud supportano le richieste di controllo e gestione della termoregolazione integrata nell\u2019IOT.\u201d<\/em><\/p><\/blockquote>\n[\/vc_column_text][vc_btn title=&#8221;Leggi l&#8217;intervista completa \u00bb&#8221; color=&#8221;warning&#8221; align=&#8221;center&#8221; link=&#8221;url:https%3A%2F%2Fwww.saiebari.it%2Fit%2Fsaie-lab%2Fintervista-a-airzone-main-sponsor-della-quarta-tappa-di-saie-lab-napoli-focus-rigenerazione-urbana-e-comfort-abitativo%2F|target:_blank&#8221;][\/vc_column][\/vc_row][vc_row][vc_column][vc_row_inner][vc_column_inner][vc_separator][vc_column_text]\n<h6 style=\"text-align: center\"><a href=\"https:\/\/www.saiebari.it\/it\/lab\/\"><strong>Per scoprire maggiori informazioni sul progetto SAIE LAB, clicca qui \u00bb<\/strong><\/a><\/h6>\n[\/vc_column_text][vc_separator][\/vc_column_inner][\/vc_row_inner][\/vc_column][\/vc_row]\n","protected":false},"excerpt":{"rendered":"<p>[vc_row equal_height=&#8221;yes&#8221;][vc_column css=&#8221;.vc_custom_1682608093978{background-image: url(\/public\/uploads\/sites\/13\/Header_RU_Napoli.png?id=10413) !important;background-position: center !important;background-repeat: no-repeat !important;background-size: cover !important;}&#8221;][vc_empty_space height=&#8221;64px&#8221;][vc_column_text] SAIE LAB &#8211; Rigenerazione urbana e comfort abitativo Napoli \u2013 Complesso Monumentale Donnaregina &#8211; Museo Diocesano 8 Giugno 2023 \u2013 ore 10.00 [\/vc_column_text][vc_empty_space height=&#8221;64px&#8221;][\/vc_column][\/vc_row][vc_row equal_height=&#8221;yes&#8221;][vc_column][vc_row_inner equal_height=&#8221;yes&#8221; content_placement=&#8221;middle&#8221;][vc_column_inner el_class=&#8221;py-lg-2 px-lg-5 text-left&#8221; width=&#8221;2\/3&#8243;][vc_column_text el_class=&#8221;my-1&#8243;] Ad ospitare la quarta tappa dei SAIE LAB \u00e8 stata la [&hellip;]<\/p>\n","protected":false},"author":12,"featured_media":0,"parent":8733,"menu_order":0,"comment_status":"closed","ping_status":"closed","template":"page-landing-noheader.php","meta":[],"acf":[],"aioseo_notices":[],"_links":{"self":[{"href":"https:\/\/www.saiebari.it\/it\/wp-json\/wp\/v2\/pages\/10373"}],"collection":[{"href":"https:\/\/www.saiebari.it\/it\/wp-json\/wp\/v2\/pages"}],"about":[{"href":"https:\/\/www.saiebari.it\/it\/wp-json\/wp\/v2\/types\/page"}],"author":[{"embeddable":true,"href":"https:\/\/www.saiebari.it\/it\/wp-json\/wp\/v2\/users\/12"}],"replies":[{"embeddable":true,"href":"https:\/\/www.saiebari.it\/it\/wp-json\/wp\/v2\/comments?post=10373"}],"version-history":[{"count":3,"href":"https:\/\/www.saiebari.it\/it\/wp-json\/wp\/v2\/pages\/10373\/revisions"}],"predecessor-version":[{"id":11439,"href":"https:\/\/www.saiebari.it\/it\/wp-json\/wp\/v2\/pages\/10373\/revisions\/11439"}],"up":[{"embeddable":true,"href":"https:\/\/www.saiebari.it\/it\/wp-json\/wp\/v2\/pages\/8733"}],"wp:attachment":[{"href":"https:\/\/www.saiebari.it\/it\/wp-json\/wp\/v2\/media?parent=10373"}],"curies":[{"name":"wp","href":"https:\/\/api.w.org\/{rel}","templated":true}]}}