{"id":13085,"date":"2023-08-01T10:03:52","date_gmt":"2023-08-01T10:03:52","guid":{"rendered":"https:\/\/www.saiebari.it\/?page_id=13085"},"modified":"2025-10-28T14:45:03","modified_gmt":"2025-10-28T14:45:03","slug":"software-tecnico-aist","status":"publish","type":"page","link":"https:\/\/www.saiebari.it\/it\/software-tecnico-aist\/","title":{"rendered":"Piazza Software Tecnico AIST"},"content":{"rendered":"[vc_row equal_height=&#8221;yes&#8221; el_class=&#8221;my-1&#8243;][vc_column][vc_row_inner equal_height=&#8221;yes&#8221; content_placement=&#8221;top&#8221;][vc_column_inner el_class=&#8221;py-lg-2 px-lg-5&#8243; width=&#8221;2\/3&#8243;][vc_column_text]\n<h2>Digitalizzazione, sicurezza e sostenibilit\u00e0: il futuro della progettazione<\/h2>\n[\/vc_column_text][vc_column_text]<strong>AIST<\/strong>, l\u2019<strong>Associazione Italiana Software Tecnico<\/strong>\u202f riunisce le societ\u00e0 di software italiano che operano nell\u2019edilizia.<\/p>\n<p><span data-contrast=\"auto\">Funziona come un ponte tra i vari attori del settore, come progettisti, imprese di costruzione, enti pubblici e universit\u00e0, e svolge un ruolo chiave e costruttivo per l&#8217;intera comunit\u00e0 economica e sociale. L&#8217;obiettivo principale di AIST \u00e8 fornire agli utenti software che li supportino nella loro professione, assicurando chiarezza sui riferimenti normativi, sui metodi di calcolo e sulle fonti dei dati utilizzati. Inoltre, promuove il miglioramento continuo attraverso un ascolto attivo delle esigenze del settore e degli operatori.<\/span><\/p>\n<p><span data-contrast=\"auto\">I convegni organizzati nella Piazza AIST, hanno trattato diverse tematiche di grande rilevanza per il settore edile e ingegneristico rappresentando un&#8217;importante opportunit\u00e0 di aggiornamento e formazione per i professionisti del settore.<\/span><span data-ccp-props=\"{}\">\u00a0<\/span>[\/vc_column_text][vc_column_text]<a class=\"btn btn-lg my-0\" href=\"#programma\">Programma<\/a>[\/vc_column_text][\/vc_column_inner][vc_column_inner el_class=&#8221;p-1 p-sm-3 p-lg-4 bg-darker&#8221; width=&#8221;1\/3&#8243; offset=&#8221;vc_hidden-xs&#8221;][vc_wp_custommenu nav_menu=&#8221;12&#8243;][\/vc_column_inner][\/vc_row_inner][\/vc_column][\/vc_row][vc_row equal_height=&#8221;yes&#8221; content_placement=&#8221;middle&#8221; el_class=&#8221;py-lg-2 px-lg-5 bg-gray&#8221; el_id=&#8221;programma&#8221;][vc_column css=&#8221;.vc_custom_1564664077693{padding-top: 0px !important;}&#8221;][vc_row_inner equal_height=&#8221;yes&#8221; content_placement=&#8221;top&#8221;][vc_column_inner el_class=&#8221;py-lg-2 px-lg-5&#8243;][vc_column_text]\n<h3 style=\"text-align: center\"><strong>Programma Piazza Software Tecnico AIST 2025<\/strong><\/h3>\n[\/vc_column_text][\/vc_column_inner][\/vc_row_inner][vc_row_inner equal_height=&#8221;yes&#8221;][vc_column_inner width=&#8221;1\/3&#8243;][vc_text_separator title=&#8221;Gioved\u00ec 23 ottobre&#8221; title_align=&#8221;separator_align_left&#8221; align=&#8221;align_left&#8221; color=&#8221;custom&#8221; accent_color=&#8221;#f8b43f&#8221;][vc_column_text]\n<p style=\"text-align: left\">10:30 &#8211; 13:00<br \/>\n<strong>CORSO DI RESISTENZA AL FUOCO DI STRUTTURE SOTTOPOSTE A INCENDIO<\/strong><br \/>\nRelatori: Ing. F. Formica, Ing. J. Poveda, Ing. G. Stivala &#8211; CDM DOLMEN<\/p>\n<p style=\"text-align: left\">14:00 &#8211; 16:30<br \/>\n<strong>Dallo Spazio al Modello: Tecnologie innovative per il Rilievo e BIM<br \/>\n<\/strong><em><span style=\"text-decoration: underline\"><span style=\"color: #800000\">Evento con crediti formativi<\/span><\/span><\/em><strong><br \/>\n<\/strong>Relatori: Geom. Giuseppe Mangione, Presidente Associazione Geometri Italiani Topografi &#8211;<br \/>\nIng. Valerio Da Pos, Rappresentante AIST nelle commissioni BIM UNI.<\/p>\n[\/vc_column_text][\/vc_column_inner][vc_column_inner el_class=&#8221;bg-gray&#8221; width=&#8221;1\/3&#8243;][vc_text_separator title=&#8221;Venerd\u00ec 24 ottobre&#8221; title_align=&#8221;separator_align_left&#8221; align=&#8221;align_left&#8221; color=&#8221;custom&#8221; accent_color=&#8221;#f8b43f&#8221;][vc_column_text]\n<p style=\"text-align: left\">10:30 &#8211; 13:00<br \/>\n<strong>Innovazione e progettazione al servizio dell\u2019energia e dell\u2019ambiente: il ruolo nell&#8217;idrogeno verde<br \/>\n<\/strong><em><span style=\"text-decoration: underline\"><span style=\"color: #800000\">Evento con crediti formativi<\/span><\/span><\/em><br \/>\nRelatori: Ing. Francesco Calderone &#8211; Senior Designer &amp; PM for Alternative Fuels della Business Unit &#8220;Multisite-Retail&#8221; di Artelia Italia S.p.A. di Roma&#8221;, Ing. Angela Mastromatteo \u2013 Designer della Business Unit &#8220;Multisite-Retail&#8221; di Artelia Italia S.p.A. di Roma&#8221;<\/p>\n<p style=\"text-align: left\">14:00 &#8211; 16:30<br \/>\n<strong>AI per automatizzare l&#8217;ufficio: relazioni tecniche, preventivi e progettazione<br \/>\n<\/strong><em><span style=\"text-decoration: underline\"><span style=\"color: #800000\">Evento con crediti formativi<\/span><\/span><\/em><strong><br \/>\n<\/strong>Relatore: Arch. Daniele Verdesca &#8211; Direttore della Cassa Edile della provincia di Lecce, Presidente dell\u2019Associazione culturale \u201cEligere Futuro\u201d e curatore della Smart Ark Academy<\/p>\n[\/vc_column_text][\/vc_column_inner][vc_column_inner width=&#8221;1\/3&#8243;][vc_text_separator title=&#8221;Sabato 25 ottobre&#8221; title_align=&#8221;separator_align_left&#8221; align=&#8221;align_left&#8221; color=&#8221;custom&#8221; accent_color=&#8221;#f8b43f&#8221;][vc_column_text]\n<p style=\"text-align: left\">10:30 &#8211; 13:00<br \/>\n<strong>Aperitivo di Networking e convegno \u201cRilancio delle professioni, quale futuro?\u201d<\/strong><br \/>\nModeratore: Ing. Roberto Masciopinto<\/p>\n[\/vc_column_text][\/vc_column_inner][\/vc_row_inner][vc_row_inner][vc_column_inner][vc_column_text]\n<p style=\"text-align: center\"><a class=\"btn btn-lg my-0\" href=\"https:\/\/espositori.saiebari.it\/portale\/it\/convegni\" target=\"_blank\" rel=\"noopener\">Programma Completo SAIE Bari 2025 \u00bb<\/a><\/p>\n[\/vc_column_text][\/vc_column_inner][\/vc_row_inner][\/vc_column][\/vc_row][vc_row][vc_column][vc_column_text]\n[\/vc_column_text][\/vc_column][\/vc_row][vc_row el_class=&#8221;py-lg-2 px-lg-5 my-1&#8243;][vc_column][vc_row_inner][vc_column_inner width=&#8221;1\/4&#8243;][\/vc_column_inner][vc_column_inner width=&#8221;1\/2&#8243;][vc_column_text]\n<p style=\"text-align: center\"><em>In collaborazione con\u00a0<\/em><\/p>\n[\/vc_column_text][vc_separator][vc_single_image image=&#8221;14004&#8243; img_size=&#8221;&#8221; alignment=&#8221;center&#8221; onclick=&#8221;custom_link&#8221; img_link_target=&#8221;_blank&#8221; link=&#8221;https:\/\/www.aistonline.it\/&#8221;][\/vc_column_inner][vc_column_inner width=&#8221;1\/4&#8243;][\/vc_column_inner][\/vc_row_inner][\/vc_column][\/vc_row][vc_row el_class=&#8221;py-lg-2 px-lg-5&#8243;][vc_column][vc_column_text]\n<h3 style=\"text-align: center\"><b>Le aziende che hanno partecipato alla Piazza Software Tecnico AIST<\/b><\/h3>\n[\/vc_column_text][vc_row_inner content_placement=&#8221;middle&#8221;][vc_column_inner width=&#8221;1\/6&#8243;][\/vc_column_inner][vc_column_inner width=&#8221;1\/6&#8243;][vc_single_image image=&#8221;22955&#8243; img_size=&#8221;&#8221; alignment=&#8221;center&#8221;][\/vc_column_inner][vc_column_inner width=&#8221;1\/6&#8243;][vc_single_image image=&#8221;13857&#8243; img_size=&#8221;&#8221; alignment=&#8221;center&#8221;][\/vc_column_inner][vc_column_inner width=&#8221;1\/6&#8243;][vc_single_image image=&#8221;13843&#8243; img_size=&#8221;&#8221; alignment=&#8221;center&#8221;][\/vc_column_inner][vc_column_inner width=&#8221;1\/6&#8243;][vc_single_image image=&#8221;22963&#8243; img_size=&#8221;&#8221; alignment=&#8221;center&#8221;][\/vc_column_inner][vc_column_inner width=&#8221;1\/6&#8243;][\/vc_column_inner][\/vc_row_inner][vc_row_inner content_placement=&#8221;middle&#8221;][vc_column_inner width=&#8221;1\/5&#8243;][\/vc_column_inner][vc_column_inner width=&#8221;1\/5&#8243;][vc_single_image image=&#8221;22966&#8243; img_size=&#8221;&#8221; alignment=&#8221;center&#8221;][\/vc_column_inner][vc_column_inner width=&#8221;1\/5&#8243;][vc_single_image image=&#8221;23236&#8243; img_size=&#8221;&#8221; alignment=&#8221;center&#8221;][\/vc_column_inner][vc_column_inner width=&#8221;1\/5&#8243;][vc_single_image image=&#8221;22469&#8243; img_size=&#8221;&#8221; alignment=&#8221;center&#8221;][\/vc_column_inner][vc_column_inner width=&#8221;1\/5&#8243;][\/vc_column_inner][\/vc_row_inner][vc_empty_space][\/vc_column][\/vc_row][vc_row][vc_column el_class=&#8221;my-1 bg-gray&#8221;][vc_row_inner][vc_column_inner][vc_empty_space][vc_column_text]\n<h3 style=\"text-align: center\">Scopri la lista delle aziende presenti a SAIE Bari 2025<\/h3>\n<p style=\"text-align: center\"><a class=\"btn btn-lg btn-primary my-1\" href=\"https:\/\/espositori.saiebari.it\/portale\/it\/espositori\" target=\"_blank\" rel=\"noopener\">Elenco Espositori<\/a><\/p>\n[\/vc_column_text][vc_empty_space][\/vc_column_inner][\/vc_row_inner][\/vc_column][\/vc_row]\n","protected":false},"excerpt":{"rendered":"<p>[vc_row equal_height=&#8221;yes&#8221; el_class=&#8221;my-1&#8243;][vc_column][vc_row_inner equal_height=&#8221;yes&#8221; content_placement=&#8221;top&#8221;][vc_column_inner el_class=&#8221;py-lg-2 px-lg-5&#8243; width=&#8221;2\/3&#8243;][vc_column_text] Digitalizzazione, sicurezza e sostenibilit\u00e0: il futuro della progettazione [\/vc_column_text][vc_column_text]AIST, l\u2019Associazione Italiana Software Tecnico\u202f riunisce le societ\u00e0 di software italiano che operano nell\u2019edilizia. Funziona come un ponte tra i vari attori del settore, come progettisti, imprese di costruzione, enti pubblici e universit\u00e0, e svolge un ruolo chiave e [&hellip;]<\/p>\n","protected":false},"author":33,"featured_media":16901,"parent":0,"menu_order":0,"comment_status":"closed","ping_status":"closed","template":"","meta":[],"acf":[],"aioseo_notices":[],"_links":{"self":[{"href":"https:\/\/www.saiebari.it\/it\/wp-json\/wp\/v2\/pages\/13085"}],"collection":[{"href":"https:\/\/www.saiebari.it\/it\/wp-json\/wp\/v2\/pages"}],"about":[{"href":"https:\/\/www.saiebari.it\/it\/wp-json\/wp\/v2\/types\/page"}],"author":[{"embeddable":true,"href":"https:\/\/www.saiebari.it\/it\/wp-json\/wp\/v2\/users\/33"}],"replies":[{"embeddable":true,"href":"https:\/\/www.saiebari.it\/it\/wp-json\/wp\/v2\/comments?post=13085"}],"version-history":[{"count":2,"href":"https:\/\/www.saiebari.it\/it\/wp-json\/wp\/v2\/pages\/13085\/revisions"}],"predecessor-version":[{"id":23723,"href":"https:\/\/www.saiebari.it\/it\/wp-json\/wp\/v2\/pages\/13085\/revisions\/23723"}],"wp:featuredmedia":[{"embeddable":true,"href":"https:\/\/www.saiebari.it\/it\/wp-json\/wp\/v2\/media\/16901"}],"wp:attachment":[{"href":"https:\/\/www.saiebari.it\/it\/wp-json\/wp\/v2\/media?parent=13085"}],"curies":[{"name":"wp","href":"https:\/\/api.w.org\/{rel}","templated":true}]}}