{"id":19252,"date":"2025-04-18T14:32:34","date_gmt":"2025-04-18T14:32:34","guid":{"rendered":"https:\/\/www.saiebari.it\/?page_id=19252"},"modified":"2025-10-28T13:49:55","modified_gmt":"2025-10-28T13:49:55","slug":"piazza-efficienza-energetica-sostenibilita","status":"publish","type":"page","link":"https:\/\/www.saiebari.it\/it\/piazza-efficienza-energetica-sostenibilita\/","title":{"rendered":"Piazza efficienza energetica, comfort acustico e sostenibilit\u00e0"},"content":{"rendered":"[vc_row equal_height=&#8221;yes&#8221; el_class=&#8221;my-1&#8243;][vc_column][vc_row_inner equal_height=&#8221;yes&#8221; content_placement=&#8221;top&#8221;][vc_column_inner el_class=&#8221;py-lg-2 px-lg-5&#8243; width=&#8221;2\/3&#8243;][vc_column_text]\n<h2><strong>Piazza efficienza energetica, comfort acustico e sostenibilit\u00e0 ANIT<\/strong><\/h2>\n[\/vc_column_text][vc_column_text]Un\u2019area espositiva e di formazione tecnica interamente dedicata all\u2019involucro edilizio di qualit\u00e0, efficiente dal punto di vista energetico, acustico e rispettoso dei criteri di sostenibilit\u00e0. La piazza \u00e8 stata gestita da ANIT- associazione nazionale per l\u2019isolamento termico e acustico, dal 1984 l\u2019associazione di riferimento per efficienza energetica e comfort acustico in edilizia. Nell\u2019area \u00e8 stato possibile incontrare diverse aziende produttrici di materiali e sistemi, seguire incontri tecnici e di approfondimento e interagire con lo staff tecnico dell\u2019associazione.[\/vc_column_text][vc_column_text]<a class=\"btn btn-lg my-0\" href=\"#programma\" target=\"_blank\" rel=\"noopener\">Programma<\/a>[\/vc_column_text][\/vc_column_inner][vc_column_inner el_class=&#8221;p-1 p-sm-3 p-lg-4 bg-darker&#8221; width=&#8221;1\/3&#8243; offset=&#8221;vc_hidden-xs&#8221;][vc_wp_custommenu nav_menu=&#8221;12&#8243;][\/vc_column_inner][\/vc_row_inner][\/vc_column][\/vc_row][vc_row equal_height=&#8221;yes&#8221; content_placement=&#8221;middle&#8221; el_class=&#8221;py-lg-2 px-lg-5 bg-gray&#8221; el_id=&#8221;programma&#8221;][vc_column css=&#8221;.vc_custom_1564664077693{padding-top: 0px !important;}&#8221;][vc_row_inner equal_height=&#8221;yes&#8221; content_placement=&#8221;top&#8221;][vc_column_inner el_class=&#8221;py-lg-2 px-lg-5&#8243;][vc_column_text]\n<h3 style=\"text-align: center\"><strong>Programma Interventi Tecnici Piazza ANIT 2025<\/strong><\/h3>\n[\/vc_column_text][\/vc_column_inner][\/vc_row_inner][vc_row_inner equal_height=&#8221;yes&#8221;][vc_column_inner width=&#8221;1\/3&#8243;][vc_text_separator title=&#8221;Gioved\u00ec 23 ottobre&#8221; title_align=&#8221;separator_align_left&#8221; align=&#8221;align_left&#8221; color=&#8221;custom&#8221; accent_color=&#8221;#f8b43f&#8221;][vc_column_text]\n<p style=\"text-align: left\">10:00 &#8211; 10:30 <span style=\"color: #eb5b37\">|<\/span> <strong>ANIT<\/strong><br \/>\n<em><strong>Nuova direttiva prodotti da costruzioni: impatto sulla progettazione delle infrastrutture<\/strong><\/em><br \/>\nRelatore:\u00a0<strong>Ing. Valeria Erba<\/strong><strong><br \/>\n<\/strong><\/p>\n<p style=\"text-align: left\">10:30 &#8211; 11:00 <span style=\"color: #eb5b37\">|<\/span> <strong>SWISSPOR<\/strong><br \/>\n<em><strong>Le ultime innovazioni nell\u2019isolamento termico e acustico per migliorare comfort ed efficienza energetica nelle costruzioni moderne<\/strong><\/em><br \/>\nRelatore:\u00a0<strong>Geom. Riccardo Rizzo<\/strong><strong><br \/>\n<\/strong><\/p>\n<p style=\"text-align: left\">11:00 &#8211; 11:30 <span style=\"color: #eb5b37\">|<\/span> <strong>ISOTEX<\/strong><br \/>\n<em><strong>Isotex: Velocit\u00e0 di posa, eliminazione ponti termici e riduzione dei costi di cantiere<\/strong><\/em><br \/>\nRelatore:\u00a0<strong> Sig. Salvatore Pangrazi<\/strong>, Capo Area Centro-Sud Italia Isotex<strong><br \/>\n<\/strong><\/p>\n<p style=\"text-align: left\">11:30 &#8211; 12:00 <span style=\"color: #eb5b37\">|<\/span> <strong>IST. GIORDANO<\/strong><br \/>\n<em><strong>Nuovo Regolamento CPR (UE 2024\/3110): cosa cambia e come prepararsi<\/strong><\/em><br \/>\nRelatore:\u00a0<strong>Ing. Corrado Colagiacomo<\/strong>, Responsabile divisione Trasmissione del calore\/Calcoli \u2013 Istituto Giordano<strong><br \/>\n<\/strong><\/p>\n<p style=\"text-align: left\">12:00 &#8211; 12:30 <span style=\"color: #eb5b37\">|<\/span> <strong>EDILTEC<\/strong><br \/>\n<em><strong>Tecnologie di Isolamento per l\u2019efficienza energetica e il benessere abitativo<\/strong><\/em><br \/>\nRelatore:\u00a0<strong>Dott. Francesco Cassotta<\/strong><strong><br \/>\n<\/strong><\/p>\n<p style=\"text-align: left\">14:00 &#8211; 14:30 <span style=\"color: #eb5b37\">|<\/span> <strong>ANIT<\/strong><br \/>\n<em><strong>Isolwashing e UNI TR 11936 sulla prestazione di isolamento termico<\/strong><\/em><br \/>\nRelatore:\u00a0<strong>Ing. Rossella Esposti<\/strong><strong><br \/>\n<\/strong><\/p>\n<p style=\"text-align: left\">14:30 &#8211; 15:00 <span style=\"color: #eb5b37\">|<\/span> <strong>ROEFIX<\/strong><br \/>\n<em><strong>Sistemi di isolamento tra innovazione e tradizione: cappotto termico e termointonaci ad alte prestazioni<\/strong><\/em><br \/>\nRelatore:\u00a0<strong>Arch. Carlo Pazienza<\/strong><strong><br \/>\n<\/strong><\/p>\n<p style=\"text-align: left\">15:00 &#8211; 15:30 <span style=\"color: #eb5b37\">|<\/span> <strong>STIFERITE<\/strong><br \/>\n<em><strong>L&#8217;Isolamento Estivo: soluzioni tecnologiche e sostenibili. Esempi di stratigrafie efficienti con Poliuretano<\/strong><\/em><br \/>\nRelatore:\u00a0<strong>Dott. Fabio Raggiotto<\/strong><strong><br \/>\n<\/strong><\/p>\n<p style=\"text-align: left\">15:30 &#8211; 16:00 <span style=\"color: #eb5b37\">|<\/span> <strong>ISOLAREFLEX<\/strong><br \/>\n<em><strong>I Sistemi Costruttivi Isolareflex<\/strong><\/em><br \/>\nRelatore:\u00a0<strong>Michele Farina<\/strong>, CEO Favima Srl<strong><br \/>\n<\/strong><\/p>\n<p style=\"text-align: left\">16:00 &#8211; 16:30 <span style=\"color: #eb5b37\">|<\/span> <strong>ANIT<\/strong><br \/>\n<em><strong>CAM &#8211; criteri minimi per edifici e materiali per rispondere dei requisiti di efficienza energetica <\/strong><\/em><br \/>\nRelatore:\u00a0<strong>Ing. Valeria Erba<\/strong><strong><br \/>\n<\/strong><\/p>\n<p style=\"text-align: left\">16:30 &#8211; 17:00 <span style=\"color: #eb5b37\">|<\/span> <strong>ANIT<\/strong><br \/>\n<em><strong>CAM- LCA e modalit\u00e0 di valutazione delle prestazioni di sostenibilit\u00e0 dei materiali<\/strong><\/em><br \/>\nRelatore:\u00a0<strong>Arch. Daniela Petrone<\/strong><strong><br \/>\n<\/strong><\/p>\n[\/vc_column_text][\/vc_column_inner][vc_column_inner el_class=&#8221;bg-gray&#8221; width=&#8221;1\/3&#8243;][vc_text_separator title=&#8221;Venerd\u00ec 24 ottobre&#8221; title_align=&#8221;separator_align_left&#8221; align=&#8221;align_left&#8221; color=&#8221;custom&#8221; accent_color=&#8221;#f8b43f&#8221;][vc_column_text]\n<p style=\"text-align: left\">10:00 &#8211; 10:30 <span style=\"color: #eb5b37\">|<\/span> <strong>EDILCASS<\/strong><br \/>\n<em><strong>Monoblocco termico con VMC<\/strong><\/em><br \/>\nRelatore:\u00a0<strong>Fabio Punzi<\/strong>, Direttore Tecnico Edilcass<strong><br \/>\n<\/strong><\/p>\n<p style=\"text-align: left\">10:30 &#8211; 11:00 <span style=\"color: #eb5b37\">|<\/span> <strong>SOPREMA<\/strong><br \/>\n<em><strong>I principi di sostenibilit\u00e0 ambientale DNSH:\u00a0caso studio in Sud Italia<\/strong><\/em><br \/>\nRelatore:\u00a0<strong>Arch. Daniela Petrone<\/strong><strong><br \/>\n<\/strong><\/p>\n<p style=\"text-align: left\">11:00 &#8211; 11:30 <span style=\"color: #eb5b37\">|<\/span> <strong>ANIT<\/strong><br \/>\n<em><strong>Isotex: Velocit\u00e0 di posa, eliminazione ponti termici e riduzione dei costi di cantiere<\/strong><\/em><br \/>\nRelatore:\u00a0<strong> Sig. Salvatore Pangrazi<\/strong>, Capo Area Centro-Sud Italia Isotex<strong><br \/>\n<\/strong><\/p>\n<p style=\"text-align: left\">11:30 &#8211; 12:00 <span style=\"color: #eb5b37\">|<\/span> <strong>XELLA<\/strong><br \/>\n<em><strong>Ytong: Tradizione e Innovazione di un Sistema Costruttivo Completo. Dalla storicit\u00e0 del marchio alla qualit\u00e0 certificata della produzione italiana, fino alla nuova linea Thrakon: soluzioni integrate per l\u2019edilizia moderna<\/strong><\/em><br \/>\nRelatore:\u00a0<strong>Alessandro Miliani<\/strong><strong><br \/>\n<\/strong><\/p>\n<p style=\"text-align: left\">12:00 &#8211; 12:30 <span style=\"color: #eb5b37\">|<\/span> <strong>ISI<\/strong><br \/>\n<em><strong>La sicurezza strutturale: stato dell\u2019arte e prospettive di fronte alla sfida\u00a0del\u00a0green\u00a0deal<\/strong><\/em><br \/>\nRelatore:\u00a0<strong>Ing. Davide Trutalli<\/strong> e <strong>ing. Andrea Barocci<\/strong><strong><br \/>\n<\/strong><\/p>\n<p style=\"text-align: left\">14:00 &#8211; 14:30 <span style=\"color: #eb5b37\">|<\/span> <strong>BIOISOTHERM<\/strong><br \/>\n<em><strong>Costruire e riqualificare in modo energetico e antisismico con il sistema Bioisotherm<\/strong><\/em><br \/>\nRelatore:\u00a0<strong>Ing. Denis Trovo&#8217;<\/strong><strong><br \/>\n<\/strong><\/p>\n<p style=\"text-align: left\">14:30 &#8211; 15:00 <span style=\"color: #eb5b37\">|<\/span> <strong>BAMPI<\/strong><br \/>\n<em><strong>Senti che bagno! &#8211; Il ruolo degli impianti per la qualit\u00e0 abitativa<\/strong><\/em><br \/>\nRelatore:\u00a0<strong>Alfredo Lombardi<\/strong><strong><br \/>\n<\/strong><\/p>\n<p style=\"text-align: left\">15:00 &#8211; 15:30 <span style=\"color: #eb5b37\">|<\/span> <strong>ANIT<\/strong><br \/>\n<em><strong>Quale futuro per il comfort acustico? Prescrizioni in vigore e prospettive future<\/strong><\/em><br \/>\nRelatore:\u00a0<strong>Ing. Matteo Borghi<\/strong><strong><br \/>\n<\/strong><\/p>\n<p style=\"text-align: left\">15:30 &#8211; 16:00 <span style=\"color: #eb5b37\">|<\/span> <strong>ISOLKAPPA<\/strong><br \/>\n<em><strong>Isolkappa presenta SILENCE: la nuova linea termoacustica per un comfort abitativo completo<\/strong><\/em><br \/>\nRelatore:\u00a0<strong>Ing. Domenico Del Franco<\/strong><strong><br \/>\n<\/strong><\/p>\n<p style=\"text-align: left\">16:00 &#8211; 16:30 <span style=\"color: #eb5b37\">|<\/span> <strong>CLIMACELL<\/strong><br \/>\n<em><strong>Strategie vincenti per la riqualificazione energetica\u00a0nel clima mediterraneo<\/strong><\/em><br \/>\nRelatore:\u00a0<strong>Ing. Raffaele Russo<\/strong><strong><br \/>\n<\/strong><\/p>\n<p style=\"text-align: left\">16:30 &#8211; 17:00 <span style=\"color: #eb5b37\">|<\/span> <strong>ANIT<\/strong><br \/>\n<em><strong>Progettare i ponti termici<\/strong><\/em><br \/>\nRelatore:\u00a0<strong>Ing. Rossella Esposti<\/strong><strong><br \/>\n<\/strong><\/p>\n[\/vc_column_text][\/vc_column_inner][vc_column_inner width=&#8221;1\/3&#8243;][vc_text_separator title=&#8221;Sabato 25 ottobre&#8221; title_align=&#8221;separator_align_left&#8221; align=&#8221;align_left&#8221; color=&#8221;custom&#8221; accent_color=&#8221;#f8b43f&#8221;][vc_column_text]\n<p style=\"text-align: left\">10:00 &#8211; 10:20 <span style=\"color: #eb5b37\">|<\/span> <strong>STIFERITE<\/strong><br \/>\n<em><strong>Isolamento a secco: WallEvo, la innovativa soluzione Stiferite<\/strong><\/em><br \/>\nRelatore:\u00a0<strong>Dott. Fabio Raggiotto<strong><br \/>\n<\/strong><\/strong><\/p>\n<p style=\"text-align: left\">10:20 &#8211; 10:40 <span style=\"color: #eb5b37\">|<\/span> <strong>ISOLAREFLEX<\/strong><br \/>\n<em><strong>Gli isolanti termoriflettenti<\/strong><\/em><br \/>\nRelatore:\u00a0<strong>Ing. Giannicola De Angelis<\/strong><strong><br \/>\n<\/strong><\/p>\n<p style=\"text-align: left\">10:40 &#8211; 11:00 <span style=\"color: #eb5b37\">|<\/span> <strong>EDILTEC<\/strong><br \/>\n<em><strong>Isolamento termico: soluzioni tecniche per edifici efficienti<\/strong><\/em><br \/>\nRelatore:\u00a0<strong> Dott. Francesco Cassotta<strong><br \/>\n<\/strong><\/strong><\/p>\n<p style=\"text-align: left\">11:00 &#8211; 11:20 <span style=\"color: #eb5b37\">|<\/span> <strong>ANIT<\/strong><br \/>\n<em><strong>EPBD 4: a che punto siamo e cosa serve per rispondere alle richieste di efficienza dell&#8217;Europa<\/strong><\/em><br \/>\nRelatore:\u00a0<strong>Ing. Valeria Erba<\/strong><strong><br \/>\n<\/strong><\/p>\n<p style=\"text-align: left\">11:20 &#8211; 11:40 <span style=\"color: #eb5b37\">|<\/span> <strong>BIOISOTHERM<\/strong><br \/>\n<em><strong>Sfatare i miti e analizzare le opportunit\u00e0 del sistema di isolamento a cappotto<\/strong><\/em><br \/>\nRelatore:\u00a0<strong>Gianluca Ciroi<\/strong><\/p>\n<p style=\"text-align: left\">11:40 &#8211; 12:00 <span style=\"color: #eb5b37\">|<\/span> <strong>SWISSPOR<\/strong><br \/>\n<em><strong>Case green: le soluzioni di isolamento con prodotti termoacustici innovativi<\/strong><\/em><br \/>\nRelatore:\u00a0<strong>Dott. Paolo Cilia <\/strong><\/p>\n<p style=\"text-align: left\">12:00 &#8211; 12:20 <span style=\"color: #eb5b37\">|<\/span> <strong>CLIMACELL<\/strong><br \/>\n<em><strong>Isolare con fiocchi di cellulosa: evidenze sorprendenti dall\u2019esperienza sul campo<\/strong><\/em><br \/>\nRelatore:\u00a0<strong>Dott.ssa Christine Schneider<\/strong><\/p>\n[\/vc_column_text][\/vc_column_inner][\/vc_row_inner][vc_row_inner][vc_column_inner][vc_column_text]\n<p style=\"text-align: center\"><a class=\"btn btn-lg my-0\" href=\"https:\/\/espositori.saiebari.it\/portale\/it\/convegni\" target=\"_blank\" rel=\"noopener\">Programma Completo SAIE Bari 2025 \u00bb<\/a><\/p>\n[\/vc_column_text][\/vc_column_inner][\/vc_row_inner][\/vc_column][\/vc_row][vc_row el_class=&#8221;py-lg-2 px-lg-5&#8243;][vc_column][vc_empty_space][vc_row_inner][vc_column_inner width=&#8221;1\/4&#8243;][\/vc_column_inner][vc_column_inner width=&#8221;1\/2&#8243;][vc_column_text]\n<div class=\"wpb_text_column wpb_content_element \">\n<div class=\"wpb_wrapper\">\n<p style=\"text-align: center\"><em>In collaborazione con\u00a0<\/em><\/p>\n<\/div>\n<\/div>\n[\/vc_column_text][vc_single_image image=&#8221;19253&#8243; img_size=&#8221;medium&#8221; alignment=&#8221;center&#8221;][\/vc_column_inner][vc_column_inner width=&#8221;1\/4&#8243;][\/vc_column_inner][\/vc_row_inner][vc_empty_space][\/vc_column][\/vc_row][vc_row][vc_column][vc_empty_space height=&#8221;64px&#8221;][vc_column_text]\n<h3 style=\"text-align: center\"><b>Le aziende che hanno partecipato alla Piazza efficienza energetica, comfort acustico e sostenibilit\u00e0 ANIT<\/b><\/h3>\n[\/vc_column_text][vc_row_inner content_placement=&#8221;middle&#8221;][vc_column_inner width=&#8221;1\/5&#8243;][vc_single_image image=&#8221;17399&#8243; img_size=&#8221;250x&#8221; alignment=&#8221;center&#8221;][\/vc_column_inner][vc_column_inner width=&#8221;1\/5&#8243;][vc_single_image image=&#8221;22305&#8243; img_size=&#8221;250x&#8221; alignment=&#8221;center&#8221;][\/vc_column_inner][vc_column_inner width=&#8221;1\/5&#8243;][vc_hoverbox image=&#8221;21740&#8243; primary_title=&#8221;&#8221; hover_title=&#8221;&#8221; hover_background_color=&#8221;custom&#8221; hover_btn_title=&#8221;<b>Leggi l&#8217;intervista<\/b>&#8221; hover_btn_style=&#8221;outline&#8221; hover_btn_color=&#8221;white&#8221; hover_btn_align=&#8221;center&#8221; hover_add_button=&#8221;true&#8221; hover_btn_link=&#8221;url:https%3A%2F%2Fwww.saiebari.it%2Fit%2Finterviste-espositori-2025%2Fedilcass-25%2F&#8221; hover_custom_background=&#8221;#f7b71f&#8221;][\/vc_hoverbox][\/vc_column_inner][vc_column_inner width=&#8221;1\/5&#8243;][vc_hoverbox image=&#8221;21570&#8243; primary_title=&#8221;&#8221; hover_title=&#8221;&#8221; hover_background_color=&#8221;custom&#8221; hover_btn_title=&#8221;<b>Leggi l&#8217;intervista<\/b>&#8221; hover_btn_style=&#8221;outline&#8221; hover_btn_color=&#8221;white&#8221; hover_btn_align=&#8221;center&#8221; hover_add_button=&#8221;true&#8221; hover_btn_link=&#8221;url:https%3A%2F%2Fwww.saiebari.it%2Fit%2Finterviste-espositori-2025%2Fediltec-insulation%2F&#8221; hover_custom_background=&#8221;#f7b71f&#8221;][\/vc_hoverbox][\/vc_column_inner][vc_column_inner width=&#8221;1\/5&#8243;][vc_single_image image=&#8221;22725&#8243; img_size=&#8221;250x&#8221; alignment=&#8221;center&#8221;][\/vc_column_inner][\/vc_row_inner][vc_row_inner content_placement=&#8221;middle&#8221;][vc_column_inner width=&#8221;1\/5&#8243;][vc_hoverbox image=&#8221;21157&#8243; primary_title=&#8221;&#8221; hover_title=&#8221;&#8221; hover_background_color=&#8221;custom&#8221; hover_btn_title=&#8221;<b>Leggi l&#8217;intervista<\/b>&#8221; hover_btn_style=&#8221;outline&#8221; hover_btn_color=&#8221;white&#8221; hover_btn_align=&#8221;center&#8221; hover_add_button=&#8221;true&#8221; hover_btn_link=&#8221;url:https%3A%2F%2Fwww.saiebari.it%2Fit%2Finterviste-espositori-2025%2Ffavima%2F&#8221; hover_custom_background=&#8221;#f7b71f&#8221;][\/vc_hoverbox][\/vc_column_inner][vc_column_inner width=&#8221;1\/5&#8243;][vc_single_image image=&#8221;22303&#8243; img_size=&#8221;250x&#8221; alignment=&#8221;center&#8221;][\/vc_column_inner][vc_column_inner width=&#8221;1\/5&#8243;][vc_hoverbox image=&#8221;20634&#8243; primary_title=&#8221;&#8221; hover_title=&#8221;&#8221; hover_background_color=&#8221;custom&#8221; hover_btn_title=&#8221;<b>Leggi l&#8217;intervista<\/b>&#8221; hover_btn_style=&#8221;outline&#8221; hover_btn_color=&#8221;white&#8221; hover_btn_align=&#8221;center&#8221; hover_add_button=&#8221;true&#8221; hover_btn_link=&#8221;url:https%3A%2F%2Fwww.saiebari.it%2Fit%2Finterviste-espositori-2025%2Fisotex%2F&#8221; hover_custom_background=&#8221;#f7b71f&#8221;][\/vc_hoverbox][\/vc_column_inner][vc_column_inner width=&#8221;1\/5&#8243;][vc_hoverbox image=&#8221;21127&#8243; primary_title=&#8221;&#8221; hover_title=&#8221;&#8221; hover_background_color=&#8221;custom&#8221; hover_btn_title=&#8221;<b>Leggi l&#8217;intervista<\/b>&#8221; hover_btn_style=&#8221;outline&#8221; hover_btn_color=&#8221;white&#8221; hover_btn_align=&#8221;center&#8221; hover_add_button=&#8221;true&#8221; hover_btn_link=&#8221;url:https%3A%2F%2Fwww.saiebari.it%2Fit%2Finterviste-espositori-2025%2Frofix%2F&#8221; hover_custom_background=&#8221;#f7b71f&#8221;][\/vc_hoverbox][\/vc_column_inner][vc_column_inner width=&#8221;1\/5&#8243;][vc_single_image image=&#8221;22727&#8243; img_size=&#8221;250x&#8221; alignment=&#8221;center&#8221;][\/vc_column_inner][\/vc_row_inner][vc_row_inner content_placement=&#8221;middle&#8221;][vc_column_inner width=&#8221;1\/5&#8243;][\/vc_column_inner][vc_column_inner width=&#8221;1\/5&#8243;][vc_hoverbox image=&#8221;20705&#8243; primary_title=&#8221;&#8221; hover_title=&#8221;&#8221; hover_background_color=&#8221;custom&#8221; hover_btn_title=&#8221;<b>Leggi l&#8217;intervista<\/b>&#8221; hover_btn_style=&#8221;outline&#8221; hover_btn_color=&#8221;white&#8221; hover_btn_align=&#8221;center&#8221; hover_add_button=&#8221;true&#8221; hover_btn_link=&#8221;url:https%3A%2F%2Fwww.saiebari.it%2Fit%2Finterviste-espositori-2025%2Fstiferite%2F&#8221; hover_custom_background=&#8221;#f7b71f&#8221;][\/vc_hoverbox][\/vc_column_inner][vc_column_inner width=&#8221;1\/5&#8243;][vc_single_image image=&#8221;22307&#8243; img_size=&#8221;250x&#8221; alignment=&#8221;center&#8221;][\/vc_column_inner][vc_column_inner width=&#8221;1\/5&#8243;][vc_single_image image=&#8221;14893&#8243; img_size=&#8221;250x&#8221; alignment=&#8221;center&#8221;][\/vc_column_inner][vc_column_inner width=&#8221;1\/5&#8243;][\/vc_column_inner][\/vc_row_inner][vc_empty_space][\/vc_column][\/vc_row][vc_row][vc_column el_class=&#8221;my-1 bg-gray&#8221;][vc_row_inner][vc_column_inner][vc_empty_space][vc_column_text]\n<h3 style=\"text-align: center\">Scopri la lista delle aziende presenti a SAIE Bari 2025<\/h3>\n<p style=\"text-align: center\"><a class=\"btn btn-lg btn-primary my-1\" href=\"https:\/\/espositori.saiebari.it\/portale\/it\/espositori\" target=\"_blank\" rel=\"noopener\">Elenco Espositori<\/a><\/p>\n[\/vc_column_text][vc_empty_space][\/vc_column_inner][\/vc_row_inner][\/vc_column][\/vc_row]\n","protected":false},"excerpt":{"rendered":"<p>[vc_row equal_height=&#8221;yes&#8221; el_class=&#8221;my-1&#8243;][vc_column][vc_row_inner equal_height=&#8221;yes&#8221; content_placement=&#8221;top&#8221;][vc_column_inner el_class=&#8221;py-lg-2 px-lg-5&#8243; width=&#8221;2\/3&#8243;][vc_column_text] Piazza efficienza energetica, comfort acustico e sostenibilit\u00e0 ANIT [\/vc_column_text][vc_column_text]Un\u2019area espositiva e di formazione tecnica interamente dedicata all\u2019involucro edilizio di qualit\u00e0, efficiente dal punto di vista energetico, acustico e rispettoso dei criteri di sostenibilit\u00e0. La piazza \u00e8 stata gestita da ANIT- associazione nazionale per l\u2019isolamento termico e acustico, [&hellip;]<\/p>\n","protected":false},"author":33,"featured_media":16901,"parent":0,"menu_order":0,"comment_status":"closed","ping_status":"closed","template":"","meta":[],"acf":[],"aioseo_notices":[],"_links":{"self":[{"href":"https:\/\/www.saiebari.it\/it\/wp-json\/wp\/v2\/pages\/19252"}],"collection":[{"href":"https:\/\/www.saiebari.it\/it\/wp-json\/wp\/v2\/pages"}],"about":[{"href":"https:\/\/www.saiebari.it\/it\/wp-json\/wp\/v2\/types\/page"}],"author":[{"embeddable":true,"href":"https:\/\/www.saiebari.it\/it\/wp-json\/wp\/v2\/users\/33"}],"replies":[{"embeddable":true,"href":"https:\/\/www.saiebari.it\/it\/wp-json\/wp\/v2\/comments?post=19252"}],"version-history":[{"count":2,"href":"https:\/\/www.saiebari.it\/it\/wp-json\/wp\/v2\/pages\/19252\/revisions"}],"predecessor-version":[{"id":23708,"href":"https:\/\/www.saiebari.it\/it\/wp-json\/wp\/v2\/pages\/19252\/revisions\/23708"}],"wp:featuredmedia":[{"embeddable":true,"href":"https:\/\/www.saiebari.it\/it\/wp-json\/wp\/v2\/media\/16901"}],"wp:attachment":[{"href":"https:\/\/www.saiebari.it\/it\/wp-json\/wp\/v2\/media?parent=19252"}],"curies":[{"name":"wp","href":"https:\/\/api.w.org\/{rel}","templated":true}]}}