{"id":2041,"date":"2019-05-03T10:22:00","date_gmt":"2019-05-03T10:22:00","guid":{"rendered":"https:\/\/www.saiebari.it\/?page_id=2041"},"modified":"2019-06-18T10:04:47","modified_gmt":"2019-06-18T10:04:47","slug":"piazza-materiali-costruttivi","status":"publish","type":"page","link":"https:\/\/www.saiebari.it\/it\/piazza-materiali-costruttivi\/","title":{"rendered":"PIAZZA DEI MATERIALI COSTRUTTIVI"},"content":{"rendered":"[vc_row equal_height=&#8221;yes&#8221; el_class=&#8221;my-1&#8243;][vc_column][vc_row_inner equal_height=&#8221;yes&#8221; content_placement=&#8221;top&#8221;][vc_column_inner el_class=&#8221;py-lg-2 px-lg-5&#8243; width=&#8221;2\/3&#8243;][vc_column_text]\n<h2>L&#8217;area speciale dedicata ai materiali in edilizia<\/h2>\n[\/vc_column_text][vc_column_text]In un contesto di mercato in cui imprese edili, costruttori, serramentisti e utenti finali sono sempre pi\u00f9 esigenti nella ricerca di soluzioni di qualit\u00e0, il mondo dei materiali da costruzione \u00e8 chiamato ad una nuova sfida: integrare <strong>tradizione e innovazione<\/strong>, trovando <strong>soluzioni costruttive durevoli, tecnicamente performanti e convenienti<\/strong>, <strong>naturali e inedite<\/strong>, <strong>sostenibili<\/strong> da un punto di vista ambientale <strong>e sismicamente sicure<\/strong>.[\/vc_column_text][vc_column_text]<em>Media Partner<\/em><\/p>\n<p><img decoding=\"async\" loading=\"lazy\" class=\"alignnone wp-image-1982\" src=\"\/public\/uploads\/sites\/13\/Riviste-TN.png\" alt=\"\" width=\"484\" height=\"526\" \/><\/p>\n<p><a class=\"btn btn-lg btn-primary my-2\" href=\"\/it\/contatti\/\">Richiedi informazioni<\/a>[\/vc_column_text][\/vc_column_inner][vc_column_inner el_class=&#8221;p-1 p-sm-3 p-lg-4 bg-darker&#8221; width=&#8221;1\/3&#8243;][vc_wp_custommenu nav_menu=&#8221;12&#8243;][\/vc_column_inner][\/vc_row_inner][\/vc_column][\/vc_row][vc_row equal_height=&#8221;yes&#8221; content_placement=&#8221;middle&#8221; el_class=&#8221;my-1 bg-gray&#8221;][vc_column][vc_row_inner equal_height=&#8221;yes&#8221; rtl_reverse=&#8221;yes&#8221; content_placement=&#8221;top&#8221;][vc_column_inner el_class=&#8221;col-img&#8221; width=&#8221;1\/3&#8243; css=&#8221;.vc_custom_1557236750578{background-image: url(\/public\/uploads\/sites\/13\/4_verticale.jpg?id=2068) !important;background-position: center !important;background-repeat: no-repeat !important;background-size: cover !important;}&#8221;][\/vc_column_inner][vc_column_inner el_class=&#8221;py-lg-2 px-lg-5&#8243; width=&#8221;2\/3&#8243; css=&#8221;.vc_custom_1557236680475{border-left-width: 25px !important;background-position: center !important;background-repeat: no-repeat !important;background-size: cover !important;}&#8221;][vc_column_text]\n<h3>SAIE BARI valorizza i materiali e le tecnologie da costruzione, tra innovazione e tradizione<\/h3>\n<ul>\n<li>L\u2019<strong>esposizione<\/strong> di prodotti, unita alla <strong>presentazione all\u2019interno della Piazza dei Materiali,<\/strong> consentir\u00e0 ai tecnici di <strong>toccare con mano<\/strong> le soluzioni applicative.<\/li>\n<li><strong>Aree dimostrative, corsi <\/strong>e momenti di<strong> approfondimento tecnologico <\/strong>riservate alle aziende, permetteranno ai visitatori di vivere un&#8217;esperienza unica.<\/li>\n<\/ul>\n[\/vc_column_text][vc_column_text]\n<h3>Trend topic della piazza:<\/h3>\n<h5><img decoding=\"async\" loading=\"lazy\" class=\"alignnone size-full wp-image-1954\" src=\"\/public\/uploads\/sites\/13\/Risorsa-6Percorso-4_bis.png\" alt=\"\" width=\"18\" height=\"17\" \/>Legno<\/h5>\n<h5><img decoding=\"async\" loading=\"lazy\" class=\"alignnone size-full wp-image-1954\" src=\"https:\/\/www.saiebari.it\/public\/uploads\/sites\/13\/Risorsa-6Percorso-4_bis.png\" alt=\"\" width=\"18\" height=\"17\" \/>Acciaio<\/h5>\n<h5><img decoding=\"async\" loading=\"lazy\" class=\"alignnone size-full wp-image-1954\" src=\"\/public\/uploads\/sites\/13\/Risorsa-6Percorso-4_bis.png\" alt=\"\" width=\"18\" height=\"17\" \/>Vetro<\/h5>\n<h5><img decoding=\"async\" loading=\"lazy\" class=\"alignnone size-full wp-image-1954\" src=\"\/public\/uploads\/sites\/13\/Risorsa-6Percorso-4_bis.png\" alt=\"\" width=\"18\" height=\"17\" \/>Pietra<\/h5>\n<h5><img decoding=\"async\" loading=\"lazy\" class=\"alignnone size-full wp-image-1954\" src=\"\/public\/uploads\/sites\/13\/Risorsa-6Percorso-4_bis.png\" alt=\"\" width=\"18\" height=\"17\" \/>Laterizi e Ceramiche<\/h5>\n<h5><img decoding=\"async\" loading=\"lazy\" class=\"alignnone size-full wp-image-1954\" src=\"https:\/\/www.saiebari.it\/public\/uploads\/sites\/13\/Risorsa-6Percorso-4_bis.png\" alt=\"\" width=\"18\" height=\"17\" \/>Tessuti<\/h5>\n<h5><img decoding=\"async\" loading=\"lazy\" class=\"alignnone size-full wp-image-1954\" src=\"https:\/\/www.saiebari.it\/public\/uploads\/sites\/13\/Risorsa-6Percorso-4_bis.png\" alt=\"\" width=\"18\" height=\"17\" \/>Materiali compositi<\/h5>\n[\/vc_column_text][vc_separator color=&#8221;orange&#8221;][vc_column_text]\n<h3>Prodotti in esposizione:<\/h3>\n<p>Laterizi \/ Materiali ceramici \/ Pietra naturale \/ Materiali lapidei \/ Cemento e calcestruzzo \/ Legno\/ Acciaio \/ Vetro \/Tessuti \/ Materiali compositi \/ Bio materiali<\/p>\n<h3>Tipologia visitatori coinvolti:<\/h3>\n<p>Progettisti \/ Tecnici specializzati \/ Impiantisti \/ Installatori \/Architetti \/ Geometri \/ Imprese Edili \/ Applicatori \/ BIM Manager \/ Ingegneri \/ Direttori Lavori \/ Distributori \/ Grossisti \/ Energy Manager \/ Certificatori energetici \/ Pubbliche Amministrazioni \/ Amministratori di Condominio[\/vc_column_text][vc_column_text]<a class=\"btn btn-lg btn-primary my-2\" href=\"\/it\/contatti\/\">Richiedi informazioni<\/a>[\/vc_column_text][\/vc_column_inner][\/vc_row_inner][\/vc_column][\/vc_row][vc_row][vc_column][vc_column_text]\n[\/vc_column_text][\/vc_column][\/vc_row]\n","protected":false},"excerpt":{"rendered":"<p>[vc_row equal_height=&#8221;yes&#8221; el_class=&#8221;my-1&#8243;][vc_column][vc_row_inner equal_height=&#8221;yes&#8221; content_placement=&#8221;top&#8221;][vc_column_inner el_class=&#8221;py-lg-2 px-lg-5&#8243; width=&#8221;2\/3&#8243;][vc_column_text] L&#8217;area speciale dedicata ai materiali in edilizia [\/vc_column_text][vc_column_text]In un contesto di mercato in cui imprese edili, costruttori, serramentisti e utenti finali sono sempre pi\u00f9 esigenti nella ricerca di soluzioni di qualit\u00e0, il mondo dei materiali da costruzione \u00e8 chiamato ad una nuova sfida: integrare tradizione e innovazione, [&hellip;]<\/p>\n","protected":false},"author":19,"featured_media":2051,"parent":0,"menu_order":0,"comment_status":"closed","ping_status":"closed","template":"","meta":[],"acf":[],"aioseo_notices":[],"_links":{"self":[{"href":"https:\/\/www.saiebari.it\/it\/wp-json\/wp\/v2\/pages\/2041"}],"collection":[{"href":"https:\/\/www.saiebari.it\/it\/wp-json\/wp\/v2\/pages"}],"about":[{"href":"https:\/\/www.saiebari.it\/it\/wp-json\/wp\/v2\/types\/page"}],"author":[{"embeddable":true,"href":"https:\/\/www.saiebari.it\/it\/wp-json\/wp\/v2\/users\/19"}],"replies":[{"embeddable":true,"href":"https:\/\/www.saiebari.it\/it\/wp-json\/wp\/v2\/comments?post=2041"}],"version-history":[{"count":3,"href":"https:\/\/www.saiebari.it\/it\/wp-json\/wp\/v2\/pages\/2041\/revisions"}],"predecessor-version":[{"id":2403,"href":"https:\/\/www.saiebari.it\/it\/wp-json\/wp\/v2\/pages\/2041\/revisions\/2403"}],"wp:featuredmedia":[{"embeddable":true,"href":"https:\/\/www.saiebari.it\/it\/wp-json\/wp\/v2\/media\/2051"}],"wp:attachment":[{"href":"https:\/\/www.saiebari.it\/it\/wp-json\/wp\/v2\/media?parent=2041"}],"curies":[{"name":"wp","href":"https:\/\/api.w.org\/{rel}","templated":true}]}}