{"id":22190,"date":"2025-07-28T15:39:28","date_gmt":"2025-07-28T15:39:28","guid":{"rendered":"https:\/\/www.saiebari.it\/?page_id=22190"},"modified":"2025-10-28T13:56:46","modified_gmt":"2025-10-28T13:56:46","slug":"piazza-legno","status":"publish","type":"page","link":"https:\/\/www.saiebari.it\/it\/piazza-legno\/","title":{"rendered":"Piazza Legno"},"content":{"rendered":"[vc_row equal_height=&#8221;yes&#8221; el_class=&#8221;my-1&#8243;][vc_column width=&#8221;2\/3&#8243; el_class=&#8221;py-lg-2 px-lg-5&#8243;][vc_row_inner][vc_column_inner][vc_column_text]\n<h2>Piazza Legno<\/h2>\n[\/vc_column_text][vc_column_text]<span data-contrast=\"auto\">L\u2019area tematica dedicata al crescente impiego del legno nelle costruzioni, simbolo di innovazione e sostenibilit\u00e0. Qui, le aziende del settore hanno presentato le pi\u00f9 recenti soluzioni tecnologiche, materiali performanti e case history d\u2019eccellenza, offrendo una panoramica completa sulle potenzialit\u00e0 di questo straordinario materiale.<\/span><span data-ccp-props=\"{}\">\u00a0<\/span><\/p>\n<p><span data-contrast=\"auto\">Un ricco programma di <\/span><b><span data-contrast=\"auto\">relazioni tecniche e speech commerciali<\/span><\/b><span data-contrast=\"auto\"> ha permesso ai professionisti in visita a SAIE Bari 2025 di approfondire vantaggi, applicazioni e normative legate all\u2019uso del legno, sia nelle <\/span><b><span data-contrast=\"auto\">nuove realizzazioni<\/span><\/b><span data-contrast=\"auto\"> che negli interventi di <\/span><b><span data-contrast=\"auto\">riqualificazione e recupero del costruito<\/span><\/b><span data-contrast=\"auto\">.<\/span><span data-ccp-props=\"{}\">\u00a0<\/span><\/p>\n<p><span data-contrast=\"auto\">\u00c8 stato un vero e proprio punto di incontro dove si \u00e8 potuto aggiornarsi, scoprire le ultime tendenze e creare nuove opportunit\u00e0 di business nel settore delle costruzioni in legno.<\/span><span data-ccp-props=\"{}\">\u00a0<\/span>[\/vc_column_text][\/vc_column_inner][\/vc_row_inner][vc_row_inner content_placement=&#8221;middle&#8221;][vc_column_inner][vc_column_text]\n<p style=\"text-align: left\"><a class=\"btn btn-lg my-0\" href=\"\/it\/contatti\/\" target=\"_blank\" rel=\"noopener\">Richiedi informazioni<\/a><\/p>\n[\/vc_column_text][\/vc_column_inner][\/vc_row_inner][\/vc_column][vc_column width=&#8221;1\/3&#8243; el_class=&#8221;p-1 p-sm-3 p-lg-4 bg-darker&#8221;][vc_row_inner][vc_column_inner][vc_wp_custommenu nav_menu=&#8221;12&#8243;][\/vc_column_inner][\/vc_row_inner][\/vc_column][\/vc_row][vc_row equal_height=&#8221;yes&#8221; content_placement=&#8221;middle&#8221; el_class=&#8221;py-lg-2 px-lg-5 bg-gray&#8221; el_id=&#8221;programma&#8221;][vc_column css=&#8221;.vc_custom_1564664077693{padding-top: 0px !important;}&#8221;][vc_row_inner equal_height=&#8221;yes&#8221; content_placement=&#8221;top&#8221;][vc_column_inner el_class=&#8221;py-lg-2 px-lg-5&#8243;][vc_column_text]\n<h3 style=\"text-align: center\"><strong>Programma Interventi Tecnici Piazza Legno 2025<\/strong><\/h3>\n[\/vc_column_text][\/vc_column_inner][\/vc_row_inner][vc_row_inner equal_height=&#8221;yes&#8221;][vc_column_inner width=&#8221;1\/3&#8243;][vc_text_separator title=&#8221;Gioved\u00ec 23 ottobre&#8221; title_align=&#8221;separator_align_left&#8221; align=&#8221;align_left&#8221; color=&#8221;custom&#8221; accent_color=&#8221;#f8b43f&#8221;][vc_column_text]\n<p style=\"text-align: left\">10:00 &#8211; 11:30<br \/>\n<em><strong>Dall&#8217;albero all&#8217;edificio: approccio alla progettazione in legno<\/strong><\/em><br \/>\nRelatore:\u00a0<strong>Fabio Grassucci<\/strong><\/p>\n<p style=\"text-align: left\">11:30 &#8211; 12:00 <span style=\"color: #eb5b37\">|<\/span> <strong>Rothoblaas<\/strong><br \/>\n<em><strong>Innovazione nelle Costruzioni Prefabbricate in Legno: Soluzioni Ibride e Prestazioni al Fuoco<\/strong><\/em><br \/>\nRelatore:\u00a0<strong>Vitangelo Conteduca<\/strong><\/p>\n<p style=\"text-align: left\">12:00 &#8211; 12:30 <span style=\"color: #eb5b37\">|<\/span> <strong>Riwega<\/strong><br \/>\n<em><strong>Legno-Costruire-Abitare: quando i dettagli fanno la differenza<\/strong><\/em><br \/>\nRelatore:\u00a0<strong>Claudio Pichler<\/strong><\/p>\n<p style=\"text-align: left\">12:30 &#8211; 13:00 <span style=\"color: #eb5b37\">|<\/span> <strong>Ratto Fixing<\/strong><br \/>\n<em><strong>Vantaggi del fissaggio in cantiere con RhinoBond e focus sulla sottostruttura in legno<\/strong><\/em><br \/>\nRelatore:\u00a0<strong>Lennard Spirig<\/strong> e <strong>Luca Traverso<\/strong><\/p>\n<p style=\"text-align: left\">14:00 &#8211; 15:00<br \/>\n<em><strong>La progettazione della durabilit\u00e0 delle costruzioni in legno: cos&#8217;\u00e8?<\/strong><\/em><br \/>\nRelatore:\u00a0<strong>Fabio Grassucci<\/strong><\/p>\n<p style=\"text-align: left\">15:00 &#8211; 15:30 <span style=\"color: #eb5b37\">|<\/span> <strong>FBE<\/strong><br \/>\n<em><strong>Abitare il legno, l&#8217;energia delle foreste<\/strong><\/em><br \/>\nRelatore:\u00a0<strong>Giovanna Fongaro<\/strong><\/p>\n<p style=\"text-align: left\">15:30 &#8211; 16:00 <span style=\"color: #eb5b37\">|<\/span> <strong>EXRG<\/strong><br \/>\n<em><strong>Soluzioni impiantistiche per confort indoor: VMC termoidraulica e aggregati compatti<\/strong><\/em><br \/>\nRelatore:\u00a0<strong>Ivo Cerboni<\/strong><\/p>\n<p style=\"text-align: left\">16:00 &#8211; 16:30 <span style=\"color: #eb5b37\">|<\/span> <strong>Essepi<\/strong><br \/>\n<em><strong>Serramenti Essepi: dialogo tra Sostenibilit\u00e0 e Design, tra Natura e Tecnologia<\/strong><\/em><br \/>\nRelatore:\u00a0<strong>Gianluca Pozzato<\/strong><\/p>\n<p style=\"text-align: left\">16:30 &#8211; 17:00 <span style=\"color: #eb5b37\">|<\/span> <strong>New Floor<\/strong><br \/>\n<em><strong>Il pavimento sopraelevato: parquet e altre finiture d&#8217;eccellenza<\/strong><\/em><br \/>\nRelatore:\u00a0<strong>Enrica Pengo<\/strong><\/p>\n<p style=\"text-align: left\">17:00 &#8211; 17:30 <span style=\"color: #eb5b37\">|<\/span> <strong>Alpewa<\/strong><br \/>\n<em><strong>Rivestimenti metallici per l\u2019edilizia in legno: soluzioni Alpewa tra design, durabilit\u00e0 e sostenibilit\u00e0<\/strong><\/em><br \/>\nRelatore:\u00a0<strong>Ileana Battafarano<\/strong><\/p>\n[\/vc_column_text][\/vc_column_inner][vc_column_inner el_class=&#8221;bg-gray&#8221; width=&#8221;1\/3&#8243;][vc_text_separator title=&#8221;Venerd\u00ec 24 ottobre&#8221; title_align=&#8221;separator_align_left&#8221; align=&#8221;align_left&#8221; color=&#8221;custom&#8221; accent_color=&#8221;#f8b43f&#8221;][vc_column_text]\n<p style=\"text-align: left\">10:00 &#8211; 11:30<br \/>\n<em><strong>Dall&#8217;albero all&#8217;edificio: approccio alla progettazione in legno<\/strong><\/em><br \/>\nRelatore:\u00a0<strong>Fabio Grassucci<\/strong><\/p>\n<p style=\"text-align: left\">11:30 &#8211; 12:00 <span style=\"color: #eb5b37\">|<\/span> <strong>Xlam Dolomiti<\/strong><br \/>\n<em><strong>Lo sviluppo in altezza in ambito urbano: Edifici residenziali con struttura Xlam<\/strong><\/em><br \/>\nRelatore:\u00a0<strong>Giacomo del Bianco<\/strong><\/p>\n<p style=\"text-align: left\">12:00 &#8211; 12:30 <span style=\"color: #eb5b37\">|<\/span> <strong>Wolf Haus<\/strong><br \/>\n<em><strong>Edifici Prefabbricati in legno nei climi mediterranei<\/strong><\/em><br \/>\nRelatore:\u00a0<strong>Stefano Sbriglia<\/strong><\/p>\n<p style=\"text-align: left\">12:30 &#8211; 13:00 <span style=\"color: #eb5b37\">|<\/span> <strong>Comail<\/strong><br \/>\n<em><strong>Soluzione innovativa per edifici in legno durevoli e performanti, di facile installazione.<\/strong><\/em><br \/>\nRelatore:\u00a0<strong>Roberto Scotta<\/strong><\/p>\n<p style=\"text-align: left\">14:00 &#8211; 15:00<br \/>\n<em><strong>La progettazione della durabilit\u00e0 delle costruzioni in legno: cos&#8217;\u00e8?<\/strong><\/em><br \/>\nRelatore:\u00a0<strong>Fabio Grassucci<\/strong><\/p>\n<p style=\"text-align: left\">15:00 &#8211; 15:30 <span style=\"color: #eb5b37\">|<\/span> <strong>Mirrione F. Legnami<\/strong><br \/>\n<em><strong>Costruire in clima mediterraneo<\/strong><\/em><br \/>\nRelatore:\u00a0<strong>Bruno Mirrione<\/strong><\/p>\n<p style=\"text-align: left\">15:30 &#8211; 16:00 <span style=\"color: #eb5b37\">|<\/span> <strong>Amonn Color<\/strong><br \/>\n<em><strong>Protezione, Design, Comfort abitativo e Ciclo vitale. Quattro valori essenziali per progettare il legno<\/strong><\/em><br \/>\nRelatore:\u00a0<strong>Armin Hofstatter<\/strong><\/p>\n<p style=\"text-align: left\">16:00 &#8211; 16:30 <span style=\"color: #eb5b37\">|<\/span> <strong>Rockwool<\/strong><br \/>\n<em><strong>Soluzioni in lana di roccia Rockwool per le costruzioni in legno<\/strong><\/em><br \/>\nRelatore:\u00a0<strong>Raffaele De Vito<\/strong><\/p>\n<p style=\"text-align: left\">16:30 &#8211; 17:00 <span style=\"color: #eb5b37\">|<\/span> <strong>Virutex<\/strong><br \/>\n<em><strong>Virutex Elettro_utensili per la lavorazione del legno\u00a0<\/strong><\/em><br \/>\nRelatore:\u00a0<strong>Andrea Zanin<\/strong><\/p>\n[\/vc_column_text][\/vc_column_inner][vc_column_inner width=&#8221;1\/3&#8243;][vc_text_separator title=&#8221;Sabato 25 ottobre&#8221; title_align=&#8221;separator_align_left&#8221; align=&#8221;align_left&#8221; color=&#8221;custom&#8221; accent_color=&#8221;#f8b43f&#8221;][vc_column_text]\n<p style=\"text-align: left\">10:00 &#8211; 11:00<br \/>\n<em><strong>Dall&#8217;albero all&#8217;edificio: approccio alla progettazione in legno<\/strong><\/em><br \/>\nRelatore:\u00a0<strong>Fabio Grassucci<\/strong><\/p>\n<p style=\"text-align: left\">11:00 &#8211; 13:00<br \/>\n<em><strong>Laboratorio di Progettazione sulle Costruzioni in Legno<\/strong><\/em><\/p>\n<p style=\"text-align: left\">14:00 &#8211; 15:00<br \/>\n<em><strong>La progettazione della durabilit\u00e0 delle costruzioni in legno: cos&#8217;\u00e8?<\/strong><\/em><br \/>\nRelatore:\u00a0<strong>Fabio Grassucci<\/strong><\/p>\n<p>15:00 &#8211; 16:00<br \/>\n<em><strong>Costruire salute, il benessere generato dal legno<\/strong><\/em><br \/>\nRelatore:\u00a0<strong>Viviana Deruto<\/strong>[\/vc_column_text][\/vc_column_inner][\/vc_row_inner][vc_row_inner][vc_column_inner][vc_column_text]\n<p style=\"text-align: center\"><a class=\"btn btn-lg my-0\" href=\"https:\/\/espositori.saiebari.it\/portale\/it\/convegni\" target=\"_blank\" rel=\"noopener\">Programma Completo SAIE Bari 2025 \u00bb<\/a><\/p>\n[\/vc_column_text][\/vc_column_inner][\/vc_row_inner][\/vc_column][\/vc_row][vc_row][vc_column][vc_empty_space height=&#8221;64px&#8221;][vc_column_text]\n<h3 style=\"text-align: center\"><b>Le aziende che hanno partecipato alla Piazza Legno<\/b><\/h3>\n[\/vc_column_text][vc_row_inner content_placement=&#8221;middle&#8221;][vc_column_inner width=&#8221;1\/5&#8243;][vc_single_image image=&#8221;23129&#8243; img_size=&#8221;250x&#8221; alignment=&#8221;center&#8221;][\/vc_column_inner][vc_column_inner width=&#8221;1\/5&#8243;][vc_single_image image=&#8221;22384&#8243; img_size=&#8221;250x&#8221; alignment=&#8221;center&#8221;][\/vc_column_inner][vc_column_inner width=&#8221;1\/5&#8243;][vc_single_image image=&#8221;22734&#8243; img_size=&#8221;250x&#8221; alignment=&#8221;center&#8221;][\/vc_column_inner][vc_column_inner width=&#8221;1\/5&#8243;][vc_hoverbox image=&#8221;21256&#8243; primary_title=&#8221;&#8221; hover_title=&#8221;&#8221; hover_background_color=&#8221;custom&#8221; hover_btn_title=&#8221;<b>Leggi l&#8217;intervista<\/b>&#8221; hover_btn_style=&#8221;outline&#8221; hover_btn_color=&#8221;white&#8221; hover_btn_align=&#8221;center&#8221; hover_add_button=&#8221;true&#8221; hover_btn_link=&#8221;url:https%3A%2F%2Fwww.saiebari.it%2Fit%2Finterviste-espositori-2025%2Fessepi%2F&#8221; hover_custom_background=&#8221;#f7b71f&#8221;][\/vc_hoverbox][\/vc_column_inner][vc_column_inner width=&#8221;1\/5&#8243;][vc_single_image image=&#8221;22971&#8243; img_size=&#8221;250x&#8221; alignment=&#8221;center&#8221;][\/vc_column_inner][\/vc_row_inner][vc_row_inner content_placement=&#8221;middle&#8221;][vc_column_inner width=&#8221;1\/5&#8243;][vc_single_image image=&#8221;22386&#8243; img_size=&#8221;250x&#8221; alignment=&#8221;center&#8221;][\/vc_column_inner][vc_column_inner width=&#8221;1\/5&#8243;][vc_single_image image=&#8221;22380&#8243; img_size=&#8221;250x&#8221; alignment=&#8221;center&#8221;][\/vc_column_inner][vc_column_inner width=&#8221;1\/5&#8243;][vc_single_image image=&#8221;22250&#8243; img_size=&#8221;250x&#8221; alignment=&#8221;center&#8221;][\/vc_column_inner][vc_column_inner width=&#8221;1\/5&#8243;][vc_single_image image=&#8221;23023&#8243; img_size=&#8221;250x&#8221; alignment=&#8221;center&#8221;][\/vc_column_inner][vc_column_inner width=&#8221;1\/5&#8243;][vc_single_image image=&#8221;22312&#8243; img_size=&#8221;250x&#8221; alignment=&#8221;center&#8221;][\/vc_column_inner][\/vc_row_inner][vc_row_inner content_placement=&#8221;middle&#8221;][vc_column_inner width=&#8221;1\/5&#8243;][vc_single_image image=&#8221;22973&#8243; img_size=&#8221;250x&#8221; alignment=&#8221;center&#8221;][\/vc_column_inner][vc_column_inner width=&#8221;1\/5&#8243;][vc_single_image image=&#8221;22388&#8243; img_size=&#8221;250x&#8221; alignment=&#8221;center&#8221;][\/vc_column_inner][vc_column_inner width=&#8221;1\/5&#8243;][vc_hoverbox image=&#8221;20711&#8243; primary_title=&#8221;&#8221; hover_title=&#8221;&#8221; hover_background_color=&#8221;custom&#8221; hover_btn_title=&#8221;<b>Leggi l&#8217;intervista<\/b>&#8221; hover_btn_style=&#8221;outline&#8221; hover_btn_color=&#8221;white&#8221; hover_btn_align=&#8221;center&#8221; hover_add_button=&#8221;true&#8221; hover_btn_link=&#8221;url:https%3A%2F%2Fwww.saiebari.it%2Fit%2Finterviste-espositori-2025%2Fvirutex-italia%2F&#8221; hover_custom_background=&#8221;#f7b71f&#8221;][\/vc_hoverbox][\/vc_column_inner][vc_column_inner width=&#8221;1\/5&#8243;][vc_single_image image=&#8221;22390&#8243; img_size=&#8221;250x&#8221; alignment=&#8221;center&#8221;][\/vc_column_inner][vc_column_inner width=&#8221;1\/5&#8243;][vc_hoverbox image=&#8221;21310&#8243; primary_title=&#8221;&#8221; hover_title=&#8221;&#8221; hover_background_color=&#8221;custom&#8221; hover_btn_title=&#8221;<b>Leggi l&#8217;intervista<\/b>&#8221; hover_btn_style=&#8221;outline&#8221; hover_btn_color=&#8221;white&#8221; hover_btn_align=&#8221;center&#8221; hover_add_button=&#8221;true&#8221; hover_btn_link=&#8221;url:https%3A%2F%2Fwww.saiebari.it%2Fit%2Finterviste-espositori-2025%2Fxlam-dolomiti%2F&#8221; hover_custom_background=&#8221;#f7b71f&#8221;][\/vc_hoverbox][\/vc_column_inner][\/vc_row_inner][vc_row_inner content_placement=&#8221;middle&#8221; disable_element=&#8221;yes&#8221;][vc_column_inner width=&#8221;1\/4&#8243;][vc_single_image image=&#8221;22382&#8243; img_size=&#8221;250x&#8221; alignment=&#8221;center&#8221;][\/vc_column_inner][vc_column_inner width=&#8221;1\/4&#8243;][vc_hoverbox image=&#8221;22300&#8243; primary_title=&#8221;&#8221; hover_title=&#8221;&#8221; hover_background_color=&#8221;custom&#8221; hover_btn_title=&#8221;<b>Leggi l&#8217;intervista<\/b>&#8221; hover_btn_style=&#8221;outline&#8221; hover_btn_color=&#8221;white&#8221; hover_btn_align=&#8221;center&#8221; hover_add_button=&#8221;true&#8221; hover_btn_link=&#8221;url:https%3A%2F%2Fwww.saiebari.it%2Fit%2Finterviste-espositori-2025%2Ficol%2F&#8221; hover_custom_background=&#8221;#f7b71f&#8221;][\/vc_hoverbox][\/vc_column_inner][vc_column_inner width=&#8221;1\/4&#8243;][\/vc_column_inner][vc_column_inner width=&#8221;1\/4&#8243;][\/vc_column_inner][\/vc_row_inner][vc_empty_space][\/vc_column][\/vc_row][vc_row][vc_column el_class=&#8221;my-1 bg-gray&#8221;][vc_row_inner][vc_column_inner][vc_empty_space][vc_column_text]\n<h3 style=\"text-align: center\">Scopri la lista delle aziende presenti a SAIE Bari 2025<\/h3>\n<p style=\"text-align: center\"><a class=\"btn btn-lg btn-primary my-1\" href=\"https:\/\/espositori.saiebari.it\/portale\/it\/espositori\" target=\"_blank\" rel=\"noopener\">Elenco Espositori<\/a><\/p>\n[\/vc_column_text][vc_empty_space][\/vc_column_inner][\/vc_row_inner][\/vc_column][\/vc_row]\n","protected":false},"excerpt":{"rendered":"<p>[vc_row equal_height=&#8221;yes&#8221; el_class=&#8221;my-1&#8243;][vc_column width=&#8221;2\/3&#8243; el_class=&#8221;py-lg-2 px-lg-5&#8243;][vc_row_inner][vc_column_inner][vc_column_text] Piazza Legno [\/vc_column_text][vc_column_text]L\u2019area tematica dedicata al crescente impiego del legno nelle costruzioni, simbolo di innovazione e sostenibilit\u00e0. Qui, le aziende del settore hanno presentato le pi\u00f9 recenti soluzioni tecnologiche, materiali performanti e case history d\u2019eccellenza, offrendo una panoramica completa sulle potenzialit\u00e0 di questo straordinario materiale.\u00a0 Un ricco programma di [&hellip;]<\/p>\n","protected":false},"author":33,"featured_media":16901,"parent":0,"menu_order":0,"comment_status":"closed","ping_status":"closed","template":"","meta":[],"acf":[],"aioseo_notices":[],"_links":{"self":[{"href":"https:\/\/www.saiebari.it\/it\/wp-json\/wp\/v2\/pages\/22190"}],"collection":[{"href":"https:\/\/www.saiebari.it\/it\/wp-json\/wp\/v2\/pages"}],"about":[{"href":"https:\/\/www.saiebari.it\/it\/wp-json\/wp\/v2\/types\/page"}],"author":[{"embeddable":true,"href":"https:\/\/www.saiebari.it\/it\/wp-json\/wp\/v2\/users\/33"}],"replies":[{"embeddable":true,"href":"https:\/\/www.saiebari.it\/it\/wp-json\/wp\/v2\/comments?post=22190"}],"version-history":[{"count":2,"href":"https:\/\/www.saiebari.it\/it\/wp-json\/wp\/v2\/pages\/22190\/revisions"}],"predecessor-version":[{"id":23710,"href":"https:\/\/www.saiebari.it\/it\/wp-json\/wp\/v2\/pages\/22190\/revisions\/23710"}],"wp:featuredmedia":[{"embeddable":true,"href":"https:\/\/www.saiebari.it\/it\/wp-json\/wp\/v2\/media\/16901"}],"wp:attachment":[{"href":"https:\/\/www.saiebari.it\/it\/wp-json\/wp\/v2\/media?parent=22190"}],"curies":[{"name":"wp","href":"https:\/\/api.w.org\/{rel}","templated":true}]}}