{"id":2303,"date":"2019-06-11T08:11:09","date_gmt":"2019-06-11T08:11:09","guid":{"rendered":"https:\/\/www.saiebari.it\/?page_id=2303"},"modified":"2019-10-14T14:19:14","modified_gmt":"2019-10-14T14:19:14","slug":"piazza-edilizia-4-0","status":"publish","type":"page","link":"https:\/\/www.saiebari.it\/it\/piazza-edilizia-4-0\/","title":{"rendered":"PIAZZA EDILIZIA 4.0"},"content":{"rendered":"[vc_row equal_height=&#8221;yes&#8221; el_class=&#8221;my-1&#8243;][vc_column][vc_row_inner equal_height=&#8221;yes&#8221; content_placement=&#8221;top&#8221;][vc_column_inner el_class=&#8221;py-lg-2 px-lg-5&#8243; width=&#8221;2\/3&#8243;][vc_column_text]\n<h2>L&#8217;area speciale dedicata alle soluzioni innovative per l&#8217;Edilizia 4.0<\/h2>\n[\/vc_column_text][vc_column_text]In un contesto di mercato in cui progettisti, costruttori, serramentisti e utenti finali sono sempre pi\u00f9 esigenti nella ricerca di soluzioni di qualit\u00e0, il mondo delle costruzioni \u00e8 chiamato ad una nuova sfida: connettere tutti gli utenti coinvolti nel processo costruttivo edilizio attraverso <strong>soluzioni innovative<\/strong> che integrino<strong> sostenibilit\u00e0 e durabilit\u00e0<\/strong>, <strong>innovazione tecnologica e progettazione architettonica, efficienza energetica e antisismica.<\/strong><\/p>\n<p><a class=\"btn btn-lg btn-primary my-2\" href=\"\/it\/contatti\/\">Richiedi informazioni<\/a>[\/vc_column_text][\/vc_column_inner][vc_column_inner el_class=&#8221;p-1 p-sm-3 p-lg-4 bg-darker&#8221; width=&#8221;1\/3&#8243;][vc_wp_custommenu nav_menu=&#8221;12&#8243;][\/vc_column_inner][\/vc_row_inner][\/vc_column][\/vc_row][vc_row equal_height=&#8221;yes&#8221; content_placement=&#8221;middle&#8221; el_class=&#8221;my-1 bg-gray&#8221;][vc_column][vc_row_inner equal_height=&#8221;yes&#8221; rtl_reverse=&#8221;yes&#8221; content_placement=&#8221;top&#8221;][vc_column_inner el_class=&#8221;col-img&#8221; width=&#8221;1\/3&#8243; css=&#8221;.vc_custom_1560240547997{background-image: url(\/public\/uploads\/sites\/13\/Edilizia.jpg?id=2304) !important;background-position: center !important;background-repeat: no-repeat !important;background-size: cover !important;}&#8221;][\/vc_column_inner][vc_column_inner el_class=&#8221;py-lg-2 px-lg-5&#8243; width=&#8221;2\/3&#8243; css=&#8221;.vc_custom_1557236680475{border-left-width: 25px !important;background-position: center !important;background-repeat: no-repeat !important;background-size: cover !important;}&#8221;][vc_column_text]\n<h3>SAIE BARI valorizza le soluzioni innovative per l&#8217;Edilizia 4.0<\/h3>\n<ul>\n<li>L\u2019<strong>esposizione<\/strong> di prodotti, unita alla <strong>presentazione all\u2019interno della Piazza dell\u2019Edilizia 4.0<\/strong>, consentir\u00e0 ai visitatori di scoprire nuove soluzioni progettuali e applicative, in linea con le tendenze del mercato.<\/li>\n<li><strong>Aree dimostrative, corsi <\/strong>e momenti di<strong> approfondimento tecnologico <\/strong>riservate alle aziende, permetteranno ai visitatori di aggiornare le proprie conoscenze tecniche relative allo specifico settore.<\/li>\n<\/ul>\n[\/vc_column_text][vc_column_text]\n<h3>Trend topic della piazza:<\/h3>\n<h5><img decoding=\"async\" loading=\"lazy\" class=\"alignnone size-full wp-image-1954\" src=\"\/public\/uploads\/sites\/13\/Risorsa-6Percorso-4_bis.png\" alt=\"\" width=\"18\" height=\"17\" \/>Eco-sostenibilit\u00e0 e riciclo<\/h5>\n<h5><img decoding=\"async\" loading=\"lazy\" class=\"alignnone size-full wp-image-1954\" src=\"https:\/\/www.saiebari.it\/public\/uploads\/sites\/13\/Risorsa-6Percorso-4_bis.png\" alt=\"\" width=\"18\" height=\"17\" \/>Componenti costruttivi innovativi e tecnologicamente avanzati<\/h5>\n<h5><img decoding=\"async\" loading=\"lazy\" class=\"alignnone size-full wp-image-1954\" src=\"\/public\/uploads\/sites\/13\/Risorsa-6Percorso-4_bis.png\" alt=\"\" width=\"18\" height=\"17\" \/>Sistemi di monitoraggio<\/h5>\n<h5><img decoding=\"async\" loading=\"lazy\" class=\"alignnone size-full wp-image-1954\" src=\"\/public\/uploads\/sites\/13\/Risorsa-6Percorso-4_bis.png\" alt=\"\" width=\"18\" height=\"17\" \/>Dispositivi antisismici<\/h5>\n<h5><img decoding=\"async\" loading=\"lazy\" class=\"alignnone size-full wp-image-1954\" src=\"https:\/\/www.saiebari.it\/public\/uploads\/sites\/13\/Risorsa-6Percorso-4_bis.png\" alt=\"\" width=\"18\" height=\"17\" \/>Simulazione numerica<\/h5>\n<h5><img decoding=\"async\" loading=\"lazy\" class=\"alignnone size-full wp-image-1954\" src=\"https:\/\/www.saiebari.it\/public\/uploads\/sites\/13\/Risorsa-6Percorso-4_bis.png\" alt=\"\" width=\"18\" height=\"17\" \/>Sistemi intelligenti e realt\u00e0 aumentata<\/h5>\n<h5><img decoding=\"async\" loading=\"lazy\" class=\"alignnone size-full wp-image-1954\" src=\"https:\/\/www.saiebari.it\/public\/uploads\/sites\/13\/Risorsa-6Percorso-4_bis.png\" alt=\"\" width=\"18\" height=\"17\" \/>Materiali e componenti per l&#8217;Edilizia 4.0<\/h5>\n[\/vc_column_text][vc_separator color=&#8221;orange&#8221;][vc_column_text]\n<h3>Tipologia visitatori coinvolti:<\/h3>\n<p>Progettisti \/ Tecnici specializzati \/ Impiantisti \/ Installatori \/Architetti \/ Geometri \/ Imprese Edili \/ Applicatori \/ BIM Manager \/ Ingegneri \/ Direttori Lavori \/ Distributori \/ Grossisti \/ Energy Manager \/ Certificatori energetici \/ Pubbliche Amministrazioni[\/vc_column_text][vc_column_text]<a class=\"btn btn-lg btn-primary my-2\" href=\"\/it\/contatti\/\">Richiedi informazioni<\/a>[\/vc_column_text][\/vc_column_inner][\/vc_row_inner][\/vc_column][\/vc_row][vc_row][vc_column][vc_separator color=&#8221;orange&#8221;][vc_column_text]\n<h3 style=\"text-align: center\"><em>Il programma della piazza<\/em><\/h3>\n[\/vc_column_text][vc_row_inner equal_height=&#8221;yes&#8221; content_placement=&#8221;top&#8221;][vc_column_inner el_class=&#8221;py-2 px-3 py-sm-3 px-sm-5&#8243; width=&#8221;1\/2&#8243;][vc_column_text]\n<h3><span style=\"color: #ff6600\"><em>Gioved\u00ec 24 ottobre<\/em><\/span><\/h3>\n[\/vc_column_text][vc_column_text]Ore 10 &#8211; 11<\/p>\n<ul>\n<li><strong><strong>&#8220;<strong>BIOMATeriali in CANAPA: laboratorio su sistemi e tecnologie per costruire e ristrutturare con materiali innovativi<\/strong><\/strong><\/strong><strong>&#8221;<br \/>\n<\/strong><em>&#8211; Organizzato da: PEDONE WORKING ; Relatore: Leo Pedone<\/em><\/li>\n<\/ul>\n[\/vc_column_text][vc_column_text]Ore 11 &#8211; 14<\/p>\n<ul>\n<li><strong>&#8220;Laboratorio di Tecnologie innovative per la fruizione immersiva ed interattiva dei Beni Culturali&#8221;<br \/>\n<\/strong><em>&#8211; Organizzato da: CETMA ; Relatore: Giuseppe De Prezzo<\/em><\/li>\n<\/ul>\n[\/vc_column_text][vc_column_text]Ore 15 &#8211; 15.30<\/p>\n<ul>\n<li><strong>&#8220;Laboratorio sui materiali green per l\u2019edilizia&#8221;<br \/>\n<\/strong><em>&#8211; Organizzato da: CETMA ; Relatore: Agnese Attanasio<\/em><\/li>\n<\/ul>\n[\/vc_column_text][vc_column_text]Ore 16 &#8211; 16.30<\/p>\n<ul>\n<li><strong><strong>&#8220;<strong>La verifica delle prestazioni di componenti di involucro<\/strong><\/strong><\/strong><strong>&#8221;<br \/>\n<\/strong><em>&#8211; Organizzato da: IRCCOS ; Relatore: Luigi Luccarelli<\/em><\/li>\n<\/ul>\n[\/vc_column_text][vc_column_text]Ore 17 &#8211; 18<\/p>\n<ul>\n<li><strong><strong><strong>&#8220;<strong>Sistemi costruttivi leggeri con materiali in canapa<\/strong><\/strong><\/strong><\/strong><strong>&#8221;<br \/>\n<\/strong>&#8211; <em>Organizzato da: PEDONE WORKING ; Relatore: Leo Pedone<\/em><\/li>\n<\/ul>\n[\/vc_column_text][\/vc_column_inner][vc_column_inner el_class=&#8221;py-2 px-3 py-sm-3 px-sm-5&#8243; width=&#8221;1\/2&#8243;][vc_column_text]\n<h3><span style=\"color: #ff6600\"><em>Venerd\u00ec 25 ottobre<\/em><\/span><\/h3>\n[\/vc_column_text][vc_column_text]Ore 10 &#8211; 10.30<\/p>\n<ul>\n<li><strong>&#8220;Shape Memory Alloy (SMA) come rinforzo strutturale&#8221;<br \/>\n<\/strong><em>&#8211; Organizzato da: CETMA ; Relatore: Riccardo Angiuli<\/em><\/li>\n<\/ul>\n[\/vc_column_text][vc_column_text]Ore 11 &#8211; 11.30<\/p>\n<ul>\n<li><strong>&#8220;Laboratorio di monitoraggio strutturale con tecnologie innovative&#8221;<br \/>\n<\/strong><em>&#8211; Organizzato da: CETMA ; Relatore: Ilaria Ingrosso<\/em><\/li>\n<\/ul>\n[\/vc_column_text][vc_column_text]Ore 12 &#8211; 12.30<\/p>\n<ul>\n<li><strong>&#8220;Termografia nelle costruzioni&#8221;<br \/>\n<\/strong><em>&#8211; Organizzato da: CETMA ; Relatore: Riccardo Angiuli<\/em><\/li>\n<\/ul>\n[\/vc_column_text][vc_column_text]Ore 14.30 &#8211; 16.45<\/p>\n<ul>\n<li><strong>&#8220;Soluzioni innovative a servizio dell\u2019edilizia 4.0 \u2013 Chairman: Alessandro Largo&#8221; &#8211; WORKSHOP<br \/>\n<\/strong>14:30 | &#8220;<em>Registrazione e Apertura lavori Alessandro Largo&#8221;<\/em> &#8211; CETMA<br \/>\n14:45 | &#8220;<em>Piattaforme digitali industriali europee per la digitalizzazione dei settori&#8221;<\/em> Luigi Perissich &#8211; FEDERCOSTRUZIONI<br \/>\n15:00 | &#8220;<em>Il riciclo dei materiali: opportunit\u00e0 per l&#8217;edilizia&#8221;<\/em> Agnese Attanasio &#8211; CETMA<br \/>\n15:15 | <em>&#8220;Costruire e ristrutturare con materiali performanti in canapa e calce&#8221;<\/em> Leo Pedone &#8211; PEDONE WORKING<br \/>\n15:30 | &#8220;<em>Dispositivo antisismico per strutture spingenti: il caso studio della Chiesa di San Paolo Eremita a Brindisi&#8221;<\/em> Riccardo Angiuli &#8211; CETMA<br \/>\n15:45 | <em>&#8220;Innovazione di prodotto: dalla sperimentazione su prototipi al collaudo in opera&#8221;<\/em>\u00a0Luigi Luccarelli &#8211; IRCCOS S.r.l.<br \/>\n16:00 | <em>&#8220;L&#8217;innovazione tecnologica del costruire: l&#8217;esperienza CASA HI-LOW&#8221;<\/em> Leo Pedone &#8211; PEDONE WORKING<br \/>\n16:15 |\u00a0 <em>&#8220;Sistemi innovativi di diagnostica e monitoraggio nell&#8217;edilizia&#8221; <\/em>Ilaria Ingrosso &#8211; CETMA<br \/>\n16:30 | &#8220;<em>Edilizia e innovazione in Puglia: l\u2019esperienza del Distretto&#8221;<\/em> Salvatore Matarrese &#8211; DISTRETTO EDILIZIA SOSTENIBILE<\/li>\n<\/ul>\n[\/vc_column_text][\/vc_column_inner][\/vc_row_inner][vc_row_inner equal_height=&#8221;yes&#8221; content_placement=&#8221;top&#8221;][vc_column_inner el_class=&#8221;py-2 px-3 py-sm-3 px-sm-5&#8243; width=&#8221;1\/4&#8243;][\/vc_column_inner][vc_column_inner el_class=&#8221;py-2 px-3 py-sm-3 px-sm-5&#8243; width=&#8221;1\/2&#8243;][vc_column_text]\n<h3><span style=\"color: #ff6600\"><em>Sabato 26 ottobre<\/em><\/span><\/h3>\n[\/vc_column_text][vc_column_text]Ore 10 &#8211; 10.30<\/p>\n<ul>\n<li><strong><strong>&#8220;<strong>La verifica delle prestazioni di componenti di involucro<\/strong><\/strong><\/strong><strong>&#8221;<br \/>\n<\/strong><em>&#8211; Organizzato da: IRCCOS ; Relatore: Luigi Luccarelli<\/em><\/li>\n<\/ul>\n[\/vc_column_text][vc_column_text]Ore 11 &#8211; 12<\/p>\n<ul>\n<li><strong>&#8220;BIOMATeriali in CANAPA: laboratorio su sistemi e tecnologie per costruire e ristrutturare con materiali innovativi&#8221;<br \/>\n<\/strong><em>&#8211; Organizzato da: PEDONE WORKING ; Relatore: Leo Pedone<\/em><\/li>\n<\/ul>\n[\/vc_column_text][vc_column_text]Ore 15 &#8211; 16<\/p>\n<ul>\n<li><strong>&#8220;Sistemi costruttivi leggeri con materiali in canapa&#8221;<br \/>\n<\/strong><em>&#8211; Organizzato da: PEDONE WORKING ; Relatore: Leo Pedone<\/em><\/li>\n<\/ul>\n[\/vc_column_text][\/vc_column_inner][vc_column_inner width=&#8221;1\/4&#8243;][\/vc_column_inner][\/vc_row_inner][vc_row_inner][\/vc_row_inner][vc_column_inner width=&#8221;1\/4&#8243;][\/vc_column_inner][vc_column_inner width=&#8221;1\/2&#8243;][\/vc_column_inner][vc_separator color=&#8221;orange&#8221;][vc_column_text]\n<p style=\"text-align: right\"><em>In collaborazione con<\/em><\/p>\n<p style=\"text-align: right\"><img decoding=\"async\" loading=\"lazy\" class=\"alignnone size-full wp-image-2306\" src=\"\/public\/uploads\/sites\/13\/Logo_Cetma.png\" alt=\"\" width=\"245\" height=\"57\" \/><\/p>\n<p style=\"text-align: right\"><em>Media Partner<\/em><\/p>\n<p><img decoding=\"async\" loading=\"lazy\" class=\"alignnone size-medium wp-image-2338 alignright\" src=\"\/public\/uploads\/sites\/13\/Cover_Arketipo-227x300.png\" alt=\"\" width=\"227\" height=\"300\" srcset=\"\/public\/uploads\/sites\/13\/Cover_Arketipo-227x300.png 227w, \/public\/uploads\/sites\/13\/Cover_Arketipo-768x1017.png 768w, \/public\/uploads\/sites\/13\/Cover_Arketipo-774x1024.png 774w, \/public\/uploads\/sites\/13\/Cover_Arketipo.png 1520w\" sizes=\"(max-width: 227px) 100vw, 227px\" \/>[\/vc_column_text][vc_column_text]\n[\/vc_column_text][\/vc_column][\/vc_row]\n","protected":false},"excerpt":{"rendered":"<p>[vc_row equal_height=&#8221;yes&#8221; el_class=&#8221;my-1&#8243;][vc_column][vc_row_inner equal_height=&#8221;yes&#8221; content_placement=&#8221;top&#8221;][vc_column_inner el_class=&#8221;py-lg-2 px-lg-5&#8243; width=&#8221;2\/3&#8243;][vc_column_text] L&#8217;area speciale dedicata alle soluzioni innovative per l&#8217;Edilizia 4.0 [\/vc_column_text][vc_column_text]In un contesto di mercato in cui progettisti, costruttori, serramentisti e utenti finali sono sempre pi\u00f9 esigenti nella ricerca di soluzioni di qualit\u00e0, il mondo delle costruzioni \u00e8 chiamato ad una nuova sfida: connettere tutti gli utenti coinvolti [&hellip;]<\/p>\n","protected":false},"author":19,"featured_media":2329,"parent":0,"menu_order":0,"comment_status":"closed","ping_status":"closed","template":"","meta":[],"acf":[],"aioseo_notices":[],"_links":{"self":[{"href":"https:\/\/www.saiebari.it\/it\/wp-json\/wp\/v2\/pages\/2303"}],"collection":[{"href":"https:\/\/www.saiebari.it\/it\/wp-json\/wp\/v2\/pages"}],"about":[{"href":"https:\/\/www.saiebari.it\/it\/wp-json\/wp\/v2\/types\/page"}],"author":[{"embeddable":true,"href":"https:\/\/www.saiebari.it\/it\/wp-json\/wp\/v2\/users\/19"}],"replies":[{"embeddable":true,"href":"https:\/\/www.saiebari.it\/it\/wp-json\/wp\/v2\/comments?post=2303"}],"version-history":[{"count":1,"href":"https:\/\/www.saiebari.it\/it\/wp-json\/wp\/v2\/pages\/2303\/revisions"}],"predecessor-version":[{"id":3693,"href":"https:\/\/www.saiebari.it\/it\/wp-json\/wp\/v2\/pages\/2303\/revisions\/3693"}],"wp:featuredmedia":[{"embeddable":true,"href":"https:\/\/www.saiebari.it\/it\/wp-json\/wp\/v2\/media\/2329"}],"wp:attachment":[{"href":"https:\/\/www.saiebari.it\/it\/wp-json\/wp\/v2\/media?parent=2303"}],"curies":[{"name":"wp","href":"https:\/\/api.w.org\/{rel}","templated":true}]}}