{"id":23201,"date":"2025-09-25T13:48:32","date_gmt":"2025-09-25T13:48:32","guid":{"rendered":"https:\/\/www.saiebari.it\/?page_id=23201"},"modified":"2025-10-28T14:28:00","modified_gmt":"2025-10-28T14:28:00","slug":"area-dimostrativa-strumenti-topografici","status":"publish","type":"page","link":"https:\/\/www.saiebari.it\/it\/area-dimostrativa-strumenti-topografici\/","title":{"rendered":"Area dimostrativa strumenti topografici"},"content":{"rendered":"[vc_row equal_height=&#8221;yes&#8221; el_class=&#8221;my-1&#8243;][vc_column width=&#8221;2\/3&#8243; el_class=&#8221;py-lg-2 px-lg-5&#8243;][vc_row_inner][vc_column_inner][vc_column_text]\n<h2>L\u2019area dimostrativa esterna dedicata al rilievo e alla scansione<\/h2>\n[\/vc_column_text][vc_column_text]Uno spazio pensato per valorizzare le aziende del settore e offrire ai partecipanti la possibilit\u00e0 di testare sul campo diverse soluzioni tecnologiche. \u00c8 stato possibile confrontare prestazioni e funzionalit\u00e0 avanzate, scoprendo strumenti affidabili per rilievi topografici efficienti anche in assenza di segnale satellitare.<\/p>\n<p>Le dimostrazioni hanno messo in evidenza la rapidit\u00e0 di scansione e la gestione completa del flusso di lavoro, fino all\u2019ottenimento di dataset 3D di alta qualit\u00e0. Nuvole di punti accurate, facili da utilizzare e perfettamente integrabili con software CAD e GIS.[\/vc_column_text][vc_column_text]<a class=\"btn btn-lg my-0\" href=\"#programma\">Programma<\/a>[\/vc_column_text][\/vc_column_inner][\/vc_row_inner][\/vc_column][vc_column width=&#8221;1\/3&#8243; el_class=&#8221;p-1 p-sm-3 p-lg-4 bg-darker&#8221;][vc_row_inner][vc_column_inner][vc_wp_custommenu nav_menu=&#8221;13&#8243;][\/vc_column_inner][\/vc_row_inner][\/vc_column][\/vc_row][vc_row equal_height=&#8221;yes&#8221; content_placement=&#8221;middle&#8221; el_class=&#8221;my-1 bg-gray&#8221; el_id=&#8221;programma&#8221;][vc_column css=&#8221;.vc_custom_1759308409582{background-position: center !important;background-repeat: no-repeat !important;background-size: cover !important;}&#8221; el_class=&#8221;py-lg-2 px-lg-5&#8243;][vc_column_text css_animation=&#8221;none&#8221;]\n<h3 style=\"text-align: center\">Le attivit\u00e0 in programma a SAIE 2025<\/h3>\n[\/vc_column_text][vc_row_inner][vc_column_inner width=&#8221;1\/3&#8243;][vc_column_text]\n<h6 style=\"text-align: left\"><strong><span style=\"color: #eb5b37\">Analist Group<br \/>\n<\/span><\/strong>Scanner SLAM Eagle 3DMakerpro <span style=\"color: #eb5b37\">|<\/span> GPS GNSS RTK ProTrack<\/h6>\n<p>Dimostrazione dal vivo di rilievo 3D con scanner portatile SLAM Eagle, con acquisizione rapida di ambienti interni\/esterni. Presentazione delle funzionalit\u00e0 del GPS ProTrack per rilievi GNSS RTK con precisione centimetrica, semplicit\u00e0 d\u2019uso e immediata integrazione con software CAD e GIS.[\/vc_column_text][vc_separator color=&#8221;custom&#8221; accent_color=&#8221;#eb5b37&#8243;][vc_column_text]\n<h6 style=\"text-align: left\"><strong><span style=\"color: #eb5b37\">Cadline Software<br \/>\n<\/span><\/strong>DINO scanner LiDAR SLAM<\/h6>\n<p>DINO porta l\u2019innovazione della tecnologia SLAM nel rilievo architettonico, rendendola accessibile anche attraverso un dispositivo compatto ed economico. Tra i principali vantaggi, DINO consente di acquisire dati spaziali in modo semplice e veloce, semplicemente camminando nell\u2019ambiente da rilevare, senza bisogno di GPS o stazioni totali. Grazie ai sensori integrati, come il Lidar e la fotocamera, costruisce in tempo reale modelli 3D precisi anche in spazi complessi o articolati. Questo approccio elimina i costi elevati e le difficolt\u00e0 operative dei sistemi tradizionali, offrendo a professionisti e tecnici uno strumento innovativo per effettuare rilievi rapidi, affidabili e di alta qualit\u00e0, riducendo drasticamente tempi e risorse necessari per ogni progetto.<\/p>\n<ul>\n<li>LiDAR con tecnologia SLAM<\/li>\n<li>Soluzione tutto integrato: hardware + software<\/li>\n<li>Elaborazione nuvola direttamente nel dispositivo<\/li>\n<li>No collegamento internet<\/li>\n<li>No tempi di postproduzione<\/li>\n<li>No abbonamenti<\/li>\n<\/ul>\n<p>DINO \u00e8 un prodotto realizzato da Topoprogram e distribuito da Cadline Software s.r.l.[\/vc_column_text][\/vc_column_inner][vc_column_inner width=&#8221;1\/3&#8243;][vc_column_text]\n<h6 style=\"text-align: left\"><strong><span style=\"color: #eb5b37\">Dynatech<br \/>\n<\/span><\/strong>NavVis VLX3 e MLX <span style=\"color: #eb5b37\">|<\/span> XGRIDS L2 Pro<\/h6>\n<p>Durante la demo verranno mostrati i laser scanner SLAM NavVis VLX3, MLX e XGRIDS L2 Pro, soluzioni High-End per il rilievo in movimento. I partecipanti potranno testare gli strumenti con acquisizioni di dati 3D in tempo reale, ammirandone la velocit\u00e0 di scansione e la gestione del flusso di lavoro, per l\u2019ottenimento di dataset 3D con un\u2019altissima qualit\u00e0 della nuvola di punti.[\/vc_column_text][vc_separator color=&#8221;custom&#8221; accent_color=&#8221;#eb5b37&#8243;][vc_column_text]\n<h6 style=\"text-align: left\"><strong><span style=\"color: #eb5b37\">Gec Software<br \/>\n<\/span><\/strong>FJD TRION\u00a0P1<\/h6>\n<p>Verr\u00e0 mostrato l\u2019utilizzo dello scanner SLAM P1 per rilievi 3D rapidi e accurati in interni ed esterni. I partecipanti potranno osservare la generazione in tempo reale della nuvola di punti e comprendere come questa tecnologia semplifichi le fasi di acquisizione ed elaborazione dei dati, riducendo tempi e costi operativi.<br \/>\n[\/vc_column_text][vc_separator color=&#8221;custom&#8221; accent_color=&#8221;#eb5b37&#8243;][vc_column_text]\n<h6 style=\"text-align: left\"><strong><span style=\"color: #eb5b37\">Geotech<br \/>\n<\/span><\/strong>Lidaretto H32X<\/h6>\n<p>Lidaretto \u00e8 un sistema di scansione compatto ultra versatile con precisione di livello topografico, unico nel suo genere in quanto supporta sia il metodo di scansione PPK che SLAM, consentendo di essere utilizzato per quasi tutti i tipi di applicazioni di acquisizione di dati 3D. Una singola unit\u00e0 scanner pu\u00f2 essere montata su qualsiasi piattaforma mobile come auto, UAV, zaino, barca o treno, oppure tenuta in mano e utilizzata all&#8217;aperto o al chiuso. La dimostrazione mostrer\u00e0 come utilizzare lo scanner Lidaretto in modalit\u00e0 SLAM in configurazione portatile.<br \/>\n[\/vc_column_text][vc_separator color=&#8221;custom&#8221; accent_color=&#8221;#eb5b37&#8243;][vc_column_text]\n<h6 style=\"text-align: left\"><strong><span style=\"color: #eb5b37\">Microgeo<br \/>\n<\/span><\/strong>CHCNAV i100 <span style=\"color: #eb5b37\">|<\/span> CHCNAV RS10<\/h6>\n<p>Durante la DEMO On the Field verranno presentati i Super ricevitori GNSS CHCNAV: il nuovissimo i100 e RS10, mostrando facilit\u00e0 d\u2019uso, precisione e rapidit\u00e0 di acquisizione dati. I partecipanti potranno testare sul campo entrambe le soluzioni, confrontarne prestazioni e funzionalit\u00e0 avanzate, scoprendo strumenti ideali per rilievi topografici efficienti e affidabili in diversi contesti operativi anche in assenza di segnale satellitare.<br \/>\n[\/vc_column_text][\/vc_column_inner][vc_column_inner width=&#8221;1\/3&#8243;][vc_column_text]\n<h6 style=\"text-align: left\"><strong><span style=\"color: #eb5b37\">Spektra<br \/>\n<\/span><\/strong>Trimble R12i e TSC7 <span style=\"color: #eb5b37\">|<\/span> Trimble X9 <span style=\"color: #eb5b37\">|<\/span> Hovermap STX<\/h6>\n<p>Durante la DEMO On the Field verranno presentate le soluzioni di rilievo avanzato Trimble: il ricevitore GNSS Trimble R12i con controller TSC7 e il laser scanner Trimble X9.<br \/>\nInoltre, verr\u00e0 presentato anche il sistema di mappatura LiDAR mobile Hovermap ST-X, una soluzione innovativa e complementare alle tecnologie Trimble.<br \/>\nI partecipanti avranno l\u2019opportunit\u00e0 di testare sul campo le diverse tecnologie, apprezzandone la semplicit\u00e0 d\u2019uso, l\u2019elevata precisione e la versatilit\u00e0 applicativa. Sar\u00e0 possibile sperimentare la rapidit\u00e0 di acquisizione dati anche in ambienti complessi, confrontare le potenzialit\u00e0 dei vari strumenti e scoprire soluzioni ideali per rilievi topografici, scansioni 3D e mappature avanzate, anche in scenari difficili o con limitata copertura satellitare.[\/vc_column_text][vc_separator color=&#8221;custom&#8221; accent_color=&#8221;#eb5b37&#8243;][vc_column_text]\n<h6 style=\"text-align: left\"><strong><span style=\"color: #eb5b37\">Stonex<br \/>\n<\/span><\/strong>SLAM Serie GO <span style=\"color: #eb5b37\">|<\/span> GNSS S999<\/h6>\n[\/vc_column_text][vc_separator color=&#8221;custom&#8221; accent_color=&#8221;#eb5b37&#8243;][vc_column_text]\n<h6 style=\"text-align: left\"><strong><span style=\"color: #eb5b37\">Topoprogram<br \/>\n<\/span><\/strong>Rilievi di interni e facciate: Cammina, rileva, disegna!<\/h6>\n<p style=\"text-align: left\">Ancora tra misure, appunti e lunghe attese di elaborazione? Con DINO il rilievo di esterni e facciate diventa letteralmente una camminata: acquisisci e validi i dati in tempo reale mentre ti muovi, guardando sul display integrato il modello che prende forma. Niente post-elaborazione: il 3D \u00e8 pronto qui e ora e, a partire da quello, ricavi in pochi passaggi piante, sezioni e prospetti. Il software a vita \u00e8 stabile, intuitivo e pensato per interni ed edifici, cos\u00ec lavori senza complicazioni n\u00e9 abbonamenti.<\/p>\n[\/vc_column_text][\/vc_column_inner][\/vc_row_inner][\/vc_column][\/vc_row][vc_row el_class=&#8221;py-lg-2 px-lg-5&#8243;][vc_column][vc_empty_space][vc_column_text]\n<h3 style=\"text-align: center\"><b>Le aziende che hanno partecipato all\u2019Area dimostrativa strumenti topografici<\/b><\/h3>\n[\/vc_column_text][\/vc_column][\/vc_row][vc_row content_placement=&#8221;middle&#8221; el_class=&#8221;py-lg-2 px-lg-5&#8243;][vc_column width=&#8221;1\/5&#8243;][vc_single_image image=&#8221;23204&#8243; img_size=&#8221;250x&#8221; alignment=&#8221;center&#8221;][\/vc_column][vc_column width=&#8221;1\/5&#8243;][vc_single_image image=&#8221;23206&#8243; img_size=&#8221;250x&#8221; alignment=&#8221;center&#8221;][\/vc_column][vc_column width=&#8221;1\/5&#8243;][vc_single_image image=&#8221;23208&#8243; img_size=&#8221;250x&#8221; alignment=&#8221;center&#8221;][\/vc_column][vc_column width=&#8221;1\/5&#8243;][vc_single_image image=&#8221;23210&#8243; img_size=&#8221;250x&#8221; alignment=&#8221;center&#8221;][\/vc_column][vc_column width=&#8221;1\/5&#8243;][vc_single_image image=&#8221;23212&#8243; img_size=&#8221;250x&#8221; alignment=&#8221;center&#8221;][\/vc_column][\/vc_row][vc_row content_placement=&#8221;middle&#8221; el_class=&#8221;py-lg-2 px-lg-5&#8243;][vc_column width=&#8221;1\/4&#8243;][vc_single_image image=&#8221;23214&#8243; img_size=&#8221;250x&#8221; alignment=&#8221;center&#8221;][\/vc_column][vc_column width=&#8221;1\/4&#8243;][vc_hoverbox image=&#8221;21049&#8243; primary_title=&#8221;&#8221; hover_title=&#8221;&#8221; hover_background_color=&#8221;custom&#8221; hover_btn_title=&#8221;<b>Leggi l&#8217;intervista<\/b>&#8221; hover_btn_style=&#8221;outline&#8221; hover_btn_color=&#8221;white&#8221; hover_btn_align=&#8221;center&#8221; hover_add_button=&#8221;true&#8221; hover_btn_link=&#8221;url:https%3A%2F%2Fwww.saiebari.it%2Fit%2Finterviste-espositori-2025%2Flidaretto-geotech%2F&#8221; hover_custom_background=&#8221;#f7b71f&#8221;][\/vc_hoverbox][\/vc_column][vc_column width=&#8221;1\/4&#8243;][vc_single_image image=&#8221;23216&#8243; img_size=&#8221;250x&#8221; alignment=&#8221;center&#8221;][\/vc_column][vc_column width=&#8221;1\/4&#8243;][vc_hoverbox image=&#8221;21117&#8243; primary_title=&#8221;&#8221; hover_title=&#8221;&#8221; hover_background_color=&#8221;custom&#8221; hover_btn_title=&#8221;<b>Leggi l&#8217;intervista<\/b>&#8221; hover_btn_style=&#8221;outline&#8221; hover_btn_color=&#8221;white&#8221; hover_btn_align=&#8221;center&#8221; hover_add_button=&#8221;true&#8221; hover_btn_link=&#8221;url:https%3A%2F%2Fwww.saiebari.it%2Fit%2Finterviste-espositori-2025%2Fspektra%2F&#8221; hover_custom_background=&#8221;#f7b71f&#8221;][\/vc_hoverbox][\/vc_column][\/vc_row][vc_row content_placement=&#8221;middle&#8221; el_class=&#8221;py-lg-2 px-lg-5&#8243;][vc_column width=&#8221;1\/4&#8243;][\/vc_column][vc_column width=&#8221;1\/4&#8243;][vc_single_image image=&#8221;23364&#8243; img_size=&#8221;250x&#8221; alignment=&#8221;center&#8221;][\/vc_column][vc_column width=&#8221;1\/4&#8243;][vc_single_image image=&#8221;22469&#8243; img_size=&#8221;250x&#8221; alignment=&#8221;center&#8221;][\/vc_column][vc_column width=&#8221;1\/4&#8243;][\/vc_column][\/vc_row][vc_row][vc_column el_class=&#8221;my-1 bg-gray&#8221;][vc_row_inner][vc_column_inner][vc_empty_space][vc_column_text]\n<h3 style=\"text-align: center\">Scopri la lista delle aziende presenti a SAIE Bari 2025<\/h3>\n<p style=\"text-align: center\"><a class=\"btn btn-lg btn-primary my-1\" href=\"https:\/\/espositori.saiebari.it\/portale\/it\/espositori\" target=\"_blank\" rel=\"noopener\">Elenco Espositori<\/a><\/p>\n[\/vc_column_text][vc_empty_space][\/vc_column_inner][\/vc_row_inner][\/vc_column][\/vc_row]\n","protected":false},"excerpt":{"rendered":"<p>[vc_row equal_height=&#8221;yes&#8221; el_class=&#8221;my-1&#8243;][vc_column width=&#8221;2\/3&#8243; el_class=&#8221;py-lg-2 px-lg-5&#8243;][vc_row_inner][vc_column_inner][vc_column_text] L\u2019area dimostrativa esterna dedicata al rilievo e alla scansione [\/vc_column_text][vc_column_text]Uno spazio pensato per valorizzare le aziende del settore e offrire ai partecipanti la possibilit\u00e0 di testare sul campo diverse soluzioni tecnologiche. \u00c8 stato possibile confrontare prestazioni e funzionalit\u00e0 avanzate, scoprendo strumenti affidabili per rilievi topografici efficienti anche in assenza [&hellip;]<\/p>\n","protected":false},"author":33,"featured_media":16901,"parent":0,"menu_order":0,"comment_status":"closed","ping_status":"closed","template":"","meta":[],"acf":[],"aioseo_notices":[],"_links":{"self":[{"href":"https:\/\/www.saiebari.it\/it\/wp-json\/wp\/v2\/pages\/23201"}],"collection":[{"href":"https:\/\/www.saiebari.it\/it\/wp-json\/wp\/v2\/pages"}],"about":[{"href":"https:\/\/www.saiebari.it\/it\/wp-json\/wp\/v2\/types\/page"}],"author":[{"embeddable":true,"href":"https:\/\/www.saiebari.it\/it\/wp-json\/wp\/v2\/users\/33"}],"replies":[{"embeddable":true,"href":"https:\/\/www.saiebari.it\/it\/wp-json\/wp\/v2\/comments?post=23201"}],"version-history":[{"count":3,"href":"https:\/\/www.saiebari.it\/it\/wp-json\/wp\/v2\/pages\/23201\/revisions"}],"predecessor-version":[{"id":23719,"href":"https:\/\/www.saiebari.it\/it\/wp-json\/wp\/v2\/pages\/23201\/revisions\/23719"}],"wp:featuredmedia":[{"embeddable":true,"href":"https:\/\/www.saiebari.it\/it\/wp-json\/wp\/v2\/media\/16901"}],"wp:attachment":[{"href":"https:\/\/www.saiebari.it\/it\/wp-json\/wp\/v2\/media?parent=23201"}],"curies":[{"name":"wp","href":"https:\/\/api.w.org\/{rel}","templated":true}]}}