{"id":3487,"date":"2019-09-23T09:30:34","date_gmt":"2019-09-23T09:30:34","guid":{"rendered":"https:\/\/www.saiebari.it\/?page_id=3487"},"modified":"2019-09-27T08:54:22","modified_gmt":"2019-09-27T08:54:22","slug":"buyer-polonia-saie","status":"publish","type":"page","link":"https:\/\/www.saiebari.it\/it\/buyer-polonia-saie\/","title":{"rendered":"Buyer Polonia SAIE"},"content":{"rendered":"[vc_row][vc_column el_class=&#8221;py-lg-2 px-lg-5&#8243;][vc_column_text]\n<h3>Nome azienda: SmartHomify<\/h3>\n<p>Sito web: <a href=\"http:\/\/www.smarthomify.com\/\">www.smarthomify.com<\/a><\/p>\n<p>Attivit\u00e0: domotica<\/p>\n<p>Segmento industriale dell\u2019azienda: Smart Home\/BMS<\/p>\n<p>Cosa cercano in fiera: \u00a0Vorremmo ottenere nuovi prodotti e soluzioni per i sistemi di automazione degli edifici e le case intelligenti e le loro attrezzature.<\/p>\n<p>Profilo target: Aziende del segmento di sviluppo, societ\u00e0 che installano sistemi di automazione per edifici e case intelligenti, societ\u00e0 elettriche, uffici di progettazione.<\/p>\n<p>&nbsp;<\/p>\n<h3>Nome azienda: AVICOLD<\/h3>\n<p>Sito web: <a href=\"http:\/\/www.avicold.pl\">www.avicold.pl<\/a><\/p>\n<p>Attivit\u00e0: grossista<\/p>\n<p>Segmento industriale dell\u2019azienda: Refrigerazione, Aria Condizionata, Riscaldamento<\/p>\n<p>Cosa cercano in fiera: cercano fornitori<\/p>\n<p>Profilo target: settori Refrigerazione, Aria Condizionata, Riscaldamento<\/p>\n<p>&nbsp;<\/p>\n<h3>Nome azienda: BAHIA GROUP<\/h3>\n<p>Sito web: <a href=\"http:\/\/www.bahia.pl\">www.bahia.pl<\/a><\/p>\n<p>Attivit\u00e0 Il profilo principale dell&#8217;attivit\u00e0 dell&#8217;azienda \u00e8 l&#8217;implementazione degli investimenti dalla progettazione all&#8217;esecuzione.Progettazione nuovi edifici e rivitalizzazione di quelli pi\u00f9 vecchi. Realizzazione pannelli per esterni in hpl e composito. Produzione di\u00a0 elementi di finitura: pavimenti, pannelli traforati, carte da parati fotografiche, illuminazione.<\/p>\n<p>Il gruppo target di destinatari \u00e8 piuttosto ampio: a partire da sviluppatori, investitori di hotel, ristoranti o appartamenti privati.<\/p>\n<p>Segmento industriale dell\u2019azienda: architettura<\/p>\n<p>Cosa cercano in fiera stabilire contatti con aziende del settore dell&#8217;architettura e delle costruzioni. L&#8217;introduzione di nuovi prodotti nell&#8217;offerta di subappaltatori e clienti\u00a0 consentir\u00e0 loro di operare in un campo pi\u00f9 ampio e rendere i loro progetti pi\u00f9 attraente. Vorrebbero contattare le aziende che:<\/p>\n<p>&#8211; offrono piccoli prodotti di architettura (panchine, pattumiere, posacenere)<\/p>\n<p>&#8211; producono pietre naturali<\/p>\n<p>&#8211; producono pitture e vernici non standard per uso professionale<\/p>\n<p>&#8211; producono alluminio coibentato e pannelli esterni<\/p>\n<p>&#8211; producono blocchi stradali e costruzione professionale di sale di sistema<\/p>\n<p>&nbsp;<\/p>\n<h3>Nome azienda: DOMSFERA<\/h3>\n<p>Sito web: <a href=\"http:\/\/www.domsfera.pl\">www.domsfera.pl<\/a><\/p>\n<p>Attivit\u00e0: ingegneria edile. Specializzati in ampliamenti di case, ristrutturazioni e nuove costruzioni che offrono un prodotto finito di alta qualit\u00e0.<\/p>\n<p>Cosa cercano in fiera: cercano nuovi prodotti interessanti che potrebbero usare nei loro progetti. Vorrebbero offrire ai loro clienti soluzioni uniche che non sono cos\u00ec popolari sul nostro mercato. Si concentrano su edifici e ambienti sani, nuove tecnologie e tendenze ecologiche che stanno diventando sempre pi\u00f9 popolari. Vogliono conoscere meglio il design italiano.<\/p>\n<p>&nbsp;<\/p>\n<h3>Nome azienda: Project Group (DESKAOTEKA)<\/h3>\n<p>Sito web: <a href=\"http:\/\/www.deskoteka.pl\">www.deskoteka.pl<\/a><\/p>\n<p>Attivit\u00e0: ristrutturazioni di interni<\/p>\n<p>Cosa cercano in fiera: sistemi e tecnologie di case prefabbricate e sistemi per pavimenti industriali, finiture interne.<\/p>\n<p>&nbsp;<\/p>\n<h3>Nome azienda: NAOS Sp. z o.o.<\/h3>\n<p>Sito web: <a href=\"http:\/\/www.naoswnetrza.pl\">www.naoswnetrza.pl<\/a><\/p>\n<p>Attivit\u00e0: La societ\u00e0 NAOS si occupa della progettazione e finitura di interni chiavi in \u200b\u200bmano. Offre decorazioni d&#8217;interni di edifici importanti a Varsavia.<\/p>\n<p>Cosa cercano in fiera: nuovi prodotti e soluzioni, vogliono familiarizzare con l&#8217;offerta delle aziende italiane al fine di utilizzare la loro offerta nella loro azienda. Vogliono offrire ai loro clienti le ultime soluzioni, non ancora conosciute in Polonia.[\/vc_column_text][\/vc_column][\/vc_row]\n","protected":false},"excerpt":{"rendered":"<p>[vc_row][vc_column el_class=&#8221;py-lg-2 px-lg-5&#8243;][vc_column_text] Nome azienda: SmartHomify Sito web: www.smarthomify.com Attivit\u00e0: domotica Segmento industriale dell\u2019azienda: Smart Home\/BMS Cosa cercano in fiera: \u00a0Vorremmo ottenere nuovi prodotti e soluzioni per i sistemi di automazione degli edifici e le case intelligenti e le loro attrezzature. Profilo target: Aziende del segmento di sviluppo, societ\u00e0 che installano sistemi di automazione per [&hellip;]<\/p>\n","protected":false},"author":19,"featured_media":1799,"parent":0,"menu_order":0,"comment_status":"closed","ping_status":"closed","template":"","meta":[],"acf":[],"aioseo_notices":[],"_links":{"self":[{"href":"https:\/\/www.saiebari.it\/it\/wp-json\/wp\/v2\/pages\/3487"}],"collection":[{"href":"https:\/\/www.saiebari.it\/it\/wp-json\/wp\/v2\/pages"}],"about":[{"href":"https:\/\/www.saiebari.it\/it\/wp-json\/wp\/v2\/types\/page"}],"author":[{"embeddable":true,"href":"https:\/\/www.saiebari.it\/it\/wp-json\/wp\/v2\/users\/19"}],"replies":[{"embeddable":true,"href":"https:\/\/www.saiebari.it\/it\/wp-json\/wp\/v2\/comments?post=3487"}],"version-history":[{"count":2,"href":"https:\/\/www.saiebari.it\/it\/wp-json\/wp\/v2\/pages\/3487\/revisions"}],"predecessor-version":[{"id":3574,"href":"https:\/\/www.saiebari.it\/it\/wp-json\/wp\/v2\/pages\/3487\/revisions\/3574"}],"wp:featuredmedia":[{"embeddable":true,"href":"https:\/\/www.saiebari.it\/it\/wp-json\/wp\/v2\/media\/1799"}],"wp:attachment":[{"href":"https:\/\/www.saiebari.it\/it\/wp-json\/wp\/v2\/media?parent=3487"}],"curies":[{"name":"wp","href":"https:\/\/api.w.org\/{rel}","templated":true}]}}