{"id":8639,"date":"2022-11-30T10:46:54","date_gmt":"2022-11-30T10:46:54","guid":{"rendered":"https:\/\/www.saiebari.it\/?page_id=8639"},"modified":"2025-10-27T15:36:05","modified_gmt":"2025-10-27T15:36:05","slug":"saie-servizi","status":"publish","type":"page","link":"https:\/\/www.saiebari.it\/it\/saie-servizi\/","title":{"rendered":"Servizi e Media"},"content":{"rendered":"[vc_row equal_height=&#8221;yes&#8221;][vc_column][vc_row_inner equal_height=&#8221;yes&#8221; content_placement=&#8221;middle&#8221;][vc_column_inner el_class=&#8221;py-lg-2 px-lg-2 text-left&#8221; width=&#8221;1\/2&#8243;][vc_empty_space][vc_column_text]\n<h2 style=\"text-align: left\">Il cantiere al centro di SAIE<\/h2>\n[\/vc_column_text][vc_column_text]\n<p class=\"subtitle\">In fiera i servizi che agevolano chi opera in edilizia<\/p>\n<p style=\"text-align: left\"><strong>SAIE Servizi e Media <\/strong>\u00e8 il settore verticale di <strong>SAIE<\/strong> che d\u00e0 visibilit\u00e0 alle soluzioni proposte da <strong>enti di certificazione, societ\u00e0 di ingegneria, studi di progettazione, architettura, consulenza e immobiliare<\/strong>. Con un\u2019area specifica pensata per l\u2019<strong>editoria tecnica<\/strong>, le <strong>associazioni<\/strong> e i <strong>media di settore<\/strong>.<\/p>\n[\/vc_column_text][vc_column_text]<a class=\"btn btn-lg my-0\" href=\"\/it\/contatti\/\" target=\"_blank\" rel=\"noopener\">Richiedi informazioni<\/a>[\/vc_column_text][\/vc_column_inner][vc_column_inner el_class=&#8221;py-lg-2 px-lg-2 bg-darker&#8221; width=&#8221;1\/2&#8243;][vc_column_text]\n<h3>Perch\u00e8 visitare SAIE Servizi e Media<\/h3>\n[\/vc_column_text][vc_column_text]\n<p style=\"font-size: 18px\"><img decoding=\"async\" loading=\"lazy\" class=\"wp-image-16386 alignleft\" src=\"\/public\/uploads\/sites\/13\/1-3.png\" alt=\"\" width=\"46\" height=\"46\" srcset=\"\/public\/uploads\/sites\/13\/1-3.png 200w, \/public\/uploads\/sites\/13\/1-3-150x150.png 150w\" sizes=\"(max-width: 46px) 100vw, 46px\" \/><strong>Interagire con la pi\u00f9 grande community italiana di professionisti del cantiere<\/strong><\/p>\n[\/vc_column_text][vc_separator el_class=&#8221;my-1&#8243;][vc_column_text]\n<p style=\"font-size: 18px\"><strong><img decoding=\"async\" loading=\"lazy\" class=\"size-full wp-image-16388 alignleft\" src=\"\/public\/uploads\/sites\/13\/2-4.png\" alt=\"\" width=\"46\" height=\"46\" srcset=\"\/public\/uploads\/sites\/13\/2-4.png 200w, \/public\/uploads\/sites\/13\/2-4-150x150.png 150w\" sizes=\"(max-width: 46px) 100vw, 46px\" \/>Confrontarti su tecnologie e innovazioni utili per tutti i comparti della filiera delle costruzioni<\/strong><\/p>\n[\/vc_column_text][vc_separator el_class=&#8221;my-1&#8243;][vc_column_text]\n<p style=\"font-size: 18px\"><strong><img decoding=\"async\" loading=\"lazy\" class=\"size-full wp-image-16390 alignleft\" src=\"\/public\/uploads\/sites\/13\/3-4.png\" alt=\"\" width=\"46\" height=\"46\" srcset=\"\/public\/uploads\/sites\/13\/3-4.png 200w, \/public\/uploads\/sites\/13\/3-4-150x150.png 150w\" sizes=\"(max-width: 46px) 100vw, 46px\" \/>Incontrare nuovi partner commerciali, distributori e fornitori<\/strong><\/p>\n[\/vc_column_text][vc_separator el_class=&#8221;my-1&#8243;][vc_column_text]\n<p style=\"font-size: 18px\"><strong><img decoding=\"async\" loading=\"lazy\" class=\"size-full wp-image-16392 alignleft\" src=\"\/public\/uploads\/sites\/13\/4-3.png\" alt=\"\" width=\"46\" height=\"46\" srcset=\"\/public\/uploads\/sites\/13\/4-3.png 200w, \/public\/uploads\/sites\/13\/4-3-150x150.png 150w\" sizes=\"(max-width: 46px) 100vw, 46px\" \/>Aggiornarti su tutte le novit\u00e0 tecniche grazie a sessioni formative altamente specializzate<\/strong><\/p>\n[\/vc_column_text][\/vc_column_inner][\/vc_row_inner][\/vc_column][\/vc_row][vc_row css=&#8221;.vc_custom_1752759344249{background-image: url(\/public\/uploads\/sites\/13\/home.png?id=3400) !important;}&#8221; el_class=&#8221;my-1&#8243;][vc_column][vc_column_text]\n<h5 style=\"text-align: center\"><span style=\"color: #ffffff\"><em>I numeri di SAIE Bari 2025<\/em><\/span><\/h5>\n[\/vc_column_text][vc_row_inner][vc_column_inner width=&#8221;1\/3&#8243;][vc_column_text]\n<div class=\"big-number\" style=\"text-align: center\"><span style=\"color: #ffffff\"><strong><span style=\"font-size: 72px\">512<\/span><\/strong><\/span><\/div>\n<div class=\"big-number\" style=\"text-align: center\"><span style=\"color: #ffffff\"><strong><span style=\"font-size: 32px\">espositori<\/span><\/strong><\/span><\/div>\n<p style=\"text-align: center\"><em><span style=\"color: #ffffff\">(+3 padiglioni rispetto al 2023)<\/span><\/em><\/p>\n[\/vc_column_text][\/vc_column_inner][vc_column_inner width=&#8221;1\/3&#8243;][vc_column_text]\n<div class=\"big-number\" style=\"text-align: center\"><span style=\"color: #ffffff\"><strong><span style=\"font-size: 72px\">147<\/span><\/strong><\/span><\/div>\n<div class=\"big-number\" style=\"text-align: center\"><span style=\"color: #ffffff\"><strong><span style=\"font-size: 32px\">convegni e workshop<\/span><\/strong><\/span><\/div>\n[\/vc_column_text][\/vc_column_inner][vc_column_inner width=&#8221;1\/3&#8243;][vc_column_text]\n<div class=\"big-number\" style=\"text-align: center\"><span style=\"color: #ffffff\"><strong><span style=\"font-size: 72px\">80<\/span><\/strong><\/span><\/div>\n<div class=\"big-number\" style=\"text-align: center\"><span style=\"color: #ffffff\"><strong><span style=\"font-size: 32px\">associazioni partner<\/span><\/strong><\/span><\/div>\n[\/vc_column_text][\/vc_column_inner][\/vc_row_inner][\/vc_column][\/vc_row][vc_row equal_height=&#8221;yes&#8221;][vc_column][vc_row_inner equal_height=&#8221;yes&#8221; content_placement=&#8221;top&#8221;][vc_column_inner el_class=&#8221;col-img&#8221; width=&#8221;1\/2&#8243; css=&#8221;.vc_custom_1669806434071{background-image: url(\/public\/uploads\/sites\/13\/ServiziMedia.jpg?id=8646) !important;background-position: center !important;background-repeat: no-repeat !important;background-size: cover !important;}&#8221;][\/vc_column_inner][vc_column_inner el_class=&#8221;py-lg-2 px-lg-3&#8243; width=&#8221;1\/2&#8243;][vc_column_text]\n<h3><strong>I visitatori di SAIE <\/strong>Servizi e Media<\/h3>\n<h6>Progettisti \u00a0<span style=\"color: #f7b43e\">|<\/span> \u00a0Tecnici \u00a0<span style=\"color: #f7b43e\">|<\/span> \u00a0Geometri \u00a0<span style=\"color: #f7b43e\">|<\/span> \u00a0Architetti\u00a0\u00a0<span style=\"color: #f7b43e\">|<\/span>\u00a0Imprese di costruzione\u00a0<span style=\"color: #f7b43e\">|<\/span>\u00a0Rivendite e distributori <span style=\"color: #f7b43e\">| <\/span>Committenti <span style=\"color: #f7b43e\">| <\/span>Enti pubblici <span style=\"color: #f7b43e\">| <\/span>Amministratori di condominio<\/h6>\n[\/vc_column_text][vc_separator][vc_column_text]\n<p style=\"text-align: left\"><strong>Motivo della visita<\/strong><\/p>\n[\/vc_column_text][vc_column_text]\n<p style=\"text-align: left\"><span style=\"color: #f7b43e\"><strong><span style=\"font-size: 34px\">75%<\/span><br \/>\nSCOPRIRE <\/strong><\/span><span style=\"color: #f7b43e\"><strong>NOVIT\u00c0<br \/>\n<\/strong><\/span><\/p>\n<table class=\"table-fluid\">\n<tbody>\n<tr style=\"height: 50px\">\n<td style=\"width: 45%\"><span style=\"color: #f7b43e\"><strong><span style=\"font-size: 34px\">64%<\/span><br \/>\nINFORMAZIONI<br \/>\nSU PRODOTTI E SERVIZI<\/strong><\/span><\/td>\n<td style=\"width: 50%\">\n<p style=\"text-align: left\"><span style=\"color: #f7b43e\"><strong><span style=\"font-size: 34px\">57%<\/span><br \/>\nFORMAZIONE,<br \/>\n<\/strong><\/span><span style=\"color: #f7b43e\"><strong>AGGIORNAMENTO TECNICO<\/strong><\/span><\/p>\n<\/td>\n<\/tr>\n<\/tbody>\n<\/table>\n[\/vc_column_text][vc_column_text]\n<p style=\"text-align: right\"><span style=\"color: #f7b43e;font-size: 14px\"><em>*Dati relativi alla Customer Satisfaction di SAIE BARI 2023<\/em><\/span><\/p>\n[\/vc_column_text][vc_column_text]<a class=\"btn btn-lg my-0\" href=\"\/it\/contatti\/\" target=\"_blank\" rel=\"noopener\">Richiedi informazioni<\/a>[\/vc_column_text][\/vc_column_inner][\/vc_row_inner][\/vc_column][\/vc_row][vc_row el_class=&#8221;py-lg-2 px-lg-5&#8243;][vc_column][vc_column_text]\n<h3 style=\"text-align: center\"><b>Esperienze e feedback dei professionisti che hanno visitato SAIE<\/b><\/h3>\n[\/vc_column_text][vc_row_inner equal_height=&#8221;yes&#8221;][vc_column_inner width=&#8221;1\/4&#8243; css=&#8221;.vc_custom_1731601668448{background-color: #f7b43e !important;}&#8221;][vc_column_text css=&#8221;.vc_custom_1731601708445{padding-left: 10px !important;}&#8221;]\n<p style=\"text-align: center\"><span style=\"font-weight: bold;font-style: italic;font-size: 14px;line-height: 20px;color: #ffffff\">\u00abPresenza qualificata e completa nei vari settori merceologici. Ampissima offerta convegni, meeting ed eventi di grande interesse per noi professionisti.\u00bb<br \/>\n<\/span><span style=\"font-size: 14px;line-height: 20px;color: #eaeaea\">Aurora B. \u2013 Progettista<\/span>[\/vc_column_text][\/vc_column_inner][vc_column_inner width=&#8221;1\/4&#8243; css=&#8221;.vc_custom_1731601724748{background-color: #eaeaea !important;}&#8221;][vc_column_text]\n<p style=\"text-align: center\"><span style=\"font-weight: bold;font-style: italic;font-size: 14px;line-height: 20px\">\u00abIl SAIE \u00e8 sempre stato per noi tecnici un punto di riferimento, per incontro e conoscenze\u00bb<br \/>\n<\/span><span style=\"font-size: 14px;line-height: 20px;color: #808080\">Vincenza R. \u2013 Responsabile Commerciale<\/span>[\/vc_column_text][\/vc_column_inner][vc_column_inner width=&#8221;1\/4&#8243; css=&#8221;.vc_custom_1731601760901{background-color: #eb5b37 !important;}&#8221;][vc_column_text]\n<p style=\"text-align: center\"><span style=\"font-weight: bold;font-style: italic;font-size: 14px;line-height: 20px;color: #ffffff\">\u00abMolto utile vedere con i propri occhi le nuove tecnologie e tecniche disponibili. Bello il clima che si crea tra le aziende e i vari professionisti\u00bb<br \/>\n<\/span><span style=\"font-size: 14px;line-height: 20px;color: #eaeaea\">Mirco N. \u2013 Responsabile Acquisti<\/span>[\/vc_column_text][\/vc_column_inner][vc_column_inner width=&#8221;1\/4&#8243; css=&#8221;.vc_custom_1731601769672{background-color: #eaeaea !important;}&#8221;][vc_column_text css=&#8221;.vc_custom_1731601793819{padding-right: 10px !important;}&#8221;]\n<p style=\"text-align: center\"><span style=\"font-weight: bold;font-style: italic;font-size: 14px;line-height: 20px\">\u00abLa partecipazione \u00e8 sicuramente motivo di aggiornamento tecnico professionale\u00bb<br \/>\n<\/span><span style=\"font-size: 14px;line-height: 20px;color: #808080\">Vito S. \u2013 Tecnico<\/span>[\/vc_column_text][\/vc_column_inner][\/vc_row_inner][\/vc_column][\/vc_row][vc_row equal_height=&#8221;yes&#8221;][vc_column][vc_empty_space height=&#8221;52px&#8221;][vc_row_inner equal_height=&#8221;yes&#8221; content_placement=&#8221;middle&#8221;][vc_column_inner el_class=&#8221;py-lg-2 px-lg-5 bg-gray&#8221; width=&#8221;1\/2&#8243;][vc_text_separator title=&#8221;Prodotti di SAIE Servizi e Media&#8221; i_icon_fontawesome=&#8221;fas fa-angle-right&#8221; i_color=&#8221;orange&#8221; i_background_style=&#8221;rounded-outline&#8221; color=&#8221;custom&#8221; add_icon=&#8221;true&#8221; accent_color=&#8221;#f7b43e&#8221;][vc_column_text]\n<ul>\n<li>Servizi di consulenza<\/li>\n<li>Studi di progettazione, societ\u00e0 di ingegneria e architettura<\/li>\n<li>Soluzioni per la ristrutturazione<\/li>\n<li>Servizi per condomini<\/li>\n<li>Soluzioni immobiliari, finanziarie e assicurative<\/li>\n<li>Editoria tecnica e media<\/li>\n<\/ul>\n[\/vc_column_text][\/vc_column_inner][vc_column_inner el_class=&#8221;py-lg-2 px-lg-5 px-1 bg-darker&#8221; width=&#8221;1\/2&#8243;][vc_text_separator title=&#8221;Focus SAIE Servizi e Media&#8221; i_icon_fontawesome=&#8221;fas fa-search&#8221; i_color=&#8221;orange&#8221; i_background_style=&#8221;rounded-outline&#8221; color=&#8221;custom&#8221; add_icon=&#8221;true&#8221; accent_color=&#8221;#f7b43e&#8221;][vc_column_text]\n<ul>\n<li>Servizi e strumenti per l&#8217;adeguamento alla direttiva Case Green<\/li>\n<li>Consulenza tecnica e studi di fattibilit\u00e0<\/li>\n<li>Manutenzione e amministrazione degli edifici<\/li>\n<li>Come ristrutturare efficacemente un edificio<\/li>\n<li>Certificazioni per le imprese e i professionisti<\/li>\n<li>Comunicare in edilizia<\/li>\n<li>Nuovi servizi immobiliari<\/li>\n<\/ul>\n[\/vc_column_text][\/vc_column_inner][\/vc_row_inner][\/vc_column][\/vc_row][vc_row equal_height=&#8221;yes&#8221; disable_element=&#8221;yes&#8221; el_class=&#8221;my-1 bg-gray&#8221;][vc_column el_class=&#8221;py-lg-2 px-lg-2&#8243; offset=&#8221;vc_col-md-offset-2 vc_col-md-8&#8243;][vc_column_text el_id=&#8221;form&#8221; el_class=&#8221;text-center&#8221;]\n<h3>Partecipa a SAIE 2025 come espositore nel settore Servizi e Media!<\/h3>\n<p>Compila il form per ottenere tutte le informazioni necessarie per esporre in fiera.<\/p>\n<form method=\"post\" enctype=\"multipart\/form-data\" id=\"vfbp-form-1\" onSubmit=\"dataLayer.push({'event':'form_submission','user_type':jQuery('[name=vfb-field-42]:checked').val()});\" class=\"vfbp-form\"><div style=\"display:none;\"><label for=\"vfbp-EMAIL-AN8fuQyoDLXem\">If you are human, leave this field blank.<\/label><input size=\"25\" autocomplete=\"off\" type=\"text\" name=\"vfbp-EMAIL-AN8fuQyoDLXem\" value=\"\" id=\"\"><\/div><input type=\"hidden\" name=\"_vfb-timestamp-1\" value=\"1776500985\" id=\"\"><input type=\"hidden\" name=\"_vfb-form-id\" value=\"1\" id=\"\"><div class=\"vfb-col-6 vfb-fieldType-text\" id=\"vfbField1\"><div class=\"vfb-form-group\"><label for=\"vfb-field-1\" class=\"vfb-control-label\">Ragione sociale <span class=\"vfb-required-asterisk\">*<\/span><\/label><div><input id=\"vfb-field-1\" class=\"vfb-form-control\" placeholder=\"\" required=\"required\" type=\"text\" name=\"vfb-field-1\" value=\"\"><\/div><\/div><\/div><div class=\"vfb-col-6 vfb-fieldType-text\" id=\"vfbField2\"><div class=\"vfb-form-group\"><label for=\"vfb-field-2\" class=\"vfb-control-label\">Nome <span class=\"vfb-required-asterisk\">*<\/span><\/label><div><input id=\"vfb-field-2\" class=\"vfb-form-control\" placeholder=\"\" required=\"required\" type=\"text\" name=\"vfb-field-2\" value=\"\"><\/div><\/div><\/div><div class=\"vfb-clearfix\"><\/div><div class=\"vfb-col-6 vfb-fieldType-text\" id=\"vfbField3\"><div class=\"vfb-form-group\"><label for=\"vfb-field-3\" class=\"vfb-control-label\">Cognome <span class=\"vfb-required-asterisk\">*<\/span><\/label><div><input id=\"vfb-field-3\" class=\"vfb-form-control\" placeholder=\"\" required=\"required\" type=\"text\" name=\"vfb-field-3\" value=\"\"><\/div><\/div><\/div><div class=\"vfb-col-6 vfb-fieldType-text\" id=\"vfbField4\"><div class=\"vfb-form-group\"><label for=\"vfb-field-4\" class=\"vfb-control-label\">Telefono <span class=\"vfb-required-asterisk\">*<\/span><\/label><div><input id=\"vfb-field-4\" class=\"vfb-form-control\" placeholder=\"\" required=\"required\" type=\"text\" name=\"vfb-field-4\" value=\"\"><\/div><\/div><\/div><div class=\"vfb-clearfix\"><\/div><div class=\"vfb-col-6 vfb-fieldType-email\" id=\"vfbField5\"><div class=\"vfb-form-group\"><label for=\"vfb-field-5\" class=\"vfb-control-label\">Email <span class=\"vfb-required-asterisk\">*<\/span><\/label><div><input id=\"vfb-field-5\" class=\"vfb-form-control\" placeholder=\"\" required=\"required\" type=\"email\" name=\"vfb-field-5\" value=\"\"><\/div><\/div><\/div><div class=\"vfb-col-6 vfb-fieldType-url\" id=\"vfbField6\"><div class=\"vfb-form-group\"><label for=\"vfb-field-6\" class=\"vfb-control-label\">Sito web<\/label><div><input id=\"vfb-field-6\" class=\"vfb-form-control\" placeholder=\"\" type=\"url\" name=\"vfb-field-6\" value=\"\"><\/div><\/div><\/div><div class=\"vfb-clearfix\"><\/div><div class=\"vfb-col-6 vfb-fieldType-select\" id=\"vfbField7\"><label for=\"vfb-field-7\" class=\"vfb-control-label\">Area tematiche di interesse<\/label><div><div class=\"vfb-form-group\"><select id=\"vfb-field-7\" class=\"vfb-form-control\" placeholder=\"\" name=\"vfb-field-7\"><option value=\"\" selected=\"selected\"><\/option><option value=\"Progettazione e Digitalizzazione\">Progettazione e Digitalizzazione<\/option><option value=\"Edilizia\">Edilizia<\/option><option value=\"Impianti\">Impianti<\/option><option value=\"Servizi e Media\">Servizi e Media<\/option><\/select><\/div><\/div><\/div><div class=\"vfb-col-6 vfb-fieldType-radio\" id=\"vfbField42\"><label for=\"vfb-field-42\" class=\"vfb-control-label\">Interessato a: <span class=\"vfb-required-asterisk\">*<\/span><\/label><div><div class=\"vfb-inline-group\"><div class=\"vfb-radio\"><label><input id=\"vfb-field-42-0\" class=\"\" placeholder=\"\" required=\"required\" type=\"radio\" name=\"vfb-field-42\" value=\"ESPORRE\">ESPORRE<\/label><\/div><div class=\"vfb-radio\"><label><input id=\"vfb-field-42-1\" class=\"\" placeholder=\"\" required=\"required\" type=\"radio\" name=\"vfb-field-42\" value=\"VISITARE\">VISITARE<\/label><\/div><\/div><\/div><\/div><div class=\"vfb-clearfix\"><\/div><div class=\"vfb-col-12 vfb-fieldType-textarea\" id=\"vfbField9\"><div class=\"vfb-form-group\"><label for=\"vfb-field-9\" class=\"vfb-control-label\">Messaggio<\/label><div><textarea id=\"vfb-field-9\" class=\"vfb-form-control\" placeholder=\"\" rows=\"9\" name=\"vfb-field-9\" cols=\"50\"><\/textarea><\/div><\/div><\/div><div class=\"vfb-clearfix\"><\/div><div class=\"vfb-col-12 vfb-fieldType-checkbox\" id=\"vfbField10\"><label for=\"vfb-field-10\" class=\"vfb-control-label\">Informativa sulla privacy <span class=\"vfb-required-asterisk\">*<\/span><\/label><div><div class=\"vfb-checkbox\"><label><input id=\"vfb-field-10-0\" class=\"\" placeholder=\"\" data-vfb-multiple=\"vfb-field-10\" required=\"required\" type=\"checkbox\" name=\"vfb-field-10[0]\" value=\"1\">Dichiaro di aver letto l'<a href=\"https:\/\/www.saiebari.it\/it\/privacy\/\" target=\"_blank\">informativa sulla privacy<\/a><\/label><\/div><span class=\"vfb-help-block\">Nota informativa art.13 del Regolamento Europeo sulla Protezione dei Dati n. 2016\/679 \u2013 GDPR. Il Vostro nominativo, indirizzo e-mail, indirizzo postale e Ragione Sociale sono utilizzati per l'invio dei messaggi di questo servizio. Il Titolare del trattamento dei dati \u00e8: SENAF srl via Eritrea n. 21\/A - 20157 Milano \u2013 Gruppo Tecniche Nuove. Siete stati contattati perch\u00e9 i Vostri dati sono presenti su banche dati pubbliche e del Gruppo Tecniche Nuove in cui vi \u00e8 anche SENAF srl. I vostri dati saranno trattati manualmente ed elettronicamente. I dati potranno essere comunicati a societ\u00e0 da noi incaricate e potranno essere utilizzati per fini statistici e azioni informative commerciali, mediante invio di mail, telefonate o contatti su canali social. La base giuridica del trattamento \u00e8 il consenso rilasciato in fase di registrazione al Gruppo Tecniche Nuove ed il periodo di conservazione \u00e8 definito sulla del criterio della richiesta di cancellazione. E' Vostro diritto richiedere la modifica o la cancellazione, secondo gli articoli da 15 a 22 del GDPR, dei Vostri dati in nostro possesso mediante una richiesta Senaf srl via Eritrea 21\/A \u2013 20157 Milano o e-mail: privacy@senaf.it. Per maggiori informazioni sull\u2019utilizzo dei dati visita la pagina: http:\/\/www.senaf.it\/it\/privacy\/.<\/span><\/div><\/div><div class=\"vfb-clearfix\"><\/div><div class=\"vfb-col-12 vfb-fieldType-captcha\" id=\"vfbField72\"><div class=\"vfb-form-group\"><label for=\"vfb-field-72\" class=\"vfb-control-label\">Captcha <span class=\"vfb-required-asterisk\">*<\/span><\/label><div><div class=\"g-recaptcha\" data-sitekey=\"6LdLghgpAAAAAGRCpUtGl2jMO6rHvTdto-mPYDJL\"><\/div><input type=\"hidden\" name=\"_vfb_recaptcha_enabled\" value=\"1\" id=\"\"><div class=\"vfb-has-error\" id=\"vfb-recaptcha-error\"><span class=\"vfb-help-block\">reCAPTCHA is required.<\/span><\/div><\/div><\/div><\/div><div class=\"vfb-clearfix\"><\/div><div class=\"vfb-col-12 vfb-fieldType-submit\" id=\"vfbField11\"><button id=\"vfb-field-11\" class=\" btn btn-primary\" placeholder=\"\" type=\"submit\" name=\"_vfb-submit\">Invia la richiesta<\/button><\/div><div class=\"vfb-clearfix\"><\/div><div class=\"vfb-col-12 vfb-fieldType-text\" id=\"vfbField23\"><div class=\"vfb-form-group\"><label for=\"vfb-field-23\" class=\"vfb-control-label\"><\/label><div><input id=\"vfb-field-23\" class=\"vfb-form-control utm_source hidden\" placeholder=\"\" type=\"text\" name=\"vfb-field-23\" value=\"\"><\/div><\/div><\/div><div class=\"vfb-clearfix\"><\/div><div class=\"vfb-col-12 vfb-fieldType-text\" id=\"vfbField24\"><div class=\"vfb-form-group\"><label for=\"vfb-field-24\" class=\"vfb-control-label\"><\/label><div><input id=\"vfb-field-24\" class=\"vfb-form-control utm_medium hidden\" placeholder=\"\" type=\"text\" name=\"vfb-field-24\" value=\"\"><\/div><\/div><\/div><div class=\"vfb-clearfix\"><\/div><div class=\"vfb-col-12 vfb-fieldType-text\" id=\"vfbField26\"><div class=\"vfb-form-group\"><label for=\"vfb-field-26\" class=\"vfb-control-label\"><\/label><div><input id=\"vfb-field-26\" class=\"vfb-form-control utm_campaign hidden\" placeholder=\"\" type=\"text\" name=\"vfb-field-26\" value=\"\"><\/div><\/div><\/div><div class=\"vfb-clearfix\"><\/div><div class=\"vfb-col-12 vfb-fieldType-text\" id=\"vfbField25\"><div class=\"vfb-form-group\"><label for=\"vfb-field-25\" class=\"vfb-control-label\"><\/label><div><input id=\"vfb-field-25\" class=\"vfb-form-control utm_term hidden\" placeholder=\"\" type=\"text\" name=\"vfb-field-25\" value=\"\"><\/div><\/div><\/div><div class=\"vfb-clearfix\"><\/div><\/form>[\/vc_column_text][\/vc_column][\/vc_row]\n","protected":false},"excerpt":{"rendered":"<p>[vc_row equal_height=&#8221;yes&#8221;][vc_column][vc_row_inner equal_height=&#8221;yes&#8221; content_placement=&#8221;middle&#8221;][vc_column_inner el_class=&#8221;py-lg-2 px-lg-2 text-left&#8221; width=&#8221;1\/2&#8243;][vc_empty_space][vc_column_text] Il cantiere al centro di SAIE [\/vc_column_text][vc_column_text] In fiera i servizi che agevolano chi opera in edilizia SAIE Servizi e Media \u00e8 il settore verticale di SAIE che d\u00e0 visibilit\u00e0 alle soluzioni proposte da enti di certificazione, societ\u00e0 di ingegneria, studi di progettazione, architettura, consulenza e immobiliare. [&hellip;]<\/p>\n","protected":false},"author":19,"featured_media":16080,"parent":0,"menu_order":0,"comment_status":"closed","ping_status":"closed","template":"","meta":[],"acf":[],"aioseo_notices":[],"_links":{"self":[{"href":"https:\/\/www.saiebari.it\/it\/wp-json\/wp\/v2\/pages\/8639"}],"collection":[{"href":"https:\/\/www.saiebari.it\/it\/wp-json\/wp\/v2\/pages"}],"about":[{"href":"https:\/\/www.saiebari.it\/it\/wp-json\/wp\/v2\/types\/page"}],"author":[{"embeddable":true,"href":"https:\/\/www.saiebari.it\/it\/wp-json\/wp\/v2\/users\/19"}],"replies":[{"embeddable":true,"href":"https:\/\/www.saiebari.it\/it\/wp-json\/wp\/v2\/comments?post=8639"}],"version-history":[{"count":5,"href":"https:\/\/www.saiebari.it\/it\/wp-json\/wp\/v2\/pages\/8639\/revisions"}],"predecessor-version":[{"id":23683,"href":"https:\/\/www.saiebari.it\/it\/wp-json\/wp\/v2\/pages\/8639\/revisions\/23683"}],"wp:featuredmedia":[{"embeddable":true,"href":"https:\/\/www.saiebari.it\/it\/wp-json\/wp\/v2\/media\/16080"}],"wp:attachment":[{"href":"https:\/\/www.saiebari.it\/it\/wp-json\/wp\/v2\/media?parent=8639"}],"curies":[{"name":"wp","href":"https:\/\/api.w.org\/{rel}","templated":true}]}}