{"id":9531,"date":"2023-03-09T11:11:37","date_gmt":"2023-03-09T11:11:37","guid":{"rendered":"https:\/\/www.saiebari.it\/?page_id=9531"},"modified":"2023-06-12T08:25:15","modified_gmt":"2023-06-12T08:25:15","slug":"historical-bim-padova","status":"publish","type":"page","link":"https:\/\/www.saiebari.it\/it\/lab\/historical-bim-padova\/","title":{"rendered":"Historical BIM &#8211; Padova"},"content":{"rendered":"[vc_row equal_height=&#8221;yes&#8221;][vc_column css=&#8221;.vc_custom_1678463180475{background-image: url(\/public\/uploads\/sites\/13\/HistoricalBIM.png?id=9559) !important;background-position: center !important;background-repeat: no-repeat !important;background-size: cover !important;}&#8221;][vc_empty_space][vc_column_text]\n<h1 style=\"text-align: center\"><span style=\"color: #ffffff\">SAIE LAB &#8211; Historical BIM<\/span><\/h1>\n<p class=\"subtitle text-black\" style=\"text-align: center;color: #000\"><span style=\"color: #ffffff\"><img decoding=\"async\" loading=\"lazy\" class=\"alignnone wp-image-9203\" src=\"\/public\/uploads\/sites\/13\/Location_black-1.png\" alt=\"\" width=\"40\" height=\"40\" \/> Villa Ottoboni, Padova<\/span><br \/>\n<span style=\"color: #ffffff\"><img decoding=\"async\" loading=\"lazy\" class=\"alignnone size-full wp-image-9213\" src=\"\/public\/uploads\/sites\/13\/Calendar_1.png\" alt=\"\" width=\"40\" height=\"40\" \/> 16 Maggio 2023 \u2013 ore 9.00<br \/>\n<\/span><\/p>\n[\/vc_column_text][vc_empty_space][\/vc_column][\/vc_row][vc_row equal_height=&#8221;yes&#8221;][vc_column][vc_row_inner equal_height=&#8221;yes&#8221; content_placement=&#8221;middle&#8221;][vc_column_inner el_class=&#8221;py-lg-2 px-lg-5 text-left&#8221; width=&#8221;2\/3&#8243;][vc_column_text el_class=&#8221;my-1&#8243;]\n<h4 style=\"text-align: left\">Ad ospitare la terza tappa dei SAIE LAB \u00e8 stata la citt\u00e0 di Padova, con un focus dedicato al tema dell\u2019Historical BIM.<\/h4>\n<p>Questo appuntamento ha offerto numerose testimonianze di <strong>imprenditori, professionisti e istituzioni <\/strong>che hanno raccontato la propria esperienza e si sono confrontati sull\u2019importanza del \u201csaper fare\u201d attraverso interventi tecnici che hanno riguardato l&#8217;utilizzo del BIM nella <strong>modellazione<\/strong> di edifici storici e negli interventi di <strong>manutenzione<\/strong>,\u00a0<strong>conservazione<\/strong>,\u00a0<strong>riqualificazione, recupero<\/strong>, <strong>tutela e restauro <\/strong>del <strong>patrimonio edilizio esistente<\/strong> e degli <strong>edifici storici e monumentali.<\/strong><\/p>\n<p>Sono stati evidenziati i vantaggi dell\u2019H-BIM in termini di <strong>precisione<\/strong>,\u00a0<strong>velocit\u00e0 di elaborazione<\/strong>, <strong>condivisione dei dati<\/strong>,\u00a0<strong>programmazione<\/strong>\u00a0degli interventi di manutenzione e restauro.<\/p>\n<p>Sono state presentate case history relative a progetti di digitalizzazione di edifici storici specificando i <strong>vantaggi di progettare e gestire il patrimonio storico in BIM<\/strong> dai punti di vista architettonico, strutturale, impiantistico, fino alla manutenzione e al restauro.<\/p>\n<p>Sono stati inoltre approfonditi i <strong>vari step della metodologia H-BIM<\/strong>:<\/p>\n<ul>\n<li>acquisizione delle informazioni storico-costruttive dell\u2019edificio;<\/li>\n<li>rilievo;<\/li>\n<li>modellazione;<\/li>\n<li>gestione delle informazioni;<\/li>\n<li>produzione elaborati grafici e tavole esecutive<\/li>\n<\/ul>\n<p>La digitalizzazione sta contaminando il settore delle costruzioni non solo attraverso strumenti software di progettazione ma anche altri strumenti, per esempio l\u2019uso dei <strong>satelliti per il controllo<\/strong>, \u00a0l\u2019integrazione con i <strong>sistemi lidar per il rilievo<\/strong>, i <strong>dispositivi smart<\/strong> per l\u2019attivit\u00e0 di cantiere. Durante SAIE LAB, abbiamo evidenziato le innovazioni digitali nello specifico campo del restauro che potranno essere realmente applicate e sviluppate.[\/vc_column_text][vc_column_text]<a class=\"btn btn-lg\" href=\"#programma\">Anteprima Programma<\/a>[\/vc_column_text][vc_separator color=&#8221;orange&#8221;][vc_column_text]<a class=\"btn btn-lg btn-primary\" href=\"https:\/\/www.saiebari.it\/it\/comunicati-stampa\/terza-tappa-saie-lab-historical-bim\/\">Leggi il comunicato stampa<\/a><\/p>\n<p><a class=\"btn btn-lg btn-primary\" href=\"\/public\/uploads\/sites\/13\/Rassegna-Stampa-SAIE-LAB-Padova-1.pdf\" target=\"_blank\" rel=\"noopener\">Guarda la rassegna stampa<\/a>[\/vc_column_text][vc_separator color=&#8221;orange&#8221;][vc_message message_box_color=&#8221;warning&#8221;]\n<h6><span style=\"color: #8a6d3b\"><strong>L&#8217;evento si svolger\u00e0 in presenza con ingresso gratuito, previo accredito e fino a riempimento sala.<br \/>\n<\/strong><\/span><span style=\"color: #8a6d3b\"><strong>Verranno riconosciuti 3 CFP dall\u2019Ordine degli Architetti di Padova<\/strong><\/span><\/h6>\n[\/vc_message][\/vc_column_inner][vc_column_inner el_class=&#8221;py-lg-2 px-lg-5 bg-darker&#8221; width=&#8221;1\/3&#8243;][vc_column_text]\n<h5 style=\"text-align: left\">Al via gli appuntamenti di SAIE LAB \u2013 Laboratori itineranti del saper fare, un ciclo di incontri tecnici che attraverseranno il territorio italiano fino alla prossima edizione di <strong>SAIE Bari \u2013 19\/21 ottobre 2023.<\/strong><\/h5>\n[\/vc_column_text][vc_separator color=&#8221;white&#8221;][vc_wp_custommenu nav_menu=&#8221;173&#8243;][vc_empty_space height=&#8221;60px&#8221;][\/vc_column_inner][\/vc_row_inner][\/vc_column][\/vc_row][vc_row][vc_column][vc_empty_space height=&#8221;60px&#8221;][vc_row_inner][vc_column_inner][vc_text_separator title=&#8221;Con il patrocinio di&#8221;][\/vc_column_inner][\/vc_row_inner][vc_row_inner][vc_column_inner width=&#8221;1\/5&#8243;][vc_single_image image=&#8221;10008&#8243; img_size=&#8221;&#8221; alignment=&#8221;center&#8221;][\/vc_column_inner][vc_column_inner width=&#8221;1\/5&#8243;][vc_single_image image=&#8221;10010&#8243; img_size=&#8221;&#8221; alignment=&#8221;center&#8221;][\/vc_column_inner][vc_column_inner width=&#8221;1\/5&#8243;][vc_single_image image=&#8221;10402&#8243; img_size=&#8221;&#8221; alignment=&#8221;center&#8221;][\/vc_column_inner][vc_column_inner width=&#8221;1\/5&#8243;][vc_single_image image=&#8221;10016&#8243; img_size=&#8221;&#8221; alignment=&#8221;center&#8221;][\/vc_column_inner][vc_column_inner width=&#8221;1\/5&#8243;][vc_single_image image=&#8221;10070&#8243; img_size=&#8221;&#8221; alignment=&#8221;center&#8221;][\/vc_column_inner][\/vc_row_inner][vc_row_inner][vc_column_inner width=&#8221;1\/5&#8243;][vc_single_image image=&#8221;10012&#8243; img_size=&#8221;&#8221; alignment=&#8221;center&#8221;][\/vc_column_inner][vc_column_inner width=&#8221;1\/5&#8243;][vc_single_image image=&#8221;10107&#8243; img_size=&#8221;&#8221; alignment=&#8221;center&#8221;][\/vc_column_inner][vc_column_inner width=&#8221;1\/5&#8243;][vc_single_image image=&#8221;10014&#8243; img_size=&#8221;&#8221; alignment=&#8221;center&#8221;][\/vc_column_inner][vc_column_inner width=&#8221;1\/5&#8243;][vc_single_image image=&#8221;10628&#8243; img_size=&#8221;&#8221; alignment=&#8221;center&#8221;][\/vc_column_inner][vc_column_inner width=&#8221;1\/5&#8243;][vc_single_image image=&#8221;10543&#8243; img_size=&#8221;&#8221; alignment=&#8221;center&#8221;][\/vc_column_inner][\/vc_row_inner][vc_row_inner][vc_column_inner width=&#8221;1\/5&#8243;][\/vc_column_inner][vc_column_inner width=&#8221;1\/5&#8243;][vc_single_image image=&#8221;10545&#8243; img_size=&#8221;&#8221; alignment=&#8221;center&#8221;][\/vc_column_inner][vc_column_inner width=&#8221;1\/5&#8243;][vc_single_image image=&#8221;10495&#8243; img_size=&#8221;&#8221; alignment=&#8221;center&#8221;][\/vc_column_inner][vc_column_inner width=&#8221;1\/5&#8243;][vc_single_image image=&#8221;10655&#8243; img_size=&#8221;&#8221; alignment=&#8221;center&#8221;][\/vc_column_inner][vc_column_inner width=&#8221;1\/5&#8243;][\/vc_column_inner][\/vc_row_inner][vc_row_inner][vc_column_inner][vc_text_separator title=&#8221;Con il patrocinio del Comune di Padova&#8221;][\/vc_column_inner][\/vc_row_inner][vc_row_inner][vc_column_inner width=&#8221;1\/3&#8243;][\/vc_column_inner][vc_column_inner width=&#8221;1\/3&#8243;][vc_single_image image=&#8221;10320&#8243; img_size=&#8221;&#8221; alignment=&#8221;center&#8221;][\/vc_column_inner][vc_column_inner width=&#8221;1\/3&#8243;][\/vc_column_inner][\/vc_row_inner][vc_empty_space][vc_row_inner][vc_column_inner][vc_text_separator title=&#8221;Main Sponsor&#8221;][\/vc_column_inner][\/vc_row_inner][vc_row_inner][vc_column_inner width=&#8221;1\/4&#8243;][vc_single_image image=&#8221;10331&#8243; img_size=&#8221;&#8221; alignment=&#8221;right&#8221;][\/vc_column_inner][vc_column_inner width=&#8221;1\/4&#8243;][vc_single_image image=&#8221;10328&#8243; img_size=&#8221;&#8221; alignment=&#8221;center&#8221;][\/vc_column_inner][vc_column_inner width=&#8221;1\/4&#8243;][vc_single_image image=&#8221;10325&#8243; img_size=&#8221;&#8221; alignment=&#8221;center&#8221;][\/vc_column_inner][vc_column_inner width=&#8221;1\/4&#8243;][vc_single_image image=&#8221;10239&#8243; img_size=&#8221;&#8221;][\/vc_column_inner][\/vc_row_inner][vc_empty_space height=&#8221;60px&#8221;][vc_row_inner][vc_column_inner][vc_text_separator title=&#8221;Event Sponsor&#8221;][\/vc_column_inner][\/vc_row_inner][vc_row_inner][vc_column_inner width=&#8221;1\/5&#8243;][\/vc_column_inner][vc_column_inner width=&#8221;1\/5&#8243;][vc_single_image image=&#8221;10246&#8243; img_size=&#8221;&#8221; alignment=&#8221;center&#8221;][\/vc_column_inner][vc_column_inner width=&#8221;1\/5&#8243;][vc_single_image image=&#8221;10446&#8243; img_size=&#8221;&#8221; alignment=&#8221;center&#8221;][\/vc_column_inner][vc_column_inner width=&#8221;1\/5&#8243;][vc_single_image image=&#8221;10452&#8243; img_size=&#8221;&#8221; alignment=&#8221;center&#8221;][\/vc_column_inner][vc_column_inner width=&#8221;1\/5&#8243;][\/vc_column_inner][\/vc_row_inner][vc_empty_space height=&#8221;60px&#8221;][\/vc_column][\/vc_row][vc_row equal_height=&#8221;yes&#8221; el_id=&#8221;programma&#8221;][vc_column][vc_row_inner equal_height=&#8221;yes&#8221; content_placement=&#8221;top&#8221;][vc_column_inner el_class=&#8221;py-lg-2 px-lg-5 bg-gray&#8221; width=&#8221;2\/3&#8243;][vc_column_text]\n<h3 style=\"text-align: left\">Programma SAIE LAB &#8211; Historical BIM<\/h3>\n<p><strong>Villa Ottoboni, Padova<\/strong>[\/vc_column_text][vc_column_text]<span style=\"font-size: 14px\">9:00<\/span><\/p>\n<h6><em><strong>Registrazione partecipanti<\/strong><\/em><\/h6>\n[\/vc_column_text][vc_separator color=&#8221;white&#8221;][vc_column_text]Modera: <strong>Andrea Dari<\/strong>, Direttore Ingenio<\/p>\n<p><span style=\"font-size: 14px\">9:30<\/span><\/p>\n<h6><em><strong>Saluti istituzionali<\/strong><\/em><\/h6>\n<h6><strong>Margherita Cera<\/strong>, Assessore ai servizi informatici e telematici del Comune di Padova<\/h6>\n<h6><strong>Giorgio Galeazzo<\/strong>, Vicepresidente dell\u2019Ordine degli Architetti Padova<\/h6>\n<h6><strong>Riccardo Schvarcz<\/strong>, Presidente Ordine degli Ingegneri di Padova<\/h6>\n<h6><strong>Carlo Pellegrino<\/strong>, Prorettore all\u2019Edilizia dell\u2019Universit\u00e0 di Padova<\/h6>\n<h6><strong>Nicola Rossi<\/strong>, Presidente Padova Hall<\/h6>\n<h6><strong>Adriano Castagnone<\/strong>, Presidente ASSOBIM<\/h6>\n<h6><strong>Matteo Corazza<\/strong>, ANCE Veneto<\/h6>\n<h6><strong>Stefano Lappa,<\/strong> Coordinatore OICE Veneto<\/h6>\n<h6><strong>Tommaso Sironi<\/strong>, Project Manager SAIE<\/h6>\n[\/vc_column_text][vc_separator color=&#8221;white&#8221;][vc_column_text]\n<h6><span style=\"font-size: 14px\">10:00 \u2013 10:15<\/span><br \/>\n<em><strong>Presentazione Dati Osservatorio SAIE relativi al territorio<\/strong><\/em><\/h6>\n<h6>A cura di <strong>Andrea Nava<\/strong>, Research Manager, GRS Research &amp; Strategy<\/h6>\n[\/vc_column_text][vc_separator color=&#8221;white&#8221;][vc_column_text]\n<h6><em><strong>Introduzione al tema Historical BIM: Interventi tecnici e Case History<\/strong><\/em><\/h6>\n<p>Moderano: <strong>Andrea Dari<\/strong> e <strong>Carlo Zanchetta<\/strong><\/p>\n<p><span style=\"font-size: 14px\">10:15 \u2013 10:30<\/span><\/p>\n<p><em><strong>L&#8217;HBIM, la servitizzazione digitale nell&#8217;ambito dei beni culturali immobiliari e la finanza sostenibile<\/strong><\/em><\/p>\n<p><strong>Angelo Ciribini<\/strong>, Professore Ordinario di Produzione Edilizia presso l&#8217;Universit\u00e0 degli Studi di Brescia<\/p>\n<p>&nbsp;<\/p>\n<p><span style=\"font-size: 14px\">10:30 \u2013 10:55<\/span><\/p>\n<p><em><strong>Esempi di Progetti, <\/strong><strong>realizzazioni e soluzioni digitali<\/strong><\/em><\/p>\n<p><strong>Marcello Balzani<\/strong>, Presidente Associazione Clust-ER Edilizia e Costruzioni<\/p>\n<p>&nbsp;<\/p>\n<p><span style=\"font-size: 14px\">10:55 \u2013 11:10<\/span><\/p>\n<p><em><strong>Vulnerabilit\u00e0 sismica e degrado nella modellazione informativa dei beni culturali<\/strong><\/em><\/p>\n<p><strong>Maria Rosa Valluzzi<\/strong>, Universit\u00e0 degli Studi di Padova, Dipartimento dei Beni Culturali<\/p>\n<p><strong>Luca Sbrogi\u00f2<\/strong>, Universit\u00e0 degli Studi di Padova, Dipartimento dei Beni Culturali<\/p>\n<p>&nbsp;<\/p>\n<p><span style=\"font-size: 14px\">11:10 \u2013 11:35<\/span><\/p>\n<p><em><strong>Sistemi informativi openBIM per la gestione dei patrimoni immobiliari pubblici: il progetto UniONE<\/strong><\/em><\/p>\n<p><strong>Carlo Pellegrino<\/strong>, Prorettore all\u2019Edilizia dell\u2019Universit\u00e0 di Padova<\/p>\n<p><strong>Carlo Zanchetta<\/strong>, Universit\u00e0 degli Studi di Padova, Dipartimento di Ingegneria Civile, Edile e Ambientale<\/p>\n<p>&nbsp;<\/p>\n<p>&nbsp;<\/p>\n<p><span style=\"font-size: 14px\">11:35 \u2013 12:00<\/span><\/p>\n<p><em><strong>Digitalizzazione delle indagini storiche e strutturali del complesso di Santa Giustina a Padova<\/strong><\/em><\/p>\n<p><strong>Gianmario Guidarelli<\/strong>, Universit\u00e0 degli Studi di Padova<\/p>\n<p><strong>Stefano Zaggia<\/strong>, Universit\u00e0 degli Studi di Padova[\/vc_column_text][vc_separator color=&#8221;white&#8221;][vc_column_text]<span style=\"font-size: 14px\">12:00 \u2013 13:00<\/span><\/p>\n<p>Modera: <strong>Andrea Dari<\/strong><\/p>\n<p>&nbsp;<\/p>\n<h6><strong>Tavola rotonda<\/strong><\/h6>\n<p><em>Panel Talk con il coinvolgimento di esperti e delle aziende sponsor<\/em><\/p>\n<p><strong>Marco Mari<\/strong>, Presidente Green Building Council Italia<\/p>\n<p>Riccardo Perego, <strong>One Team<\/strong><br \/>\nMaurizio Meazzi, <strong>Man and Machine Software (MuM)<\/strong><br \/>\nLuca Moscardi, <strong>Namirial<\/strong><br \/>\nGiulio Campiello, <strong>G&amp;P Intech<\/strong><br \/>\nEdoardo Accettulli, <strong>Anafyo<\/strong><br \/>\nViola Albino, <strong>Agenzia Del Demanio<\/strong><br \/>\nSalvo Sicurella, <strong>Graphisoft<\/strong>[\/vc_column_text][vc_separator color=&#8221;white&#8221;][vc_column_text]<span style=\"font-size: 14px\">13:00<\/span><\/p>\n<h6><strong>Fine dei lavori e aperitivo di networking<\/strong><\/h6>\n[\/vc_column_text][vc_separator color=&#8221;orange&#8221;][vc_column_text]<a class=\"btn btn-lg btn-primary\" href=\"https:\/\/www.saiebari.it\/it\/comunicati-stampa\/terza-tappa-saie-lab-historical-bim\/\">Leggi il comunicato stampa<\/a><\/p>\n<p><a class=\"btn btn-lg btn-primary\" href=\"\/public\/uploads\/sites\/13\/Rassegna-Stampa-SAIE-LAB-Padova-1.pdf\" target=\"_blank\" rel=\"noopener\">Guarda la rassegna stampa<\/a>[\/vc_column_text][vc_separator color=&#8221;orange&#8221;][\/vc_column_inner][vc_column_inner el_class=&#8221;col-img&#8221; width=&#8221;1\/3&#8243; css=&#8221;.vc_custom_1678459252132{background-image: url(\/public\/uploads\/sites\/13\/bozza_copertina_3.jpg?id=9542) !important;background-position: center !important;background-repeat: no-repeat !important;background-size: cover !important;}&#8221;][\/vc_column_inner][\/vc_row_inner][\/vc_column][\/vc_row][vc_row][vc_column][vc_empty_space height=&#8221;64px&#8221;][vc_masonry_media_grid style=&#8221;lazy&#8221; items_per_page=&#8221;5&#8243; element_width=&#8221;3&#8243; gap=&#8221;3&#8243; item=&#8221;masonryMedia_BorderedScale&#8221; grid_id=&#8221;vc_gid:1684857539050-48a6e209-ad4e-8&#8243; include=&#8221;10908,10910,10912,10914&#8243;][\/vc_column][\/vc_row][vc_row][vc_column][vc_row_inner][vc_column_inner][vc_empty_space][\/vc_column_inner][\/vc_row_inner][vc_separator][\/vc_column][\/vc_row][vc_row][vc_column width=&#8221;1\/2&#8243; el_class=&#8221;py-lg-2 px-lg-5&#8243;][vc_single_image image=&#8221;10650&#8243; img_size=&#8221;&#8221; alignment=&#8221;center&#8221; style=&#8221;vc_box_shadow_border_circle_2&#8243;][vc_column_text]\n<p style=\"text-align: center\"><strong>Salvo Sicurella,<br \/>\n<\/strong>Manager IT &amp; Tech Support Engineer &#8211; Graphisoft<\/p>\n[\/vc_column_text][vc_column_text]\n<blockquote><p><em>&#8220;Siamo convinti che in Italia sia fondamentale una connessione viscerale con il territorio e le sue specificit\u00e0, cos\u00ec profondamente caratterizzate. Le necessit\u00e0 dei professionisti del settore AEC variano in base al sito di intervento e di costruzione, ed \u00e8 importante non solo coglierle ma anche saper dare pronta risposta.<br \/>\nIl futuro della progettazione architettonica risiede nel digital twin, che ci permette di creare i modelli digitali della nostra eredit\u00e0 culturale e ci consente di gestirli, di manutenerli e di farli conoscere nel modo pi\u00f9 corretto possibile. Attraverso questo modello digitale possiamo accedere a tutte quante le informazioni del modello reale, ed abbiamo quindi la possibilit\u00e0 di gestirlo e di vederlo in modo diverso per quelle che sono le sue potenzialit\u00e0 anche in un\u2019ottica di interventi futuri.&#8221;<\/em><\/p><\/blockquote>\n[\/vc_column_text][vc_btn title=&#8221;Leggi l&#8217;intervista completa \u00bb&#8221; color=&#8221;warning&#8221; align=&#8221;center&#8221; link=&#8221;url:https%3A%2F%2Fwww.saiebari.it%2Fit%2Fsaie-lab%2Fgraphisoft-salvo-sicurella-padova%2F|target:_blank&#8221;][\/vc_column][vc_column width=&#8221;1\/2&#8243; el_class=&#8221;py-lg-2 px-lg-5&#8243;][vc_single_image image=&#8221;10426&#8243; img_size=&#8221;&#8221; alignment=&#8221;center&#8221; style=&#8221;vc_box_shadow_border_circle_2&#8243;][vc_column_text]\n<p style=\"text-align: center\"><strong>Riccardo Perego,<br \/>\n<\/strong>CEO &#8211; One Team Srl<\/p>\n[\/vc_column_text][vc_column_text]\n<blockquote><p><em>&#8220;Parlare di BIM applicato ad edifici storici \u00e8 gi\u00e0 un\u2019innovazione di per s\u00e9. Abbiamo maturato esperienze specifiche seguendo progetti di ricerca sul digital twin di edifici esistenti. L\u2019approccio con il digital twin permette di monitorare questi edifici nel prosieguo della loro vita: non \u00e8 solo una fotografia, ma si studia anche quello che sar\u00e0 nei prossimi anni, ottimizzando il benessere degli abitanti e i consumi energetici. Sviluppiamo strumenti GIS e parliamo sempre pi\u00f9 sistematicamente dell\u2019integrazione fra BIM e GIS. Tutta la filiera si sta infatti avviando verso questa realt\u00e0, che si affermer\u00e0 come uno standard universalmente condiviso nella Pubblica Amministrazione.&#8221;<\/em><\/p><\/blockquote>\n[\/vc_column_text][vc_btn title=&#8221;Leggi l&#8217;intervista completa \u00bb&#8221; color=&#8221;warning&#8221; align=&#8221;center&#8221; link=&#8221;url:https%3A%2F%2Fwww.saiebari.it%2Fit%2Fsaie-lab%2Friccardo-perego-padova%2F|target:_blank&#8221;][\/vc_column][\/vc_row][vc_row][vc_column][vc_row_inner][vc_column_inner][vc_separator][vc_column_text]\n<h6 style=\"text-align: center\"><a href=\"https:\/\/www.saiebari.it\/it\/lab\/\"><strong>Per scoprire maggiori informazioni sul progetto SAIE LAB, clicca qui \u00bb<\/strong><\/a><\/h6>\n[\/vc_column_text][vc_separator][\/vc_column_inner][\/vc_row_inner][\/vc_column][\/vc_row]\n","protected":false},"excerpt":{"rendered":"<p>[vc_row equal_height=&#8221;yes&#8221;][vc_column css=&#8221;.vc_custom_1678463180475{background-image: url(\/public\/uploads\/sites\/13\/HistoricalBIM.png?id=9559) !important;background-position: center !important;background-repeat: no-repeat !important;background-size: cover !important;}&#8221;][vc_empty_space][vc_column_text] SAIE LAB &#8211; Historical BIM Villa Ottoboni, Padova 16 Maggio 2023 \u2013 ore 9.00 [\/vc_column_text][vc_empty_space][\/vc_column][\/vc_row][vc_row equal_height=&#8221;yes&#8221;][vc_column][vc_row_inner equal_height=&#8221;yes&#8221; content_placement=&#8221;middle&#8221;][vc_column_inner el_class=&#8221;py-lg-2 px-lg-5 text-left&#8221; width=&#8221;2\/3&#8243;][vc_column_text el_class=&#8221;my-1&#8243;] Ad ospitare la terza tappa dei SAIE LAB \u00e8 stata la citt\u00e0 di Padova, con un focus dedicato al tema dell\u2019Historical [&hellip;]<\/p>\n","protected":false},"author":19,"featured_media":0,"parent":8733,"menu_order":3,"comment_status":"closed","ping_status":"closed","template":"page-landing-noheader.php","meta":[],"acf":[],"aioseo_notices":[],"_links":{"self":[{"href":"https:\/\/www.saiebari.it\/it\/wp-json\/wp\/v2\/pages\/9531"}],"collection":[{"href":"https:\/\/www.saiebari.it\/it\/wp-json\/wp\/v2\/pages"}],"about":[{"href":"https:\/\/www.saiebari.it\/it\/wp-json\/wp\/v2\/types\/page"}],"author":[{"embeddable":true,"href":"https:\/\/www.saiebari.it\/it\/wp-json\/wp\/v2\/users\/19"}],"replies":[{"embeddable":true,"href":"https:\/\/www.saiebari.it\/it\/wp-json\/wp\/v2\/comments?post=9531"}],"version-history":[{"count":3,"href":"https:\/\/www.saiebari.it\/it\/wp-json\/wp\/v2\/pages\/9531\/revisions"}],"predecessor-version":[{"id":10947,"href":"https:\/\/www.saiebari.it\/it\/wp-json\/wp\/v2\/pages\/9531\/revisions\/10947"}],"up":[{"embeddable":true,"href":"https:\/\/www.saiebari.it\/it\/wp-json\/wp\/v2\/pages\/8733"}],"wp:attachment":[{"href":"https:\/\/www.saiebari.it\/it\/wp-json\/wp\/v2\/media?parent=9531"}],"curies":[{"name":"wp","href":"https:\/\/api.w.org\/{rel}","templated":true}]}}