{"id":9739,"date":"2023-03-20T14:39:56","date_gmt":"2023-03-20T14:39:56","guid":{"rendered":"https:\/\/www.saiebari.it\/?page_id=9739"},"modified":"2025-10-28T14:43:17","modified_gmt":"2025-10-28T14:43:17","slug":"piazza-digitalizzazione-assobim","status":"publish","type":"page","link":"https:\/\/www.saiebari.it\/it\/piazza-digitalizzazione-assobim\/","title":{"rendered":"Piazza Digitalizzazione Assobim"},"content":{"rendered":"[vc_row equal_height=&#8221;yes&#8221; el_class=&#8221;my-1&#8243;][vc_column][vc_row_inner equal_height=&#8221;yes&#8221; content_placement=&#8221;top&#8221;][vc_column_inner el_class=&#8221;py-lg-2 px-lg-5&#8243; width=&#8221;2\/3&#8243;][vc_column_text]\n<h2><strong>Il \u201cVillaggio della Digitalizzazione by ASSOBIM\u201d<\/strong><\/h2>\n[\/vc_column_text][vc_column_text]Il <strong>Villaggio della Digitalizzazione by ASSOBIM<\/strong> \u00e8 un&#8217;iniziativa integrata dedicata all&#8217;intero sistema delle costruzioni, concepita per esplorare in profondit\u00e0 i temi della <strong>digitalizzazione della filiera e del Building Information Modeling (BIM) in relazione alla gestione dei progetti e alla cantierizzazione delle opere<\/strong>. All&#8217;interno del Villaggio, la <strong>Piazza<\/strong> ha fatto da hub per i workshop ASSOBIM, incontri disciplinari progettati per promuovere la cultura del BIM e la trasformazione digitale nel settore delle costruzioni. La Piazza \u00e8 stata il fulcro attorno al quale le iniziative dei partner hanno animato il \u201cVillaggio della Digitalizzazione by ASSOBIM\u201d.<\/p>\n<p>Il programma di workshop ha affrontato le tematiche del BIM attraverso una variet\u00e0 di casi disciplinari, offrendo ai visitatori <strong>un&#8217;ampia gamma di argomenti<\/strong>, adatta sia a chi si avvicina per la prima volta al tema, sia a coloro che cercano approfondimenti professionali di maggiore complessit\u00e0.[\/vc_column_text][vc_column_text]<a class=\"btn btn-lg my-0\" href=\"#programma\" target=\"_blank\" rel=\"noopener\">Programma<\/a>[\/vc_column_text][\/vc_column_inner][vc_column_inner el_class=&#8221;p-1 p-sm-3 p-lg-4 bg-darker&#8221; width=&#8221;1\/3&#8243; offset=&#8221;vc_hidden-xs&#8221;][vc_wp_custommenu nav_menu=&#8221;12&#8243;][\/vc_column_inner][\/vc_row_inner][\/vc_column][\/vc_row][vc_row equal_height=&#8221;yes&#8221; content_placement=&#8221;middle&#8221; el_class=&#8221;py-lg-2 px-lg-5 bg-gray&#8221;][vc_column][vc_row_inner equal_height=&#8221;yes&#8221; content_placement=&#8221;top&#8221;][vc_column_inner el_class=&#8221;py-lg-2 px-lg-5&#8243;][vc_empty_space][vc_column_text css_animation=&#8221;fadeIn&#8221;]\n<p style=\"text-align: center\"><em>\u201cIn fiera, ASSOBIM sar\u00e0 presente con un\u2019area espositiva interamente dedicata alla digitalizzazione e al BIM. Questo spazio, che vedr\u00e0 la partecipazione di aziende coordinate dalla nostra associazione, sar\u00e0 il cuore pulsante delle nostre attivit\u00e0 e rappresenter\u00e0 il punto di riferimento per tutti coloro che desiderano <strong>approfondire le potenzialit\u00e0 offerte dal BIM e dalla digitalizzazione<\/strong>. <\/em><\/p>\n<p style=\"text-align: center\"><em>Ospiteremo workshop, incontri disciplinari e approfondimenti tecnici, con l\u2019obiettivo di <strong>promuovere la cultura della trasformazione digitale nella filiera delle costruzioni<\/strong>. Le iniziative promosse da ASSOBIM intendono <strong>offrire ai professionisti in visita strumenti concreti per migliorare la propria operativit\u00e0 e restare competitivi in un mercato in continua evoluzione<\/strong>. La digitalizzazione e il BIM rappresentano non solo, ormai, un obbligo normativo, ma anche un\u2019opportunit\u00e0 di crescita per tutti gli operatori del settore\u201d. <strong><a href=\"https:\/\/www.saiebari.it\/it\/news\/intervista-assobim-saie-bari-2025\/\">Leggi l&#8217;intervista completa \u00bb<\/a><\/strong><\/em><\/p>\n<h5 style=\"text-align: center\">Adriano Castagnone, Presidente ASSOBIM<\/h5>\n[\/vc_column_text][\/vc_column_inner][\/vc_row_inner][\/vc_column][\/vc_row][vc_row el_class=&#8221;my-1 bg-gray&#8221; el_id=&#8221;programma&#8221;][vc_column][vc_empty_space height=&#8221;15px&#8221;][vc_column_text]\n<h3 style=\"text-align: center\"><strong>Programma Workshop 2025<\/strong><\/h3>\n<p style=\"text-align: center\"><a class=\"btn btn-lg btn-primary my-0\" href=\"https:\/\/www.saiebari.it\/public\/uploads\/sites\/13\/Programma_ASSOBIM_agg1710.pdf\" target=\"_blank\" rel=\"noopener\">Scopri il programma completo \u00bb<\/a><\/p>\n[\/vc_column_text][vc_empty_space height=&#8221;15px&#8221;][\/vc_column][\/vc_row][vc_row el_class=&#8221;py-lg-2 px-lg-5 my-1&#8243;][vc_column][vc_row_inner][vc_column_inner width=&#8221;1\/4&#8243;][\/vc_column_inner][vc_column_inner width=&#8221;1\/2&#8243;][vc_column_text]\n<div class=\"wpb_text_column wpb_content_element \">\n<div class=\"wpb_wrapper\">\n<p style=\"text-align: center\"><em>In collaborazione con\u00a0<\/em><\/p>\n<\/div>\n<\/div>\n[\/vc_column_text][vc_single_image image=&#8221;9533&#8243; img_size=&#8221;medium&#8221; alignment=&#8221;center&#8221;][\/vc_column_inner][vc_column_inner width=&#8221;1\/4&#8243;][\/vc_column_inner][\/vc_row_inner][\/vc_column][\/vc_row][vc_row el_class=&#8221;py-lg-2 px-lg-5&#8243;][vc_column][vc_column_text]\n<h3 style=\"text-align: center\"><b>Le aziende che hanno partecipato alla Piazza Digitalizzazione Assobim<\/b><\/h3>\n[\/vc_column_text][vc_row_inner content_placement=&#8221;middle&#8221;][vc_column_inner width=&#8221;1\/5&#8243;][vc_single_image image=&#8221;22958&#8243; img_size=&#8221;250x&#8221; alignment=&#8221;center&#8221;][\/vc_column_inner][vc_column_inner width=&#8221;1\/5&#8243;][vc_single_image image=&#8221;22473&#8243; img_size=&#8221;250x&#8221; alignment=&#8221;center&#8221;][\/vc_column_inner][vc_column_inner width=&#8221;1\/5&#8243;][vc_single_image image=&#8221;22475&#8243; img_size=&#8221;250x&#8221; alignment=&#8221;center&#8221;][\/vc_column_inner][vc_column_inner width=&#8221;1\/5&#8243;][vc_single_image image=&#8221;22960&#8243; img_size=&#8221;250x&#8221; alignment=&#8221;center&#8221;][\/vc_column_inner][vc_column_inner width=&#8221;1\/5&#8243;][vc_single_image image=&#8221;22477&#8243; img_size=&#8221;250x&#8221; alignment=&#8221;center&#8221;][\/vc_column_inner][\/vc_row_inner][vc_row_inner content_placement=&#8221;middle&#8221;][vc_column_inner width=&#8221;1\/6&#8243;][\/vc_column_inner][vc_column_inner width=&#8221;1\/6&#8243;][vc_single_image image=&#8221;15170&#8243; img_size=&#8221;&#8221; alignment=&#8221;center&#8221;][\/vc_column_inner][vc_column_inner width=&#8221;1\/6&#8243;][vc_single_image image=&#8221;15174&#8243; img_size=&#8221;&#8221; alignment=&#8221;center&#8221;][\/vc_column_inner][vc_column_inner width=&#8221;1\/6&#8243;][vc_single_image image=&#8221;15180&#8243; img_size=&#8221;&#8221; alignment=&#8221;center&#8221;][\/vc_column_inner][vc_column_inner width=&#8221;1\/6&#8243;][vc_single_image image=&#8221;23231&#8243; img_size=&#8221;&#8221; alignment=&#8221;center&#8221;][\/vc_column_inner][vc_column_inner width=&#8221;1\/6&#8243;][\/vc_column_inner][\/vc_row_inner][vc_empty_space][\/vc_column][\/vc_row][vc_row][vc_column el_class=&#8221;my-1 bg-gray&#8221;][vc_row_inner][vc_column_inner][vc_empty_space][vc_column_text]\n<h3 style=\"text-align: center\">Scopri la lista delle aziende presenti a SAIE Bari 2025<\/h3>\n<p style=\"text-align: center\"><a class=\"btn btn-lg btn-primary my-1\" href=\"https:\/\/espositori.saiebari.it\/portale\/it\/espositori\" target=\"_blank\" rel=\"noopener\">Elenco Espositori<\/a><\/p>\n[\/vc_column_text][vc_empty_space][\/vc_column_inner][\/vc_row_inner][\/vc_column][\/vc_row]\n","protected":false},"excerpt":{"rendered":"<p>[vc_row equal_height=&#8221;yes&#8221; el_class=&#8221;my-1&#8243;][vc_column][vc_row_inner equal_height=&#8221;yes&#8221; content_placement=&#8221;top&#8221;][vc_column_inner el_class=&#8221;py-lg-2 px-lg-5&#8243; width=&#8221;2\/3&#8243;][vc_column_text] Il \u201cVillaggio della Digitalizzazione by ASSOBIM\u201d [\/vc_column_text][vc_column_text]Il Villaggio della Digitalizzazione by ASSOBIM \u00e8 un&#8217;iniziativa integrata dedicata all&#8217;intero sistema delle costruzioni, concepita per esplorare in profondit\u00e0 i temi della digitalizzazione della filiera e del Building Information Modeling (BIM) in relazione alla gestione dei progetti e alla cantierizzazione delle [&hellip;]<\/p>\n","protected":false},"author":19,"featured_media":16901,"parent":0,"menu_order":0,"comment_status":"closed","ping_status":"closed","template":"","meta":[],"acf":[],"aioseo_notices":[],"_links":{"self":[{"href":"https:\/\/www.saiebari.it\/it\/wp-json\/wp\/v2\/pages\/9739"}],"collection":[{"href":"https:\/\/www.saiebari.it\/it\/wp-json\/wp\/v2\/pages"}],"about":[{"href":"https:\/\/www.saiebari.it\/it\/wp-json\/wp\/v2\/types\/page"}],"author":[{"embeddable":true,"href":"https:\/\/www.saiebari.it\/it\/wp-json\/wp\/v2\/users\/19"}],"replies":[{"embeddable":true,"href":"https:\/\/www.saiebari.it\/it\/wp-json\/wp\/v2\/comments?post=9739"}],"version-history":[{"count":4,"href":"https:\/\/www.saiebari.it\/it\/wp-json\/wp\/v2\/pages\/9739\/revisions"}],"predecessor-version":[{"id":23722,"href":"https:\/\/www.saiebari.it\/it\/wp-json\/wp\/v2\/pages\/9739\/revisions\/23722"}],"wp:featuredmedia":[{"embeddable":true,"href":"https:\/\/www.saiebari.it\/it\/wp-json\/wp\/v2\/media\/16901"}],"wp:attachment":[{"href":"https:\/\/www.saiebari.it\/it\/wp-json\/wp\/v2\/media?parent=9739"}],"curies":[{"name":"wp","href":"https:\/\/api.w.org\/{rel}","templated":true}]}}